{"id":102,"date":"2013-09-09T22:24:03","date_gmt":"2013-09-09T21:24:03","guid":{"rendered":"http:\/\/www.hoehle.at\/wordpress\/?page_id=102"},"modified":"2016-03-31T19:41:44","modified_gmt":"2016-03-31T18:41:44","slug":"warnung-entlastung-copyright","status":"publish","type":"page","link":"http:\/\/www.hoehle.at\/wordpress\/verein\/warnung-entlastung-copyright\/","title":{"rendered":"Warnung, Entlastung, Copyright"},"content":{"rendered":"<p style=\"text-align: justify;\">Viele der beschriebenen H\u00f6hlen liegen im Naturschutzgebiet und ihr Besuch bedarf einer beh\u00f6rdlichen Genehmigung.<\/p>\n<p style=\"text-align: justify;\">Der Besuch von H\u00f6hlen kann gef\u00e4hrlich sein. Bitte verhalten Sie sich im Punkt Sicherheit in allen H\u00f6hlen so, als ob Sie der Erstbegeher sind. Der Verein f\u00fcr H\u00f6hlenkunde in Obersteier (VHO) \u00fcbernimmt keine Wartung oder Pr\u00fcfung der gesetzten Felsanker und evtl. noch in der H\u00f6hle befindlichen Seile au\u00dfer w\u00e4hrend der eigenen Forschungen, aber auch dann kann keine Garantie der Sicherheit der Seile \u00fcbernommen werden.\u00a0 Der Verein f\u00fcr H\u00f6hlenkunde in Obersteier \u00fcbernimmt daher keine Verantwortung f\u00fcr evtl. auftretende Unf\u00e4lle von Dritten in den hier beschriebenen H\u00f6hlen.<\/p>\n<p style=\"text-align: justify;\">Wenn Sie das Risiko einer eigenverantwortlichen H\u00f6hlenbefahrung nicht eingehen k\u00f6nnen, sollten Sie keine der hier beschriebenen H\u00f6hlen aufsuchen.<\/p>\n<p style=\"text-align: justify;\">Die hier aufbereiteten Informationen stammen aus verschiedenen Quellen. Auch wenn darauf geachtet wird, dass genau gearbeitet wird, \u00fcbernehmen weder der Verein f\u00fcr H\u00f6hlenkunde in Obersteier, noch die Autoren der Artikel Verantwortung daf\u00fcr, dass die Angaben korrekt sind. F\u00fcr Unf\u00e4lle und andere Ereignisse, die auf falsche Angaben zur\u00fcckzuf\u00fchren sind wird keine Haftung \u00fcbernommen. Wir w\u00fcrden es begr\u00fc\u00dfen auf Fehler aufmerksam gemacht zu werden.<\/p>\n<p style=\"text-align: justify;\">Die in den Einzelartikeln wiedergegebenen Informationen spiegeln nicht automatisch die offizielle Meinung des Vereins f\u00fcr H\u00f6hlenkunde in Obersteier wider, sondern sind die Ansichten der jeweiligen Autoren.<\/p>\n<p style=\"text-align: justify;\">Alle Informationen auf dieser Webseite unterliegen den Copyright Bestimmungen, jedoch wird bei Anfragen in vielen F\u00e4llen eine Reproduktion des Inhalts gew\u00e4hrt werden.<\/p>\n","protected":false},"excerpt":{"rendered":"<p>Viele der beschriebenen H\u00f6hlen liegen im Naturschutzgebiet und ihr Besuch bedarf einer beh\u00f6rdlichen Genehmigung. Der Besuch von H\u00f6hlen kann gef\u00e4hrlich sein. Bitte verhalten Sie sich im Punkt Sicherheit in allen H\u00f6hlen so, als ob Sie der Erstbegeher sind. Der Verein &hellip; <a href=\"http:\/\/www.hoehle.at\/wordpress\/verein\/warnung-entlastung-copyright\/\">Weiterlesen <span class=\"meta-nav\">&rarr;<\/span><\/a><\/p>\n","protected":false},"author":2,"featured_media":0,"parent":23,"menu_order":1,"comment_status":"closed","ping_status":"closed","template":"","meta":{"footnotes":""},"_links":{"self":[{"href":"http:\/\/www.hoehle.at\/wordpress\/wp-json\/wp\/v2\/pages\/102"}],"collection":[{"href":"http:\/\/www.hoehle.at\/wordpress\/wp-json\/wp\/v2\/pages"}],"about":[{"href":"http:\/\/www.hoehle.at\/wordpress\/wp-json\/wp\/v2\/types\/page"}],"author":[{"embeddable":true,"href":"http:\/\/www.hoehle.at\/wordpress\/wp-json\/wp\/v2\/users\/2"}],"replies":[{"embeddable":true,"href":"http:\/\/www.hoehle.at\/wordpress\/wp-json\/wp\/v2\/comments?post=102"}],"version-history":[{"count":5,"href":"http:\/\/www.hoehle.at\/wordpress\/wp-json\/wp\/v2\/pages\/102\/revisions"}],"predecessor-version":[{"id":1213,"href":"http:\/\/www.hoehle.at\/wordpress\/wp-json\/wp\/v2\/pages\/102\/revisions\/1213"}],"up":[{"embeddable":true,"href":"http:\/\/www.hoehle.at\/wordpress\/wp-json\/wp\/v2\/pages\/23"}],"wp:attachment":[{"href":"http:\/\/www.hoehle.at\/wordpress\/wp-json\/wp\/v2\/media?parent=102"}],"curies":[{"name":"wp","href":"https:\/\/api.w.org\/{rel}","templated":true}]}}