{"id":106,"date":"2013-09-09T22:28:29","date_gmt":"2013-09-09T21:28:29","guid":{"rendered":"http:\/\/www.hoehle.at\/wordpress\/?page_id=106"},"modified":"2025-11-10T21:13:44","modified_gmt":"2025-11-10T20:13:44","slug":"die-langsten-und-tiefsten-hohlen-des-toten-gebirges-und-des-dachsteins-steirischer-teil","status":"publish","type":"page","link":"http:\/\/www.hoehle.at\/wordpress\/gebiet\/die-langsten-und-tiefsten-hohlen-des-toten-gebirges-und-des-dachsteins-steirischer-teil\/","title":{"rendered":"Die l\u00e4ngsten und tiefsten H\u00f6hlen des Toten Gebirges und des Dachsteins (steirischer Teil)"},"content":{"rendered":"<p style=\"text-align: justify;\">Diese Listen wurde unter dem Namen &#8222;Die l\u00e4ngsten und tiefsten H\u00f6hlen des Steirischen Salzkammergutes&#8220; bereits seit vielen Jahren in unserem Verein gef\u00fchrt. Lange Zeit aktualisierte und betreute sie unser ehemaliger Katasterwart und Ehrenmitglied Alfred AUER. Nat\u00fcrlich konnte diese nur im Rahmen der Mitteilungshefte ver\u00f6ffentlicht werden.<br \/>\nSeit bereits \u00fcber 30 Jahren wird der Inhalt von Robert Seebacher aktualisiert. Im Jahr 2004 wurde die Liste auf den gesamten steirischen Teil des Toten Gebirges, bzw. des Dachsteines erweitert. Sie beinhaltet alle H\u00f6hlen im steirischen Bereich des Toten Gebirges und des steirischen Dachsteins mit einer Gesamtl\u00e4nge von mindestens 2000 m und einer Tiefe ab 200 m. Die mit Farbe markierten H\u00f6hlen wurden fast ausschlie\u00dflich von Mitgliedern des Vereines f\u00fcr H\u00f6hlenkunde in Obersteier erforscht und vermessen. Nat\u00fcrlich waren und sind auch in vielen der anderen H\u00f6hlen unsere Vereinsmitglieder t\u00e4tig. Die Hauptaktivit\u00e4ten des Vereins liegen in der Gegend um Bad Mitterndorf in der Steiermark.<\/p>\n<p>Stand: 10.11.2025<\/p>\n<p><a href=\"http:\/\/www.hoehle.at\/wordpress\/wp-content\/uploads\/2025\/11\/Die-laengsten-Hoehlen-des-Dachsteins-und-des-Toten-Gebirges-steirischer-Teil-2025.pdf\">Die l\u00e4ngsten H\u00f6hlen des Dachsteins und des Toten Gebirges (steirischer Teil) 2025<\/a><\/p>\n<p><a href=\"http:\/\/www.hoehle.at\/wordpress\/wp-content\/uploads\/2025\/11\/Die-tiefsten-Hoehlen-des-Dachsteins-und-des-Toten-Gebirges-sterischer-Teil-2025.pdf\">Die tiefsten H\u00f6hlen des Dachsteins und des Toten Gebirges (sterischer Teil) 2025<\/a><\/p>\n<p><a href=\"http:\/\/www.hoehle.at\/wordpress\/wp-content\/uploads\/2024\/12\/Die-laengsten-Hoehlen-des-Dachsteins-und-des-Toten-Gebirges-steirischer-Teil-2024.pdf\">Die l\u00e4ngsten H\u00f6hlen des Dachsteins und des Toten Gebirges (steirischer Teil) 2024<\/a><\/p>\n<p><a href=\"http:\/\/www.hoehle.at\/wordpress\/wp-content\/uploads\/2024\/12\/Die-tiefsten-Hoehlen-des-Dachsteins-und-des-Toten-Gebirges-sterischer-Teil-2024.pdf\">Die tiefsten H\u00f6hlen des Dachsteins und des Toten Gebirges (sterischer Teil) 2024<\/a><\/p>\n","protected":false},"excerpt":{"rendered":"<p>Diese Listen wurde unter dem Namen &#8222;Die l\u00e4ngsten und tiefsten H\u00f6hlen des Steirischen Salzkammergutes&#8220; bereits seit vielen Jahren in unserem Verein gef\u00fchrt. Lange Zeit aktualisierte und betreute sie unser ehemaliger Katasterwart und Ehrenmitglied Alfred AUER. Nat\u00fcrlich konnte diese nur im &hellip; <a href=\"http:\/\/www.hoehle.at\/wordpress\/gebiet\/die-langsten-und-tiefsten-hohlen-des-toten-gebirges-und-des-dachsteins-steirischer-teil\/\">Weiterlesen <span class=\"meta-nav\">&rarr;<\/span><\/a><\/p>\n","protected":false},"author":2,"featured_media":0,"parent":29,"menu_order":0,"comment_status":"closed","ping_status":"closed","template":"","meta":{"footnotes":""},"_links":{"self":[{"href":"http:\/\/www.hoehle.at\/wordpress\/wp-json\/wp\/v2\/pages\/106"}],"collection":[{"href":"http:\/\/www.hoehle.at\/wordpress\/wp-json\/wp\/v2\/pages"}],"about":[{"href":"http:\/\/www.hoehle.at\/wordpress\/wp-json\/wp\/v2\/types\/page"}],"author":[{"embeddable":true,"href":"http:\/\/www.hoehle.at\/wordpress\/wp-json\/wp\/v2\/users\/2"}],"replies":[{"embeddable":true,"href":"http:\/\/www.hoehle.at\/wordpress\/wp-json\/wp\/v2\/comments?post=106"}],"version-history":[{"count":53,"href":"http:\/\/www.hoehle.at\/wordpress\/wp-json\/wp\/v2\/pages\/106\/revisions"}],"predecessor-version":[{"id":2799,"href":"http:\/\/www.hoehle.at\/wordpress\/wp-json\/wp\/v2\/pages\/106\/revisions\/2799"}],"up":[{"embeddable":true,"href":"http:\/\/www.hoehle.at\/wordpress\/wp-json\/wp\/v2\/pages\/29"}],"wp:attachment":[{"href":"http:\/\/www.hoehle.at\/wordpress\/wp-json\/wp\/v2\/media?parent=106"}],"curies":[{"name":"wp","href":"https:\/\/api.w.org\/{rel}","templated":true}]}}