{"id":1114,"date":"2015-08-27T21:17:44","date_gmt":"2015-08-27T20:17:44","guid":{"rendered":"http:\/\/www.hoehle.at\/wordpress\/?page_id=1114"},"modified":"2023-10-23T10:44:43","modified_gmt":"2023-10-23T09:44:43","slug":"ausgabe-2015","status":"publish","type":"page","link":"http:\/\/www.hoehle.at\/wordpress\/publikationen\/ausgabe-2015\/","title":{"rendered":"Ausgabe 2015"},"content":{"rendered":"<p><a href=\"http:\/\/www.hoehle.at\/wordpress\/wp-content\/uploads\/2015\/08\/Cover-2015kl.jpg\"><img loading=\"lazy\" decoding=\"async\" class=\"alignleft wp-image-1116 size-full\" src=\"http:\/\/www.hoehle.at\/wordpress\/wp-content\/uploads\/2015\/08\/Cover-2015kl.jpg\" alt=\"Cover 2015kl\" width=\"326\" height=\"448\" srcset=\"http:\/\/www.hoehle.at\/wordpress\/wp-content\/uploads\/2015\/08\/Cover-2015kl.jpg 326w, http:\/\/www.hoehle.at\/wordpress\/wp-content\/uploads\/2015\/08\/Cover-2015kl-218x300.jpg 218w\" sizes=\"(max-width: 326px) 100vw, 326px\" \/><\/a><\/p>\n<p>&nbsp;<\/p>\n<p>&nbsp;<\/p>\n<p>&nbsp;<\/p>\n<p>&nbsp;<\/p>\n<p>&nbsp;<\/p>\n<p>&nbsp;<\/p>\n<p>&nbsp;<\/p>\n<p>&nbsp;<\/p>\n<p>&nbsp;<\/p>\n<p>&nbsp;<\/p>\n<p>&nbsp;<\/p>\n<p><a href=\"https:\/\/austria-forum.org\/web-books\/hohlenbuch00de2015isds\" target=\"_blank\">Webbook\u00a0<\/a><\/p>\n<p>In 86 Berichten werden die h\u00f6hlenkundlichen Forschungsaktivit\u00e4ten anschaulich dargestellt. Beginnend mit den aktuellen Forschungen am Dachstein, im Toten Gebirge und Berichten \u00fcber Felsg\u00e4nge, Stollen und Bergwerke spannt sich der Bogen zu den internationalen Forschungen im Iran, in Namibia, in Malaysia und auf den Andamanen. Der allgemeine Teil mit Berichten zur Pal\u00e4ontologie, dem H\u00f6hlentauchen und den internationalen Kongressen sowie der Teilbereich VHO-Intern runden das Buch ab.<\/p>\n<p>Format DIN A4, 380 Seiten, zahlreiche Farb- und Schwarz- Wei\u00dfbilder, viele H\u00f6hlenpl\u00e4ne,<br style=\"font-weight: inherit; font-style: inherit; color: inherit;\" \/>gebunden, Bad Mitterndorf 2015<\/p>\n<p>Inhalt:<\/p>\n<p>1. Forschungen am Dachstein<\/p>\n<p>2. Forschungen im Toten Gebirge<\/p>\n<p>3. Forschungen in Felsg\u00e4ngen, Bergwerken und Stollen<\/p>\n<p>4. Forschungen im Iran<\/p>\n<p>5. Forschungen in Namibia<\/p>\n<p>6. Forschungen in Malaysia<\/p>\n<p>7. Forschungen auf den Andamanen<\/p>\n<p>8. Allgemeiner Teil<\/p>\n<p>9. Verein f\u00fcr H\u00f6hlenkunde in Obersteier &#8211; Intern<\/p>\n<p>10. Anhang mit H\u00f6hlenindex<\/p>\n<p><span style=\"color: #ff0000;\"><strong>V E R G R I F F E N<\/strong><\/span><\/p>\n","protected":false},"excerpt":{"rendered":"<p>&nbsp; &nbsp; &nbsp; &nbsp; &nbsp; &nbsp; &nbsp; &nbsp; &nbsp; &nbsp; &nbsp; Webbook\u00a0 In 86 Berichten werden die h\u00f6hlenkundlichen Forschungsaktivit\u00e4ten anschaulich dargestellt. Beginnend mit den aktuellen Forschungen am Dachstein, im Toten Gebirge und Berichten \u00fcber Felsg\u00e4nge, Stollen und Bergwerke spannt sich &hellip; <a href=\"http:\/\/www.hoehle.at\/wordpress\/publikationen\/ausgabe-2015\/\">Weiterlesen <span class=\"meta-nav\">&rarr;<\/span><\/a><\/p>\n","protected":false},"author":2,"featured_media":0,"parent":119,"menu_order":0,"comment_status":"closed","ping_status":"closed","template":"","meta":{"footnotes":""},"_links":{"self":[{"href":"http:\/\/www.hoehle.at\/wordpress\/wp-json\/wp\/v2\/pages\/1114"}],"collection":[{"href":"http:\/\/www.hoehle.at\/wordpress\/wp-json\/wp\/v2\/pages"}],"about":[{"href":"http:\/\/www.hoehle.at\/wordpress\/wp-json\/wp\/v2\/types\/page"}],"author":[{"embeddable":true,"href":"http:\/\/www.hoehle.at\/wordpress\/wp-json\/wp\/v2\/users\/2"}],"replies":[{"embeddable":true,"href":"http:\/\/www.hoehle.at\/wordpress\/wp-json\/wp\/v2\/comments?post=1114"}],"version-history":[{"count":5,"href":"http:\/\/www.hoehle.at\/wordpress\/wp-json\/wp\/v2\/pages\/1114\/revisions"}],"predecessor-version":[{"id":2465,"href":"http:\/\/www.hoehle.at\/wordpress\/wp-json\/wp\/v2\/pages\/1114\/revisions\/2465"}],"up":[{"embeddable":true,"href":"http:\/\/www.hoehle.at\/wordpress\/wp-json\/wp\/v2\/pages\/119"}],"wp:attachment":[{"href":"http:\/\/www.hoehle.at\/wordpress\/wp-json\/wp\/v2\/media?parent=1114"}],"curies":[{"name":"wp","href":"https:\/\/api.w.org\/{rel}","templated":true}]}}