{"id":1168,"date":"2016-03-27T18:42:50","date_gmt":"2016-03-27T17:42:50","guid":{"rendered":"http:\/\/www.hoehle.at\/wordpress\/?page_id=1168"},"modified":"2018-03-21T11:37:06","modified_gmt":"2018-03-21T10:37:06","slug":"sagtuempel-162260","status":"publish","type":"page","link":"http:\/\/www.hoehle.at\/wordpress\/forschung\/projekt-tauplitzalm-tiefenbach\/sagtuempel-162260\/","title":{"rendered":"Sagt\u00fcmpel (1622\/60)"},"content":{"rendered":"<p style=\"text-align: justify;\">Die seit 1975 gefasste Riesenkarstquelle Sagt\u00fcmpel liegt etwa 2,5 km nord\u00f6stlich der Ortschaft Tauplitz unweit der Stra\u00dfe zur Gnanitzalm.<\/p>\n<p style=\"text-align: justify;\">Beim Sagt\u00fcmpel handelt es sich um eine der in \u00d6sterreich eher selten anzutreffenden vauclusischen Quellen, was bedeutet, dass das Wasser aus einem Quellsee (Quelltopf) von unten emporgedr\u00fcckt wird.<\/p>\n<p style=\"text-align: justify;\">Dieser ist in eiszeitlichen Sedimenten und Konglomeraten (Nagelfluh) entwickelt, was in \u00d6sterreich einzigartig ist. Darunter liegt vermutlich eine d\u00fcnne Schicht Dachsteinkalk, welche auf wasserundurchl\u00e4ssigen Gesteinsschichten (vermutlich Werfener Schichten) lagert. Leider wurde der sch\u00f6ne Quelltopf bei den Fassungsarbeiten vollkommen mit Ger\u00f6ll verf\u00fcllt und zubetoniert.<\/p>\n<p style=\"text-align: justify;\"><a href=\"http:\/\/www.hoehle.at\/wordpress\/wp-content\/uploads\/2016\/03\/K_5P1890_hp.jpg\"><img loading=\"lazy\" decoding=\"async\" class=\"aligncenter size-full wp-image-1202\" src=\"http:\/\/www.hoehle.at\/wordpress\/wp-content\/uploads\/2016\/03\/K_5P1890_hp.jpg\" alt=\"K_5P1890_hp\" width=\"800\" height=\"530\" srcset=\"http:\/\/www.hoehle.at\/wordpress\/wp-content\/uploads\/2016\/03\/K_5P1890_hp.jpg 800w, http:\/\/www.hoehle.at\/wordpress\/wp-content\/uploads\/2016\/03\/K_5P1890_hp-300x198.jpg 300w, http:\/\/www.hoehle.at\/wordpress\/wp-content\/uploads\/2016\/03\/K_5P1890_hp-452x300.jpg 452w\" sizes=\"(max-width: 800px) 100vw, 800px\" \/><\/a><\/p>\n<p style=\"text-align: justify;\">Der Quelltopf hatte im Urzustand eine L\u00e4nge von 27 m bei einer Breite von 14 m. Die Tiefe d\u00fcrfte mindestens zwischen 8 und 10 m betragen haben. Diese im Verh\u00e4ltnis zur Grundfl\u00e4che sehr gro\u00dfe Tiefe ist ungew\u00f6hnlich und gab dem Quellsee aufgrund des meist sehr klaren Wassers ein besonders beeindruckendes und mystisches Aussehen. Nicht ohne Grund rankt sich eine <a href=\"http:\/\/www.hoehle.at\/wordpress\/forschung\/projekt-tauplitzalm-tiefenbach\/sagtuempel-162260\/wassermannsage\/\">Sage<\/a> um einen Wassermann, der den T\u00fcmpel bewohnt haben soll (Neitsch, 2007).<\/p>\n<p style=\"text-align: justify;\">Die Sch\u00fcttung variiert, typisch f\u00fcr Karstquellen sehr stark und kann in k\u00fcrzester Zeit um das 100 bis 1000-fache ansteigen, bzw. wieder sinken. Durch langj\u00e4hrige Messungen des Hydrografischen Dienstes des Landes Steiermark konnte eine Wasserf\u00fchrung zwischen etwa 5 l\/s und 9 m\u00b3\/s ermittelt werden. Die durchschnittliche Sch\u00fcttung liegt bei ca. 340 l\/s. Das Einzugsgebiet umfasst eine Fl\u00e4che von rund 6-7 km\u00b2 und betrifft haupts\u00e4chlich das Plateau der Tauplitzalm mit H\u00f6hen bis zu 1760\u00a0m.<\/p>\n<p style=\"text-align: justify;\"><a href=\"http:\/\/www.hoehle.at\/wordpress\/wp-content\/uploads\/2016\/03\/FBK_3P0853.jpg\"><img loading=\"lazy\" decoding=\"async\" class=\"aligncenter size-full wp-image-1273\" src=\"http:\/\/www.hoehle.at\/wordpress\/wp-content\/uploads\/2016\/03\/FBK_3P0853.jpg\" alt=\"FBK_3P0853\" width=\"1000\" height=\"665\" srcset=\"http:\/\/www.hoehle.at\/wordpress\/wp-content\/uploads\/2016\/03\/FBK_3P0853.jpg 1000w, http:\/\/www.hoehle.at\/wordpress\/wp-content\/uploads\/2016\/03\/FBK_3P0853-300x199.jpg 300w, http:\/\/www.hoehle.at\/wordpress\/wp-content\/uploads\/2016\/03\/FBK_3P0853-451x300.jpg 451w\" sizes=\"(max-width: 1000px) 100vw, 1000px\" \/><\/a><\/p>\n<p style=\"text-align: justify;\">Triftversuche in den 1950er-Jahren mit gef\u00e4rbten Sporen beweisen eine gro\u00dfe Ausdehnung des Einzugsgebietes in Richtung Westen. So konnte eine direkte Verbindung zwischen der Bachversickerung des Krallersee-Abflusses im <a href=\"http:\/\/www.hoehle.at\/wordpress\/forschung\/projekt-tauplitzalm-tiefenbach\/schnittlamoos-ponor\/\">Schnittlamoos<\/a> und dem Sagt\u00fcmpel nachgewiesen werden. Diese beiden Punkte liegen mehr als 3,7 km bei einem H\u00f6henunterschied von 610 m voneinander entfernt. Bedenkt man, dass der Durchgang des Triftmittels in weniger als 9 Stunden erfolgte leuchtet ein, dass das Wasser diese Strecke in gro\u00dflumigen Karsthohlr\u00e4umen ohne gr\u00f6\u00dfere Staubereiche \u00fcberwindet. Dies entspricht einer Triftgeschwindigkeit von \u00fcber 410 m\/h. Eine Speicherung, bzw. Filterung des Karstwasserst ist daher nicht gegeben.<\/p>\n<p style=\"text-align: justify;\"><a href=\"http:\/\/www.hoehle.at\/wordpress\/wp-content\/uploads\/2016\/03\/FBK_1P0438.jpg\"><img loading=\"lazy\" decoding=\"async\" class=\"aligncenter size-full wp-image-1364\" src=\"http:\/\/www.hoehle.at\/wordpress\/wp-content\/uploads\/2016\/03\/FBK_1P0438.jpg\" alt=\"FBK_1P0438\" width=\"1200\" height=\"801\" srcset=\"http:\/\/www.hoehle.at\/wordpress\/wp-content\/uploads\/2016\/03\/FBK_1P0438.jpg 1200w, http:\/\/www.hoehle.at\/wordpress\/wp-content\/uploads\/2016\/03\/FBK_1P0438-300x200.jpg 300w, http:\/\/www.hoehle.at\/wordpress\/wp-content\/uploads\/2016\/03\/FBK_1P0438-1024x683.jpg 1024w, http:\/\/www.hoehle.at\/wordpress\/wp-content\/uploads\/2016\/03\/FBK_1P0438-449x300.jpg 449w\" sizes=\"(max-width: 1200px) 100vw, 1200px\" \/><\/a><\/p>\n<p style=\"text-align: justify;\">Diese Ergebnisse in Verbindung mit den geologischen Gegebenheiten deuten weiters auf das Vorhandensein eines ausgedehnten, lufterf\u00fcllten H\u00f6hlensystems unter diesem Gebiet hin.<\/p>\n<p style=\"text-align: justify;\"><a href=\"http:\/\/www.hoehle.at\/wordpress\/forschung\/projekt-tauplitzalm-tiefenbach\/sagtuempel-162260\/projekt-renaturierung\/\">Renaturierungsprojekt<\/a><\/p>\n<p style=\"text-align: justify;\"><a href=\"http:\/\/www.hoehle.at\/wordpress\/forschung\/projekt-tauplitzalm-tiefenbach\/\">zur\u00fcck zu Projekt Tauplitzalm-Tiefenbach<\/a><\/p>\n","protected":false},"excerpt":{"rendered":"<p>Die seit 1975 gefasste Riesenkarstquelle Sagt\u00fcmpel liegt etwa 2,5 km nord\u00f6stlich der Ortschaft Tauplitz unweit der Stra\u00dfe zur Gnanitzalm. Beim Sagt\u00fcmpel handelt es sich um eine der in \u00d6sterreich eher selten anzutreffenden vauclusischen Quellen, was bedeutet, dass das Wasser aus &hellip; <a href=\"http:\/\/www.hoehle.at\/wordpress\/forschung\/projekt-tauplitzalm-tiefenbach\/sagtuempel-162260\/\">Weiterlesen <span class=\"meta-nav\">&rarr;<\/span><\/a><\/p>\n","protected":false},"author":2,"featured_media":0,"parent":63,"menu_order":3,"comment_status":"closed","ping_status":"closed","template":"","meta":{"footnotes":""},"_links":{"self":[{"href":"http:\/\/www.hoehle.at\/wordpress\/wp-json\/wp\/v2\/pages\/1168"}],"collection":[{"href":"http:\/\/www.hoehle.at\/wordpress\/wp-json\/wp\/v2\/pages"}],"about":[{"href":"http:\/\/www.hoehle.at\/wordpress\/wp-json\/wp\/v2\/types\/page"}],"author":[{"embeddable":true,"href":"http:\/\/www.hoehle.at\/wordpress\/wp-json\/wp\/v2\/users\/2"}],"replies":[{"embeddable":true,"href":"http:\/\/www.hoehle.at\/wordpress\/wp-json\/wp\/v2\/comments?post=1168"}],"version-history":[{"count":18,"href":"http:\/\/www.hoehle.at\/wordpress\/wp-json\/wp\/v2\/pages\/1168\/revisions"}],"predecessor-version":[{"id":1423,"href":"http:\/\/www.hoehle.at\/wordpress\/wp-json\/wp\/v2\/pages\/1168\/revisions\/1423"}],"up":[{"embeddable":true,"href":"http:\/\/www.hoehle.at\/wordpress\/wp-json\/wp\/v2\/pages\/63"}],"wp:attachment":[{"href":"http:\/\/www.hoehle.at\/wordpress\/wp-json\/wp\/v2\/media?parent=1168"}],"curies":[{"name":"wp","href":"https:\/\/api.w.org\/{rel}","templated":true}]}}