{"id":1177,"date":"2016-03-28T22:28:05","date_gmt":"2016-03-28T21:28:05","guid":{"rendered":"http:\/\/www.hoehle.at\/wordpress\/?page_id=1177"},"modified":"2017-01-16T23:18:03","modified_gmt":"2017-01-16T22:18:03","slug":"projekt-renaturierung","status":"publish","type":"page","link":"http:\/\/www.hoehle.at\/wordpress\/forschung\/projekt-tauplitzalm-tiefenbach\/sagtuempel-162260\/projekt-renaturierung\/","title":{"rendered":"Projekt Renaturierung"},"content":{"rendered":"<p style=\"text-align: justify;\">Aufgrund des touristischen Aufschwunges der Gemeinde Tauplitz in den 1960er-Jahren ergaben sich vor allem in den Wintermonaten immer wieder Engp\u00e4sse in der Trinkwasserversorgung. Nachdem Beobachtungen und Beprobungen der Sagt\u00fcmpelquelle eine f\u00fcr den menschlichen Gebrauch ausreichende Wasserg\u00fcte bezeugten, wurde im Jahre 1975 der gesamte Quelltopf gefasst und ans Trinkwassernetz der Gemeinde Tauplitz angeschlossen.<\/p>\n<p style=\"text-align: justify;\"><a href=\"http:\/\/www.hoehle.at\/wordpress\/wp-content\/uploads\/2016\/03\/K_5P1886_hp.jpg\"><img loading=\"lazy\" decoding=\"async\" class=\"aligncenter size-full wp-image-1200\" src=\"http:\/\/www.hoehle.at\/wordpress\/wp-content\/uploads\/2016\/03\/K_5P1886_hp.jpg\" alt=\"K_5P1886_hp\" width=\"800\" height=\"530\" srcset=\"http:\/\/www.hoehle.at\/wordpress\/wp-content\/uploads\/2016\/03\/K_5P1886_hp.jpg 800w, http:\/\/www.hoehle.at\/wordpress\/wp-content\/uploads\/2016\/03\/K_5P1886_hp-300x198.jpg 300w, http:\/\/www.hoehle.at\/wordpress\/wp-content\/uploads\/2016\/03\/K_5P1886_hp-452x300.jpg 452w\" sizes=\"(max-width: 800px) 100vw, 800px\" \/><\/a><\/p>\n<p style=\"text-align: justify;\"><span style=\"font-size: 24pt;\">Projektziele<\/span><\/p>\n<p style=\"text-align: justify;\">Ziel ist die vollst\u00e4ndige R\u00e4umung der Fassungsanlagen um das typisches Gepr\u00e4ge des steilwandigen und tiefen Quelltopfes wieder herzustellen.<\/p>\n<p style=\"text-align: justify;\">Das Umfeld der Quelle mit dem naturbelassenem Bachlauf des Sagt\u00fcmpelbaches und dem Tauplitzer Wasserfall verdient eine Aufwertung und w\u00fcrde zahlreiche positive Effekte ergeben. Der periodische Quell\u00fcberlauf des Tiefenbaches und die bedeutenden Amphibienvorkommen bieten ein interessantes Areal f\u00fcr naturkundliche Beobachtungen.<\/p>\n<p style=\"text-align: justify;\">Aufbereitung mit Wanderwegen, B\u00e4nken und Schautafeln. Erstellung eines Folders, Themenweg, Karst + Wasser, Karstquellen, Geologie, H\u00f6hlen, Amphibien.<\/p>\n<p style=\"text-align: justify;\">Eine weitere Nutzung des Wassers ist m\u00f6glich da die Einleitung in die Wasserleitung bestehen bleibt.<\/p>\n<p style=\"text-align: justify;\">Durch die Wiederherstellung des urspr\u00fcnglichen Zustandes entsteht ein interessantes Ausflugsziel f\u00fcr Sommer- wie auch Winterspazierg\u00e4nge in der Natur. Derartige Quellt\u00f6pfe sind sehr selten und sprechen ein breites Besucherpublikum an. Eine Aufbereitung des Umfeldes mit B\u00e4nken, Schautafeln und Wegen wertet die Lokalit\u00e4t weiters auf. Ein Rundweg zum Thema Karst, Wasser, Geologie, Karstquellen und H\u00f6hlen l\u00e4sst sich bestens realisieren. Dieser Rundweg k\u00f6nnte vom Sagt\u00fcmpel \u00fcber den Tauplitzer Wasserfall und den periodischen Tiefenbach-Ursprung f\u00fchren.<\/p>\n<p style=\"text-align: justify;\">Der Sagt\u00fcmpel k\u00f6nnte als Gl\u00fccks- bzw. Kraftplatz mit beruhigendem Ambiente wieder ein beliebtes Wanderziel in Ortsn\u00e4he werden. Parkpl\u00e4tze in der N\u00e4he sind ebenfalls vorhanden und die Quelle ist von dort, barrierefrei auch f\u00fcr Rollstuhlfahrer oder Gehbehinderte leicht zu erreichen.<\/p>\n<p style=\"text-align: justify;\">Die Renaturierung wurde von Oktober bis Dezember 2016 gro\u00dfteils umgesetzt.<\/p>\n<p style=\"text-align: justify;\"><a href=\"http:\/\/www.hoehle.at\/wordpress\/wp-content\/uploads\/2016\/03\/FBG0060572.jpg\"><img loading=\"lazy\" decoding=\"async\" class=\"aligncenter size-full wp-image-1280\" src=\"http:\/\/www.hoehle.at\/wordpress\/wp-content\/uploads\/2016\/03\/FBG0060572.jpg\" alt=\"FBG0060572\" width=\"1000\" height=\"750\" srcset=\"http:\/\/www.hoehle.at\/wordpress\/wp-content\/uploads\/2016\/03\/FBG0060572.jpg 1000w, http:\/\/www.hoehle.at\/wordpress\/wp-content\/uploads\/2016\/03\/FBG0060572-300x225.jpg 300w, http:\/\/www.hoehle.at\/wordpress\/wp-content\/uploads\/2016\/03\/FBG0060572-400x300.jpg 400w\" sizes=\"(max-width: 1000px) 100vw, 1000px\" \/><\/a><\/p>\n<p style=\"text-align: justify;\"><a href=\"http:\/\/www.hoehle.at\/wordpress\/wp-content\/uploads\/2016\/03\/FBK_3P9182.jpg\"><img loading=\"lazy\" decoding=\"async\" class=\"aligncenter size-full wp-image-1275\" src=\"http:\/\/www.hoehle.at\/wordpress\/wp-content\/uploads\/2016\/03\/FBK_3P9182.jpg\" alt=\"FBK_3P9182\" width=\"1000\" height=\"665\" srcset=\"http:\/\/www.hoehle.at\/wordpress\/wp-content\/uploads\/2016\/03\/FBK_3P9182.jpg 1000w, http:\/\/www.hoehle.at\/wordpress\/wp-content\/uploads\/2016\/03\/FBK_3P9182-300x199.jpg 300w, http:\/\/www.hoehle.at\/wordpress\/wp-content\/uploads\/2016\/03\/FBK_3P9182-451x300.jpg 451w\" sizes=\"(max-width: 1000px) 100vw, 1000px\" \/><\/a><\/p>\n<p style=\"text-align: justify;\"><a href=\"http:\/\/www.hoehle.at\/wordpress\/wp-content\/uploads\/2016\/03\/FBK_3P9650.jpg\"><img loading=\"lazy\" decoding=\"async\" class=\"aligncenter size-full wp-image-1278\" src=\"http:\/\/www.hoehle.at\/wordpress\/wp-content\/uploads\/2016\/03\/FBK_3P9650.jpg\" alt=\"FBK_3P9650\" width=\"1000\" height=\"665\" srcset=\"http:\/\/www.hoehle.at\/wordpress\/wp-content\/uploads\/2016\/03\/FBK_3P9650.jpg 1000w, http:\/\/www.hoehle.at\/wordpress\/wp-content\/uploads\/2016\/03\/FBK_3P9650-300x199.jpg 300w, http:\/\/www.hoehle.at\/wordpress\/wp-content\/uploads\/2016\/03\/FBK_3P9650-451x300.jpg 451w\" sizes=\"(max-width: 1000px) 100vw, 1000px\" \/><\/a><\/p>\n<p style=\"text-align: justify;\"><img loading=\"lazy\" decoding=\"async\" class=\"aligncenter size-full wp-image-1271\" src=\"http:\/\/www.hoehle.at\/wordpress\/wp-content\/uploads\/2016\/03\/FBK_3P0842.jpg\" alt=\"FBK_3P0842\" width=\"665\" height=\"1000\" srcset=\"http:\/\/www.hoehle.at\/wordpress\/wp-content\/uploads\/2016\/03\/FBK_3P0842.jpg 665w, http:\/\/www.hoehle.at\/wordpress\/wp-content\/uploads\/2016\/03\/FBK_3P0842-199x300.jpg 199w\" sizes=\"(max-width: 665px) 100vw, 665px\" \/><\/p>\n<p style=\"text-align: justify;\"><a href=\"http:\/\/www.hoehle.at\/wordpress\/wp-content\/uploads\/2016\/03\/Projektbeschreibung_25.03.2016.pdf\">Projektbeschreibung<\/a><\/p>\n<p style=\"text-align: justify;\"><a href=\"http:\/\/www.hoehle.at\/wordpress\/wp-content\/uploads\/2016\/03\/Sagt\u00fcmpel-Umbau_Steinwurf_2.pdf\">Sagt\u00fcmpel-Bauplan<\/a><\/p>\n<p style=\"text-align: justify;\"><a href=\"http:\/\/www.hoehle.at\/wordpress\/forschung\/projekt-tauplitzalm-tiefenbach\/sagtuempel-162260\/\">zur\u00fcck zu Sagt\u00fcmpel<\/a><\/p>\n","protected":false},"excerpt":{"rendered":"<p>Aufgrund des touristischen Aufschwunges der Gemeinde Tauplitz in den 1960er-Jahren ergaben sich vor allem in den Wintermonaten immer wieder Engp\u00e4sse in der Trinkwasserversorgung. Nachdem Beobachtungen und Beprobungen der Sagt\u00fcmpelquelle eine f\u00fcr den menschlichen Gebrauch ausreichende Wasserg\u00fcte bezeugten, wurde im Jahre &hellip; <a href=\"http:\/\/www.hoehle.at\/wordpress\/forschung\/projekt-tauplitzalm-tiefenbach\/sagtuempel-162260\/projekt-renaturierung\/\">Weiterlesen <span class=\"meta-nav\">&rarr;<\/span><\/a><\/p>\n","protected":false},"author":2,"featured_media":0,"parent":1168,"menu_order":1,"comment_status":"closed","ping_status":"closed","template":"","meta":{"footnotes":""},"_links":{"self":[{"href":"http:\/\/www.hoehle.at\/wordpress\/wp-json\/wp\/v2\/pages\/1177"}],"collection":[{"href":"http:\/\/www.hoehle.at\/wordpress\/wp-json\/wp\/v2\/pages"}],"about":[{"href":"http:\/\/www.hoehle.at\/wordpress\/wp-json\/wp\/v2\/types\/page"}],"author":[{"embeddable":true,"href":"http:\/\/www.hoehle.at\/wordpress\/wp-json\/wp\/v2\/users\/2"}],"replies":[{"embeddable":true,"href":"http:\/\/www.hoehle.at\/wordpress\/wp-json\/wp\/v2\/comments?post=1177"}],"version-history":[{"count":14,"href":"http:\/\/www.hoehle.at\/wordpress\/wp-json\/wp\/v2\/pages\/1177\/revisions"}],"predecessor-version":[{"id":1281,"href":"http:\/\/www.hoehle.at\/wordpress\/wp-json\/wp\/v2\/pages\/1177\/revisions\/1281"}],"up":[{"embeddable":true,"href":"http:\/\/www.hoehle.at\/wordpress\/wp-json\/wp\/v2\/pages\/1168"}],"wp:attachment":[{"href":"http:\/\/www.hoehle.at\/wordpress\/wp-json\/wp\/v2\/media?parent=1177"}],"curies":[{"name":"wp","href":"https:\/\/api.w.org\/{rel}","templated":true}]}}