{"id":1184,"date":"2016-03-30T11:33:03","date_gmt":"2016-03-30T10:33:03","guid":{"rendered":"http:\/\/www.hoehle.at\/wordpress\/?page_id=1184"},"modified":"2017-03-12T15:11:55","modified_gmt":"2017-03-12T14:11:55","slug":"wassermannsage","status":"publish","type":"page","link":"http:\/\/www.hoehle.at\/wordpress\/forschung\/projekt-tauplitzalm-tiefenbach\/sagtuempel-162260\/wassermannsage\/","title":{"rendered":"Wassermannsage"},"content":{"rendered":"<p><span style=\"font-size: 24pt;\"><strong>Der Wassermann von Tauplitz<\/strong><\/span><\/p>\n<p style=\"text-align: justify;\">Vor hunderten von Jahren lebte im Kreith bei Tauplitz ein armes Ehepaar. Der Mann kam eines Tages gerade dazu, als sich einige Tauplitzer Bauern dar\u00fcber unterhielten, wie tief wohl der \u201eSagt\u00fcmpel\u201c sein m\u00f6ge. Und als einer der versammelten Bauern sagte, dass er demjenigen gerne ein gro\u00dfes Goldst\u00fcck geben w\u00fcrde, der ihm sagen k\u00f6nnte, wie tief dieser T\u00fcmpel wirklich sei.<a href=\"http:\/\/www.hoehle.at\/wordpress\/wp-content\/uploads\/2016\/03\/Vodyanoy-hp.jpg\"><br \/>\n<\/a><\/p>\n<p style=\"text-align: justify;\"><a href=\"http:\/\/www.hoehle.at\/wordpress\/wp-content\/uploads\/2016\/03\/FBSage_2.jpg\"><img loading=\"lazy\" decoding=\"async\" class=\"aligncenter size-full wp-image-1308\" src=\"http:\/\/www.hoehle.at\/wordpress\/wp-content\/uploads\/2016\/03\/FBSage_2.jpg\" alt=\"FBSage_2\" width=\"1000\" height=\"665\" srcset=\"http:\/\/www.hoehle.at\/wordpress\/wp-content\/uploads\/2016\/03\/FBSage_2.jpg 1000w, http:\/\/www.hoehle.at\/wordpress\/wp-content\/uploads\/2016\/03\/FBSage_2-300x199.jpg 300w, http:\/\/www.hoehle.at\/wordpress\/wp-content\/uploads\/2016\/03\/FBSage_2-451x300.jpg 451w\" sizes=\"(max-width: 1000px) 100vw, 1000px\" \/><\/a><\/p>\n<p style=\"text-align: justify;\">Dieses mitangeh\u00f6rte Gespr\u00e4ch lie\u00df dem armen Mann keine Ruhe mehr; und nachdem er sich mit seiner Frau dar\u00fcber beraten hatte, fertigte er eine sehr lange Stange an, indem er eine gr\u00f6\u00dfere Anzahl von Stangen zusammenband. Damit begab sich das Ehepaar zum Sagt\u00fcmpel. Sie stocherten eine Stangenl\u00e4nge nach der anderen in den tiefen Schlund, bis pl\u00f6tzlich riesige Luftblasen heraufkamen und eine gewaltige Stimme aus der Tiefe erscholl: \u201eWenn ihr nicht aufh\u00f6rt zu gr\u00fcnden, verschlinge ich euch!\u201c<\/p>\n<p style=\"text-align: justify;\"><a href=\"http:\/\/www.hoehle.at\/wordpress\/wp-content\/uploads\/2016\/03\/FBSage_5.jpg\"><img loading=\"lazy\" decoding=\"async\" class=\"aligncenter size-full wp-image-1309\" src=\"http:\/\/www.hoehle.at\/wordpress\/wp-content\/uploads\/2016\/03\/FBSage_5.jpg\" alt=\"FBSage_5\" width=\"1000\" height=\"665\" srcset=\"http:\/\/www.hoehle.at\/wordpress\/wp-content\/uploads\/2016\/03\/FBSage_5.jpg 1000w, http:\/\/www.hoehle.at\/wordpress\/wp-content\/uploads\/2016\/03\/FBSage_5-300x199.jpg 300w, http:\/\/www.hoehle.at\/wordpress\/wp-content\/uploads\/2016\/03\/FBSage_5-451x300.jpg 451w\" sizes=\"(max-width: 1000px) 100vw, 1000px\" \/><\/a><\/p>\n<p style=\"text-align: justify;\">Die beiden Leute lie\u00dfen die lange Stange im Sagt\u00fcmpel erschrocken stecken und sprangen davon, um in Tauplitz von dem Wassermann im Sagt\u00fcmpel zu erz\u00e4hlen, der es nicht wollte, dass man wisse, wie tief seine Behausung liege.<\/p>\n<p style=\"text-align: justify;\"><em>Quelle: Tauplitzer Sagen, Hans-Ludwig Zai\u00dfenberger<\/em><\/p>\n<p style=\"text-align: justify;\"><em>Illustrationen: Oswald Krammer<\/em><\/p>\n<p><a href=\"http:\/\/www.hoehle.at\/wordpress\/forschung\/projekt-tauplitzalm-tiefenbach\/sagtuempel-162260\/\">zur\u00fcck zu Sagt\u00fcmpel<\/a><\/p>\n","protected":false},"excerpt":{"rendered":"<p>Der Wassermann von Tauplitz Vor hunderten von Jahren lebte im Kreith bei Tauplitz ein armes Ehepaar. Der Mann kam eines Tages gerade dazu, als sich einige Tauplitzer Bauern dar\u00fcber unterhielten, wie tief wohl der \u201eSagt\u00fcmpel\u201c sein m\u00f6ge. Und als einer &hellip; <a href=\"http:\/\/www.hoehle.at\/wordpress\/forschung\/projekt-tauplitzalm-tiefenbach\/sagtuempel-162260\/wassermannsage\/\">Weiterlesen <span class=\"meta-nav\">&rarr;<\/span><\/a><\/p>\n","protected":false},"author":2,"featured_media":0,"parent":1168,"menu_order":0,"comment_status":"closed","ping_status":"closed","template":"","meta":{"footnotes":""},"_links":{"self":[{"href":"http:\/\/www.hoehle.at\/wordpress\/wp-json\/wp\/v2\/pages\/1184"}],"collection":[{"href":"http:\/\/www.hoehle.at\/wordpress\/wp-json\/wp\/v2\/pages"}],"about":[{"href":"http:\/\/www.hoehle.at\/wordpress\/wp-json\/wp\/v2\/types\/page"}],"author":[{"embeddable":true,"href":"http:\/\/www.hoehle.at\/wordpress\/wp-json\/wp\/v2\/users\/2"}],"replies":[{"embeddable":true,"href":"http:\/\/www.hoehle.at\/wordpress\/wp-json\/wp\/v2\/comments?post=1184"}],"version-history":[{"count":6,"href":"http:\/\/www.hoehle.at\/wordpress\/wp-json\/wp\/v2\/pages\/1184\/revisions"}],"predecessor-version":[{"id":1311,"href":"http:\/\/www.hoehle.at\/wordpress\/wp-json\/wp\/v2\/pages\/1184\/revisions\/1311"}],"up":[{"embeddable":true,"href":"http:\/\/www.hoehle.at\/wordpress\/wp-json\/wp\/v2\/pages\/1168"}],"wp:attachment":[{"href":"http:\/\/www.hoehle.at\/wordpress\/wp-json\/wp\/v2\/media?parent=1184"}],"curies":[{"name":"wp","href":"https:\/\/api.w.org\/{rel}","templated":true}]}}