{"id":119,"date":"2013-09-10T20:10:58","date_gmt":"2013-09-10T19:10:58","guid":{"rendered":"http:\/\/www.hoehle.at\/wordpress\/?page_id=119"},"modified":"2024-03-18T18:03:31","modified_gmt":"2024-03-18T17:03:31","slug":"publikationen","status":"publish","type":"page","link":"http:\/\/www.hoehle.at\/wordpress\/publikationen\/","title":{"rendered":"Publikationen"},"content":{"rendered":"<p>Publikationen des (VHO)<\/p>\n<p>Der Verein f\u00fcr H\u00f6hlenkunde in Obersteier publiziert im 2-Jahres-Rythmus einen T\u00e4tigkeitsbericht mit dem Namen \u201eMitteilungen\u201c. Die einzelnen Ausgaben sind in der Vereinsbibliothek erh\u00e4ltlich.<br \/>\nBitte vergessen Sie nicht die Angabe ihrer Adresse und die Jahreszahl der Ausgabe, die Sie bestellen wollen.<\/p>\n<p><a href=\"http:\/\/www.hoehle.at\/wordpress\/publikationen\/ausgabe-1994\/\">1994<\/a>, <a href=\"http:\/\/www.hoehle.at\/wordpress\/publikationen\/ausgabe-1995\/\">1995<\/a>, <a href=\"http:\/\/www.hoehle.at\/wordpress\/publikationen\/ausgabe-1996\/\">1996<\/a>, <a href=\"http:\/\/www.hoehle.at\/wordpress\/publikationen\/ausgabe-1997\/\">1997<\/a>, <a href=\"http:\/\/www.hoehle.at\/wordpress\/publikationen\/ausgabe-1998\/\">1998<\/a>, <a href=\"http:\/\/www.hoehle.at\/wordpress\/publikationen\/ausgabe-1999\/\">1999<\/a>, <a href=\"http:\/\/www.hoehle.at\/wordpress\/publikationen\/ausgabe-2001\/\">2001<\/a>, <a href=\"http:\/\/www.hoehle.at\/wordpress\/publikationen\/ausgabe-2003\/\">2003<\/a>, <a href=\"http:\/\/www.hoehle.at\/wordpress\/publikationen\/ausgabe-2005\/\">2005<\/a>, <a href=\"http:\/\/www.hoehle.at\/wordpress\/publikationen\/ausgabe-2007\/\">2007<\/a><\/p>\n<p><a href=\"http:\/\/www.hoehle.at\/wordpress\/publikationen\/ausgabe-2009\/\">2009<\/a>, <a href=\"http:\/\/www.hoehle.at\/wordpress\/publikationen\/ausgabe-2012\/\">2012<\/a>, <a href=\"http:\/\/www.hoehle.at\/wordpress\/publikationen\/ausgabe-2015\/\">2015<\/a>, <a href=\"http:\/\/www.hoehle.at\/wordpress\/publikationen\/ausgabe-2021\/\">2021<\/a>, <a href=\"http:\/\/www.hoehle.at\/wordpress\/publikationen\/ausgabe-2023\/\">2023<\/a><\/p>\n<p>Bestellungen:<\/p>\n<p>Verein f\u00fcr H\u00f6hlenkunde in Obersteier, Sonnenalm 78, A-8983 Bad Mitterndorf<\/p>\n<p>oder Email an:<\/p>\n<p>obersteier(at)A1.net<\/p>\n<p><a href=\"http:\/\/www.hoehle.at\/wordpress\/wp-content\/uploads\/2013\/09\/Mitteilungen-Sektion-Ausseerland-Index.pdf\">Mitteilungen Sektion Ausseerland Index<\/a><\/p>\n<p><a href=\"https:\/\/austria-forum.org\/web-books\/kategorie\/geographie-land-und-leute\/verein-fuer-hoehlenkunde\">Mitteilungen als Webbooks<\/a><\/p>\n<p><a href=\"http:\/\/www.hoehle.at\/wordpress\/wp-content\/uploads\/2013\/09\/VHO-Archiv-B\u00fccher-Stand-2017.xls\">VHO Archiv B\u00fccher Stand 2017<\/a><\/p>\n<p><a href=\"http:\/\/www.hoehle.at\/wordpress\/wp-content\/uploads\/2013\/09\/VHO-Archiv-B\u00fccher-2024.xls\">VHO Archiv B\u00fccher Stand 2024<\/a><\/p>\n","protected":false},"excerpt":{"rendered":"<p>Publikationen des (VHO) Der Verein f\u00fcr H\u00f6hlenkunde in Obersteier publiziert im 2-Jahres-Rythmus einen T\u00e4tigkeitsbericht mit dem Namen \u201eMitteilungen\u201c. Die einzelnen Ausgaben sind in der Vereinsbibliothek erh\u00e4ltlich. Bitte vergessen Sie nicht die Angabe ihrer Adresse und die Jahreszahl der Ausgabe, die &hellip; <a href=\"http:\/\/www.hoehle.at\/wordpress\/publikationen\/\">Weiterlesen <span class=\"meta-nav\">&rarr;<\/span><\/a><\/p>\n","protected":false},"author":2,"featured_media":0,"parent":0,"menu_order":6,"comment_status":"closed","ping_status":"closed","template":"","meta":{"footnotes":""},"_links":{"self":[{"href":"http:\/\/www.hoehle.at\/wordpress\/wp-json\/wp\/v2\/pages\/119"}],"collection":[{"href":"http:\/\/www.hoehle.at\/wordpress\/wp-json\/wp\/v2\/pages"}],"about":[{"href":"http:\/\/www.hoehle.at\/wordpress\/wp-json\/wp\/v2\/types\/page"}],"author":[{"embeddable":true,"href":"http:\/\/www.hoehle.at\/wordpress\/wp-json\/wp\/v2\/users\/2"}],"replies":[{"embeddable":true,"href":"http:\/\/www.hoehle.at\/wordpress\/wp-json\/wp\/v2\/comments?post=119"}],"version-history":[{"count":17,"href":"http:\/\/www.hoehle.at\/wordpress\/wp-json\/wp\/v2\/pages\/119\/revisions"}],"predecessor-version":[{"id":2505,"href":"http:\/\/www.hoehle.at\/wordpress\/wp-json\/wp\/v2\/pages\/119\/revisions\/2505"}],"wp:attachment":[{"href":"http:\/\/www.hoehle.at\/wordpress\/wp-json\/wp\/v2\/media?parent=119"}],"curies":[{"name":"wp","href":"https:\/\/api.w.org\/{rel}","templated":true}]}}