{"id":121,"date":"2013-09-10T20:13:36","date_gmt":"2013-09-10T19:13:36","guid":{"rendered":"http:\/\/www.hoehle.at\/wordpress\/?page_id=121"},"modified":"2023-10-23T10:49:00","modified_gmt":"2023-10-23T09:49:00","slug":"ausgabe-1994","status":"publish","type":"page","link":"http:\/\/www.hoehle.at\/wordpress\/publikationen\/ausgabe-1994\/","title":{"rendered":"Ausgabe 1994"},"content":{"rendered":"<div id=\"content\">\n<div id=\"colOne\">\n<p><a href=\"http:\/\/www.hoehle.at\/wordpress\/wp-content\/uploads\/2013\/09\/VHO_1994.jpg\"><img loading=\"lazy\" decoding=\"async\" class=\"alignleft size-full wp-image-294\" src=\"http:\/\/www.hoehle.at\/wordpress\/wp-content\/uploads\/2013\/09\/VHO_1994.jpg\" alt=\"VHO_1994\" width=\"225\" height=\"320\" srcset=\"http:\/\/www.hoehle.at\/wordpress\/wp-content\/uploads\/2013\/09\/VHO_1994.jpg 225w, http:\/\/www.hoehle.at\/wordpress\/wp-content\/uploads\/2013\/09\/VHO_1994-210x300.jpg 210w\" sizes=\"(max-width: 225px) 100vw, 225px\" \/><\/a><\/p>\n<p>&nbsp;<\/p>\n<p>&nbsp;<\/p>\n<p>&nbsp;<\/p>\n<p>&nbsp;<\/p>\n<p>&nbsp;<\/p>\n<p>&nbsp;<\/p>\n<p>&nbsp;<\/p>\n<p>&nbsp;<\/p>\n<p>Inhalt:<\/p>\n<\/div>\n<div>Das Gr\u00f6\u00dfte nat\u00fcrliche Hallenbad der Welt (P. Jeutter)<\/div>\n<div>Der \u00d6ldom (P. Jeutter)<\/div>\n<div>Eisschwerth\u00f6hle (R. Seebacher)<\/div>\n<div>Forscherlager Augswiesnalm 1991 (S. Steinberger)<\/div>\n<div style=\"text-align: left;\">Forscherlager Gamsspitz 1993 (P. Jeutter)<\/div>\n<div style=\"text-align: left;\">Forschungen \u201eIn den Karen\u201c (R. Seebacher)<br \/>\nForschungen in Namibia 1992 (P. Jeutter)<\/div>\n<div style=\"text-align: left;\">Gouffre des Superstiteux (R. Seebacher)<br \/>\nH\u00f6hlen Tieftauch Weltrekord (R. Seebacher)<br \/>\nH\u00f6hlenrettung seit 1990 (E. H\u00fcttner)<br \/>\nInternationale H\u00f6hlenforschung 1993 (P. Jeutter)<\/div>\n<div style=\"text-align: left;\">Ist das denn nicht gef\u00e4hrlich? (P. Jeutter)<br \/>\nKurzforschungslager im s\u00fcdlichen Afrika (P. Jeutter)<br \/>\nLeistalmquelle (S. Steinberger)<br \/>\nLieglloch (K. J\u00e4ger)<br \/>\nNatternschacht (R. Seebacher)<br \/>\nThomas Eish\u00f6hle (R. Seebacher)<\/div>\n<div style=\"text-align: left;\">Vereinsfahrt nach Ungarn (J. Segl)<br \/>\nWindgat cave (P. Jeutter)<\/div>\n<div style=\"text-align: left;\"><\/div>\n<div style=\"text-align: left;\"><\/div>\n<div style=\"text-align: left;\"><span style=\"color: #ff0000;\"><strong>V E R G R I F F E N<\/strong><\/span><\/div>\n<p style=\"text-align: left;\"><a href=\"http:\/\/www.hoehle.at\/homepage\/publikationen.html\"><br \/>\n<\/a><\/p>\n<div style=\"text-align: left;\"><\/div>\n<\/div>\n","protected":false},"excerpt":{"rendered":"<p>&nbsp; &nbsp; &nbsp; &nbsp; &nbsp; &nbsp; &nbsp; &nbsp; Inhalt: Das Gr\u00f6\u00dfte nat\u00fcrliche Hallenbad der Welt (P. Jeutter) Der \u00d6ldom (P. Jeutter) Eisschwerth\u00f6hle (R. Seebacher) Forscherlager Augswiesnalm 1991 (S. Steinberger) Forscherlager Gamsspitz 1993 (P. Jeutter) Forschungen \u201eIn den Karen\u201c (R. Seebacher) &hellip; <a href=\"http:\/\/www.hoehle.at\/wordpress\/publikationen\/ausgabe-1994\/\">Weiterlesen <span class=\"meta-nav\">&rarr;<\/span><\/a><\/p>\n","protected":false},"author":2,"featured_media":0,"parent":119,"menu_order":0,"comment_status":"closed","ping_status":"closed","template":"","meta":{"footnotes":""},"_links":{"self":[{"href":"http:\/\/www.hoehle.at\/wordpress\/wp-json\/wp\/v2\/pages\/121"}],"collection":[{"href":"http:\/\/www.hoehle.at\/wordpress\/wp-json\/wp\/v2\/pages"}],"about":[{"href":"http:\/\/www.hoehle.at\/wordpress\/wp-json\/wp\/v2\/types\/page"}],"author":[{"embeddable":true,"href":"http:\/\/www.hoehle.at\/wordpress\/wp-json\/wp\/v2\/users\/2"}],"replies":[{"embeddable":true,"href":"http:\/\/www.hoehle.at\/wordpress\/wp-json\/wp\/v2\/comments?post=121"}],"version-history":[{"count":14,"href":"http:\/\/www.hoehle.at\/wordpress\/wp-json\/wp\/v2\/pages\/121\/revisions"}],"predecessor-version":[{"id":2469,"href":"http:\/\/www.hoehle.at\/wordpress\/wp-json\/wp\/v2\/pages\/121\/revisions\/2469"}],"up":[{"embeddable":true,"href":"http:\/\/www.hoehle.at\/wordpress\/wp-json\/wp\/v2\/pages\/119"}],"wp:attachment":[{"href":"http:\/\/www.hoehle.at\/wordpress\/wp-json\/wp\/v2\/media?parent=121"}],"curies":[{"name":"wp","href":"https:\/\/api.w.org\/{rel}","templated":true}]}}