{"id":124,"date":"2013-09-10T20:15:45","date_gmt":"2013-09-10T19:15:45","guid":{"rendered":"http:\/\/www.hoehle.at\/wordpress\/?page_id=124"},"modified":"2023-10-23T10:49:43","modified_gmt":"2023-10-23T09:49:43","slug":"ausgabe-1995","status":"publish","type":"page","link":"http:\/\/www.hoehle.at\/wordpress\/publikationen\/ausgabe-1995\/","title":{"rendered":"Ausgabe 1995"},"content":{"rendered":"<div id=\"colOne\">\n<p><a href=\"http:\/\/www.hoehle.at\/wordpress\/wp-content\/uploads\/2013\/09\/VHO_1995.jpg\"><img loading=\"lazy\" decoding=\"async\" class=\"alignleft size-full wp-image-305\" src=\"http:\/\/www.hoehle.at\/wordpress\/wp-content\/uploads\/2013\/09\/VHO_1995.jpg\" alt=\"VHO_1995\" width=\"227\" height=\"320\" srcset=\"http:\/\/www.hoehle.at\/wordpress\/wp-content\/uploads\/2013\/09\/VHO_1995.jpg 227w, http:\/\/www.hoehle.at\/wordpress\/wp-content\/uploads\/2013\/09\/VHO_1995-212x300.jpg 212w\" sizes=\"(max-width: 227px) 100vw, 227px\" \/><\/a><\/p>\n<p>&nbsp;<\/p>\n<p>&nbsp;<\/p>\n<p>&nbsp;<\/p>\n<p>&nbsp;<\/p>\n<p>&nbsp;<\/p>\n<p>&nbsp;<\/p>\n<p>&nbsp;<\/p>\n<p>&nbsp;<\/p>\n<p>Inhalt:<br \/>\nCasola 95, Internationales H\u00f6hlenforschertreffen (P. Jeutter)<br \/>\nElchskelett (S. Steinberger)<br \/>\nH\u00f6hlen auf Briefmarken (A. Auer)<br \/>\nInternationale H\u00f6hlenforschung 1994 (P. Jeutter)<br \/>\nJahresingchronologie von H\u00f6lzern (F. Mandl\/ T. Streicher)<br \/>\nKurzbericht D\u00d6F-Schacht (S. Steinberger)<br \/>\nKurzbericht Lamprechtsofen (S. Steinberger)<br \/>\n\u00d6HR Einsatzstelle Bad Mitterndorf Aktivit\u00e4ten 1995(E. H\u00fcttner)<br \/>\nProbegrabung Brettstein B\u00e4renh\u00f6hle (G. Withalm)<br \/>\nSchauh\u00f6hlenbesuch in Kuba (H. Stieg)<br \/>\nSonnwendfeuer auf dem Kampl (S. Steinberger)<br \/>\nTaucheinsatz Bromriesen (T. Streicher)<br \/>\nForschungstauchgang in der Dreirinnenh\u00f6hle (R. Seebacher)<br \/>\nTauchvorsto\u00df in die Rettenbachh\u00f6hle (R. Seebacher)<br \/>\nTauchvorsto\u00df Palfauer Wasserloch (R. Seebacher)<\/p>\n<p><span style=\"color: #ff0000;\"><strong>V E R G R I F F E N<\/strong><\/span><\/p>\n<\/div>\n","protected":false},"excerpt":{"rendered":"<p>&nbsp; &nbsp; &nbsp; &nbsp; &nbsp; &nbsp; &nbsp; &nbsp; Inhalt: Casola 95, Internationales H\u00f6hlenforschertreffen (P. Jeutter) Elchskelett (S. Steinberger) H\u00f6hlen auf Briefmarken (A. Auer) Internationale H\u00f6hlenforschung 1994 (P. Jeutter) Jahresingchronologie von H\u00f6lzern (F. Mandl\/ T. Streicher) Kurzbericht D\u00d6F-Schacht (S. Steinberger) Kurzbericht &hellip; <a href=\"http:\/\/www.hoehle.at\/wordpress\/publikationen\/ausgabe-1995\/\">Weiterlesen <span class=\"meta-nav\">&rarr;<\/span><\/a><\/p>\n","protected":false},"author":2,"featured_media":0,"parent":119,"menu_order":0,"comment_status":"closed","ping_status":"closed","template":"","meta":{"footnotes":""},"_links":{"self":[{"href":"http:\/\/www.hoehle.at\/wordpress\/wp-json\/wp\/v2\/pages\/124"}],"collection":[{"href":"http:\/\/www.hoehle.at\/wordpress\/wp-json\/wp\/v2\/pages"}],"about":[{"href":"http:\/\/www.hoehle.at\/wordpress\/wp-json\/wp\/v2\/types\/page"}],"author":[{"embeddable":true,"href":"http:\/\/www.hoehle.at\/wordpress\/wp-json\/wp\/v2\/users\/2"}],"replies":[{"embeddable":true,"href":"http:\/\/www.hoehle.at\/wordpress\/wp-json\/wp\/v2\/comments?post=124"}],"version-history":[{"count":6,"href":"http:\/\/www.hoehle.at\/wordpress\/wp-json\/wp\/v2\/pages\/124\/revisions"}],"predecessor-version":[{"id":2470,"href":"http:\/\/www.hoehle.at\/wordpress\/wp-json\/wp\/v2\/pages\/124\/revisions\/2470"}],"up":[{"embeddable":true,"href":"http:\/\/www.hoehle.at\/wordpress\/wp-json\/wp\/v2\/pages\/119"}],"wp:attachment":[{"href":"http:\/\/www.hoehle.at\/wordpress\/wp-json\/wp\/v2\/media?parent=124"}],"curies":[{"name":"wp","href":"https:\/\/api.w.org\/{rel}","templated":true}]}}