{"id":129,"date":"2013-09-10T20:18:17","date_gmt":"2013-09-10T19:18:17","guid":{"rendered":"http:\/\/www.hoehle.at\/wordpress\/?page_id=129"},"modified":"2020-01-21T10:54:03","modified_gmt":"2020-01-21T09:54:03","slug":"ausgabe-1997","status":"publish","type":"page","link":"http:\/\/www.hoehle.at\/wordpress\/publikationen\/ausgabe-1997\/","title":{"rendered":"Ausgabe 1997"},"content":{"rendered":"<div id=\"colOne\">\n<div>\n<div>\n<p><a href=\"http:\/\/www.hoehle.at\/wordpress\/wp-content\/uploads\/2013\/09\/VHO_1997.jpg\"><img loading=\"lazy\" decoding=\"async\" class=\"alignleft size-full wp-image-312\" src=\"http:\/\/www.hoehle.at\/wordpress\/wp-content\/uploads\/2013\/09\/VHO_1997.jpg\" alt=\"VHO_1997\" width=\"223\" height=\"320\" srcset=\"http:\/\/www.hoehle.at\/wordpress\/wp-content\/uploads\/2013\/09\/VHO_1997.jpg 223w, http:\/\/www.hoehle.at\/wordpress\/wp-content\/uploads\/2013\/09\/VHO_1997-209x300.jpg 209w\" sizes=\"(max-width: 223px) 100vw, 223px\" \/><\/a><\/p>\n<p>&nbsp;<\/p>\n<p>&nbsp;<\/p>\n<p>&nbsp;<\/p>\n<p>&nbsp;<\/p>\n<p>&nbsp;<\/p>\n<p>&nbsp;<\/p>\n<p>&nbsp;<\/p>\n<p>&nbsp;<\/p>\n<p>Inhalt:<br \/>\n1997- Das Jahr der Ausstellungen (S. Steinberger)<br \/>\nARGE 96 Schwarzmooskogel (T. M\u00fcller\/ R. Winkler)<br \/>\nAuf Humboldts Spuren Teil 1 (P. Jeutter)<br \/>\nCompass Software zur H\u00f6hlenvermessung (P. Jeutter)<br \/>\nCUCC in \u00d6sterreich (A. Day)<br \/>\nDie l\u00e4ngsten und tiefsten H\u00f6hlen im Steirischen Salzkammergut (R. Seebacher)<br \/>\nFlaschenpost Erstbefahrung H\u00fcttstatt (A. Auer)<br \/>\nForscherlager 96 &#8211; 97 (R. Seebacher)<br \/>\nFuchsloch bei Eisenerz (R. Seebacher)<br \/>\nF\u00fcnfzehn Jahre \u201eVerein f\u00fcr H\u00f6hlenkunde in Obersteier\u201c (A. Auer)<br \/>\nGrabungen am Brettstein 1995 (M. Pacher)<br \/>\nGrabungen am Brettstein 1996 (M. Niederhuber)<br \/>\nH\u00f6hlentauchfahrt ins Brentatal (E. Geyer)<br \/>\nInternationaler Kongre\u00df f\u00fcr Spel\u00e4ologie (P. Jeutter)<br \/>\nNeuer H\u00f6hlen Tieftauchrekord (R. Seebacher)<br \/>\nNeues von der H\u00f6hlenrettung im Ausland (F. Schmidt)<br \/>\nSonnwendfeuer auf dem Kampl (S. Steinberger)<br \/>\nForschungstauchgang in der Daxerfallh\u00f6hle (R. Seebacher)<br \/>\nForschungstauchgang im Hammerbach-Ursprung (F. Schmidt)<\/p>\n<p><strong>\u00a0Preis: 15.- Euro + Versandkosten<\/strong><\/p>\n<\/div>\n<\/div>\n<\/div>\n","protected":false},"excerpt":{"rendered":"<p>&nbsp; &nbsp; &nbsp; &nbsp; &nbsp; &nbsp; &nbsp; &nbsp; Inhalt: 1997- Das Jahr der Ausstellungen (S. Steinberger) ARGE 96 Schwarzmooskogel (T. M\u00fcller\/ R. Winkler) Auf Humboldts Spuren Teil 1 (P. Jeutter) Compass Software zur H\u00f6hlenvermessung (P. Jeutter) CUCC in \u00d6sterreich (A. &hellip; <a href=\"http:\/\/www.hoehle.at\/wordpress\/publikationen\/ausgabe-1997\/\">Weiterlesen <span class=\"meta-nav\">&rarr;<\/span><\/a><\/p>\n","protected":false},"author":2,"featured_media":0,"parent":119,"menu_order":0,"comment_status":"closed","ping_status":"closed","template":"","meta":{"footnotes":""},"_links":{"self":[{"href":"http:\/\/www.hoehle.at\/wordpress\/wp-json\/wp\/v2\/pages\/129"}],"collection":[{"href":"http:\/\/www.hoehle.at\/wordpress\/wp-json\/wp\/v2\/pages"}],"about":[{"href":"http:\/\/www.hoehle.at\/wordpress\/wp-json\/wp\/v2\/types\/page"}],"author":[{"embeddable":true,"href":"http:\/\/www.hoehle.at\/wordpress\/wp-json\/wp\/v2\/users\/2"}],"replies":[{"embeddable":true,"href":"http:\/\/www.hoehle.at\/wordpress\/wp-json\/wp\/v2\/comments?post=129"}],"version-history":[{"count":5,"href":"http:\/\/www.hoehle.at\/wordpress\/wp-json\/wp\/v2\/pages\/129\/revisions"}],"predecessor-version":[{"id":1738,"href":"http:\/\/www.hoehle.at\/wordpress\/wp-json\/wp\/v2\/pages\/129\/revisions\/1738"}],"up":[{"embeddable":true,"href":"http:\/\/www.hoehle.at\/wordpress\/wp-json\/wp\/v2\/pages\/119"}],"wp:attachment":[{"href":"http:\/\/www.hoehle.at\/wordpress\/wp-json\/wp\/v2\/media?parent=129"}],"curies":[{"name":"wp","href":"https:\/\/api.w.org\/{rel}","templated":true}]}}