{"id":132,"date":"2013-09-10T20:18:58","date_gmt":"2013-09-10T19:18:58","guid":{"rendered":"http:\/\/www.hoehle.at\/wordpress\/?page_id=132"},"modified":"2023-10-23T10:45:24","modified_gmt":"2023-10-23T09:45:24","slug":"ausgabe-1998","status":"publish","type":"page","link":"http:\/\/www.hoehle.at\/wordpress\/publikationen\/ausgabe-1998\/","title":{"rendered":"Ausgabe 1998"},"content":{"rendered":"<div id=\"colOne\">\n<p><a href=\"http:\/\/www.hoehle.at\/wordpress\/wp-content\/uploads\/2013\/09\/VHO_19982.jpg\"><img loading=\"lazy\" decoding=\"async\" class=\"alignleft size-full wp-image-316\" src=\"http:\/\/www.hoehle.at\/wordpress\/wp-content\/uploads\/2013\/09\/VHO_19982.jpg\" alt=\"VHO_1998\" width=\"226\" height=\"320\" srcset=\"http:\/\/www.hoehle.at\/wordpress\/wp-content\/uploads\/2013\/09\/VHO_19982.jpg 226w, http:\/\/www.hoehle.at\/wordpress\/wp-content\/uploads\/2013\/09\/VHO_19982-211x300.jpg 211w\" sizes=\"(max-width: 226px) 100vw, 226px\" \/><\/a><\/p>\n<p>&nbsp;<\/p>\n<p>&nbsp;<\/p>\n<p>&nbsp;<\/p>\n<p>&nbsp;<\/p>\n<p>&nbsp;<\/p>\n<p>&nbsp;<\/p>\n<p>&nbsp;<\/p>\n<p>&nbsp;<\/p>\n<p>Inhalt:<br \/>\nDer Braunb\u00e4r aus der Wolfsh\u00f6hle (G. Withalm)<br \/>\nAuf Humboldts Spuren Teil 2 (P. Jeutter)<br \/>\nEmpfehlenswerte Literatur (S. Steinberger)<br \/>\nWei\u00dfenbacher H\u00f6hlenprojekt (E. Geyer + F. Schmidt)<br \/>\nMalaysia 98, (E. Geyer + P. Jeutter)<br \/>\nH\u00f6hlenb\u00e4rensymposium \u201eVelnje\u201c (S. Steinberger)<br \/>\nReithbach Ursprung (R. Seebacher)<br \/>\n3. Forscherlager am Brettstein (R. Seebacher)<br \/>\nObersteier goes Internet (F. Schmidt + P. Jeutter)<br \/>\nDie l\u00e4ngsten H\u00f6hlen der Steiermark (R. Seebacher)<br \/>\nDie tiefsten H\u00f6hlen der Steiermark (R. Seebacher)<br \/>\nMajerovo Vrelo (R. Seebacher)<br \/>\nOtavi98 Reviews (P. Jeutter)<br \/>\nLamprechtsofen tiefste H\u00f6hle der Welt (R. Seebacher)<br \/>\nListe der tiefsten H\u00f6hlen der Welt (R. Seebacher)<\/p>\n<p><span style=\"color: #ff0000;\"><strong>V E R G R I F F E N<\/strong><\/span><\/p>\n<\/div>\n","protected":false},"excerpt":{"rendered":"<p>&nbsp; &nbsp; &nbsp; &nbsp; &nbsp; &nbsp; &nbsp; &nbsp; Inhalt: Der Braunb\u00e4r aus der Wolfsh\u00f6hle (G. Withalm) Auf Humboldts Spuren Teil 2 (P. Jeutter) Empfehlenswerte Literatur (S. Steinberger) Wei\u00dfenbacher H\u00f6hlenprojekt (E. Geyer + F. Schmidt) Malaysia 98, (E. Geyer + P. &hellip; <a href=\"http:\/\/www.hoehle.at\/wordpress\/publikationen\/ausgabe-1998\/\">Weiterlesen <span class=\"meta-nav\">&rarr;<\/span><\/a><\/p>\n","protected":false},"author":2,"featured_media":0,"parent":119,"menu_order":0,"comment_status":"closed","ping_status":"closed","template":"","meta":{"footnotes":""},"_links":{"self":[{"href":"http:\/\/www.hoehle.at\/wordpress\/wp-json\/wp\/v2\/pages\/132"}],"collection":[{"href":"http:\/\/www.hoehle.at\/wordpress\/wp-json\/wp\/v2\/pages"}],"about":[{"href":"http:\/\/www.hoehle.at\/wordpress\/wp-json\/wp\/v2\/types\/page"}],"author":[{"embeddable":true,"href":"http:\/\/www.hoehle.at\/wordpress\/wp-json\/wp\/v2\/users\/2"}],"replies":[{"embeddable":true,"href":"http:\/\/www.hoehle.at\/wordpress\/wp-json\/wp\/v2\/comments?post=132"}],"version-history":[{"count":6,"href":"http:\/\/www.hoehle.at\/wordpress\/wp-json\/wp\/v2\/pages\/132\/revisions"}],"predecessor-version":[{"id":2467,"href":"http:\/\/www.hoehle.at\/wordpress\/wp-json\/wp\/v2\/pages\/132\/revisions\/2467"}],"up":[{"embeddable":true,"href":"http:\/\/www.hoehle.at\/wordpress\/wp-json\/wp\/v2\/pages\/119"}],"wp:attachment":[{"href":"http:\/\/www.hoehle.at\/wordpress\/wp-json\/wp\/v2\/media?parent=132"}],"curies":[{"name":"wp","href":"https:\/\/api.w.org\/{rel}","templated":true}]}}