{"id":137,"date":"2013-09-10T20:20:02","date_gmt":"2013-09-10T19:20:02","guid":{"rendered":"http:\/\/www.hoehle.at\/wordpress\/?page_id=137"},"modified":"2017-03-24T12:16:37","modified_gmt":"2017-03-24T11:16:37","slug":"ausgabe-2001","status":"publish","type":"page","link":"http:\/\/www.hoehle.at\/wordpress\/publikationen\/ausgabe-2001\/","title":{"rendered":"Ausgabe 2001"},"content":{"rendered":"<div id=\"colOne\">\n<p><a href=\"http:\/\/www.hoehle.at\/wordpress\/wp-content\/uploads\/2013\/09\/VHO_2001.jpg\"><img loading=\"lazy\" decoding=\"async\" class=\"alignleft size-full wp-image-322\" src=\"http:\/\/www.hoehle.at\/wordpress\/wp-content\/uploads\/2013\/09\/VHO_2001.jpg\" alt=\"VHO_2001\" width=\"221\" height=\"314\" srcset=\"http:\/\/www.hoehle.at\/wordpress\/wp-content\/uploads\/2013\/09\/VHO_2001.jpg 221w, http:\/\/www.hoehle.at\/wordpress\/wp-content\/uploads\/2013\/09\/VHO_2001-211x300.jpg 211w\" sizes=\"(max-width: 221px) 100vw, 221px\" \/><\/a><\/p>\n<p>&nbsp;<\/p>\n<p>&nbsp;<\/p>\n<p>&nbsp;<\/p>\n<p>&nbsp;<\/p>\n<p>&nbsp;<\/p>\n<p>&nbsp;<\/p>\n<p>&nbsp;<\/p>\n<p>&nbsp;<\/p>\n<p><a href=\"http:\/\/austria-forum.org\/web-books\/speleoaustria00de2001iicm\" target=\"_blank\">Webbook<\/a><\/p>\n<p>Tagungsband Speleo Austria 2001<\/p>\n<p>Das Buch \u201eSpeleo Austria 2001\u201c ist eine umfangreiche Zusammenfassung der aktuellen h\u00f6hlenkundlichen Forschungen in \u00d6sterreich, welche unter Mitwirkung eines gro\u00dfen Teiles der in \u00d6sterreich t\u00e4tigen h\u00f6hlenkundlichen Vereine erstellt wurde.<br \/>\nMittels 64 Berichte werden die Forschungsaktivit\u00e4ten anschaulich dargestellt. Vom Schwerpunkt Totes\u00a0Gebirge spannt sich Bogen von Ober\u00f6sterreich, Salzburg, Tirol, Vorarlberg, K\u00e4rnten, Steiermark, Nieder-\u00f6stereich bis zum Burgenland.<br \/>\nBerichte \u00fcber die internationale H\u00f6hlenforschung, die H\u00f6hlenrettung sowie Buchbesprechungen\u00a0runden das Buch ab.<\/p>\n<p>Format DIN A4, 234 Seiten, 145 Schwarz- Wei\u00dfbilder, 37 H\u00f6hlenpl\u00e4ne, 59 Tabellen und Grafiken,<br \/>\ngebunden, Bad Mitterndorf 2001<\/p>\n<p>Inhalt:<br \/>\n1. Einleitungen<br \/>\n2. Inhaltsverzeichnis<br \/>\n3. Chronik der h\u00f6hlenkundlichen Forschungen im steir. Salzkammergut.<br \/>\n4. Der Verein f\u00fcr H\u00f6hlenkunde in Obersteier<br \/>\n5. H\u00f6hlenkundliche Forschungen in \u00d6sterreich<br \/>\n6. Internationale H\u00f6hlenforschung<br \/>\n7. H\u00f6hlenrettung<br \/>\n8. Allgemeines<br \/>\n9. Buchbesprechungen<br \/>\n10. Anhang<\/p>\n<p><strong>\u00a0Preis: 20.- Euro + Versandkosten<\/strong><\/p>\n<\/div>\n","protected":false},"excerpt":{"rendered":"<p>&nbsp; &nbsp; &nbsp; &nbsp; &nbsp; &nbsp; &nbsp; &nbsp; Webbook Tagungsband Speleo Austria 2001 Das Buch \u201eSpeleo Austria 2001\u201c ist eine umfangreiche Zusammenfassung der aktuellen h\u00f6hlenkundlichen Forschungen in \u00d6sterreich, welche unter Mitwirkung eines gro\u00dfen Teiles der in \u00d6sterreich t\u00e4tigen h\u00f6hlenkundlichen Vereine &hellip; <a href=\"http:\/\/www.hoehle.at\/wordpress\/publikationen\/ausgabe-2001\/\">Weiterlesen <span class=\"meta-nav\">&rarr;<\/span><\/a><\/p>\n","protected":false},"author":2,"featured_media":0,"parent":119,"menu_order":0,"comment_status":"closed","ping_status":"closed","template":"","meta":{"footnotes":""},"_links":{"self":[{"href":"http:\/\/www.hoehle.at\/wordpress\/wp-json\/wp\/v2\/pages\/137"}],"collection":[{"href":"http:\/\/www.hoehle.at\/wordpress\/wp-json\/wp\/v2\/pages"}],"about":[{"href":"http:\/\/www.hoehle.at\/wordpress\/wp-json\/wp\/v2\/types\/page"}],"author":[{"embeddable":true,"href":"http:\/\/www.hoehle.at\/wordpress\/wp-json\/wp\/v2\/users\/2"}],"replies":[{"embeddable":true,"href":"http:\/\/www.hoehle.at\/wordpress\/wp-json\/wp\/v2\/comments?post=137"}],"version-history":[{"count":6,"href":"http:\/\/www.hoehle.at\/wordpress\/wp-json\/wp\/v2\/pages\/137\/revisions"}],"predecessor-version":[{"id":1332,"href":"http:\/\/www.hoehle.at\/wordpress\/wp-json\/wp\/v2\/pages\/137\/revisions\/1332"}],"up":[{"embeddable":true,"href":"http:\/\/www.hoehle.at\/wordpress\/wp-json\/wp\/v2\/pages\/119"}],"wp:attachment":[{"href":"http:\/\/www.hoehle.at\/wordpress\/wp-json\/wp\/v2\/media?parent=137"}],"curies":[{"name":"wp","href":"https:\/\/api.w.org\/{rel}","templated":true}]}}