{"id":141,"date":"2013-09-10T20:21:09","date_gmt":"2013-09-10T19:21:09","guid":{"rendered":"http:\/\/www.hoehle.at\/wordpress\/?page_id=141"},"modified":"2013-09-24T21:42:50","modified_gmt":"2013-09-24T20:42:50","slug":"ausgabe-2005","status":"publish","type":"page","link":"http:\/\/www.hoehle.at\/wordpress\/publikationen\/ausgabe-2005\/","title":{"rendered":"Ausgabe 2005"},"content":{"rendered":"<div id=\"colOne\">\n<p><a href=\"http:\/\/www.hoehle.at\/wordpress\/wp-content\/uploads\/2013\/09\/VHO_20051.jpg\"><img loading=\"lazy\" decoding=\"async\" class=\"alignleft size-full wp-image-327\" alt=\"VHO_2005\" src=\"http:\/\/www.hoehle.at\/wordpress\/wp-content\/uploads\/2013\/09\/VHO_20051.jpg\" width=\"223\" height=\"314\" srcset=\"http:\/\/www.hoehle.at\/wordpress\/wp-content\/uploads\/2013\/09\/VHO_20051.jpg 223w, http:\/\/www.hoehle.at\/wordpress\/wp-content\/uploads\/2013\/09\/VHO_20051-213x300.jpg 213w\" sizes=\"(max-width: 223px) 100vw, 223px\" \/><\/a><\/p>\n<p>&nbsp;<\/p>\n<p>&nbsp;<\/p>\n<p>&nbsp;<\/p>\n<p>&nbsp;<\/p>\n<p>&nbsp;<\/p>\n<p>&nbsp;<\/p>\n<p>&nbsp;<\/p>\n<p>&nbsp;<\/p>\n<p>Die Ausgabe 2005 ist ein umfassender Bericht \u00fcber die dritte gro\u00dfe Auslandsexpedition des Vereins diesmal nach Malaysia zum Gunung Lanno. Der Bericht ist in deutscher und englischer Sprache abgefasst:<\/p>\n<p>Expedition Gunung Lanno, 240 Seiten, gebunden, 253 Farb-,S\/W-Fotos und Tabellen, viele Pl\u00e4ne, eine geologische Karte vom Kinta Valley, Analyse von H\u00f6hleninsekten und vieles mehr.<\/p>\n<p>Autoren: E. Geyer, P. Jeutter, S. Kogler, L. Price, J. Segl, F. Schmidt, Dr. H. Steiner, A.Wolf, S. Yian, Dr. H. Kusch, A. Oertel<\/p>\n<p>Zusammenfassung:<br \/>\nIm November 2001 unternahmen sieben H\u00f6hlenforscher des Vereins f\u00fcr H\u00f6hlenkunde in Obersteier zusammen mit zwei lokalen H\u00f6hlenforschern und einem Vertreter der zoologischen Abteilung der Universit\u00e4t Frankfurt eine Expedition ins Kinta Valley nach Westmalaysia. Ziel war es den Gunung Lanno, einen vollst\u00e4ndig mit Dschungel bedeckten, isoliert stehenden Kegelberg auf H\u00f6hlen zu untersuchen, diese zu vermessen die Lage zu ermitteln. Die Arbeit wurde systematisch in drei Gruppen durchgef\u00fchrt. Alle gefundenen Objekte wurden aufgenommen und so eine gute Gesamtsicht auf den Berg erreicht. W\u00e4hrend drei Wochen konnten 32 H\u00f6hlen mit insgesamt \u00fcber 12 Kilometern Gesamtl\u00e4nge erkundet und vermessen werden. Viele H\u00f6hlen wurden im Wandfu\u00dfbereich, einige auch in h\u00f6heren Bereichen gefunden. Eine Untersuchung des Berges mit dem Flugzeug ergab weitere Hinweise auf h\u00f6her gelegene Eing\u00e4nge, welche aber nicht alle erreicht werden konnten. Die vier Tempelh\u00f6hlen des Berges wurden im Rahmen der Expedition ebenfalls vermessen. Die gr\u00f6\u00dfte Entdeckung gelang am letzten Tag der Expedition. Es stellte sich heraus, dass in der Gua Puncak, direkt unter dem Gipfel des Berges, die zweitgr\u00f6\u00dfte Halle Westmalaysias liegt: die \u201eLanno Summit Chamber\u201c mit \u00fcber 180 Metern L\u00e4nge und 60 Metern Breite. Weitere gro\u00dfe Objekte sind Gua Selari, Gua Lanno und Gua Kong Fook Ngam. In den H\u00f6hlen wurden au\u00dferdem zoologische Untersuchungen vorgenommen. Zahlreiche Insekten und Spinnentiere konnten aufgesammelt und zum gro\u00dfen Teil bestimmt werden. Mehrere neue Arten wurden entdeckt. Der hier vorliegende Bericht beschreibt die Ergebnisse der Expedition 2001, der Vorexkursionen in den Jahren 1998 und 1999, sowie eine Einf\u00fchrung in das Gebiet.<\/p>\n<p>Abstracts<br \/>\nIn November 2001 a group of speleologists, seven from the Verein f\u00fcr H\u00f6hlenkunde in Obersteier, two local cavers and a representative of the zoological department of the University of Frankfurt held an expedition in the Kinta Valley, Peninsular Malaysia. Target were the caves in the mountain Gunung Lanno an isolated limestone outcrops densely overgrown with primary forest. The expedition was searching for the caves, surveying them and determining their location. The team was working systematically in three groups. All caves where surveyed and a good overview on the caves in the mountain was established. During three weeks, 32 caves were documented and 12 kilometres of passages surveyed. Many caves are at ground level, but some also in higher areas. Aerial investigation via aeroplane showed higher entrances of which not all have been reached. The four temple caves of the mountain where also surveyed during the expedition. At the last day of the expedition the biggest discovery was made. Gua Puncak holds western Malaysia\u2019s second largest chamber the \u201cLanno Summit Chamber\u201d, 60 meters wide and more than 180 metres long, located directly below the peak of the mountain. Other big caves are Gua Selari, Gua Lanno and Gua Kong Fook Ngam. Many insects and spiders were collected in the caves, most of them could be determined. Several new species were discovered. This report documents the results of the expedition in 2001, the pre-trips in the years 1998 and 1999, as well as an introduction into the area.<br \/>\normat DIN A4, 173 Seiten, 129 Schwarz- Wei\u00dfbilder, 49 H\u00f6hlenpl\u00e4ne, gebunden, Bad Mitterndorf 2003<\/p>\n<p><strong>Preis: 20.- Euro + Versandkosten (1,3 kg)<\/strong><\/p>\n<\/div>\n","protected":false},"excerpt":{"rendered":"<p>&nbsp; &nbsp; &nbsp; &nbsp; &nbsp; &nbsp; &nbsp; &nbsp; Die Ausgabe 2005 ist ein umfassender Bericht \u00fcber die dritte gro\u00dfe Auslandsexpedition des Vereins diesmal nach Malaysia zum Gunung Lanno. Der Bericht ist in deutscher und englischer Sprache abgefasst: Expedition Gunung Lanno, &hellip; <a href=\"http:\/\/www.hoehle.at\/wordpress\/publikationen\/ausgabe-2005\/\">Weiterlesen <span class=\"meta-nav\">&rarr;<\/span><\/a><\/p>\n","protected":false},"author":2,"featured_media":0,"parent":119,"menu_order":0,"comment_status":"closed","ping_status":"closed","template":"","meta":{"footnotes":""},"_links":{"self":[{"href":"http:\/\/www.hoehle.at\/wordpress\/wp-json\/wp\/v2\/pages\/141"}],"collection":[{"href":"http:\/\/www.hoehle.at\/wordpress\/wp-json\/wp\/v2\/pages"}],"about":[{"href":"http:\/\/www.hoehle.at\/wordpress\/wp-json\/wp\/v2\/types\/page"}],"author":[{"embeddable":true,"href":"http:\/\/www.hoehle.at\/wordpress\/wp-json\/wp\/v2\/users\/2"}],"replies":[{"embeddable":true,"href":"http:\/\/www.hoehle.at\/wordpress\/wp-json\/wp\/v2\/comments?post=141"}],"version-history":[{"count":2,"href":"http:\/\/www.hoehle.at\/wordpress\/wp-json\/wp\/v2\/pages\/141\/revisions"}],"predecessor-version":[{"id":328,"href":"http:\/\/www.hoehle.at\/wordpress\/wp-json\/wp\/v2\/pages\/141\/revisions\/328"}],"up":[{"embeddable":true,"href":"http:\/\/www.hoehle.at\/wordpress\/wp-json\/wp\/v2\/pages\/119"}],"wp:attachment":[{"href":"http:\/\/www.hoehle.at\/wordpress\/wp-json\/wp\/v2\/media?parent=141"}],"curies":[{"name":"wp","href":"https:\/\/api.w.org\/{rel}","templated":true}]}}