{"id":143,"date":"2013-09-10T20:21:39","date_gmt":"2013-09-10T19:21:39","guid":{"rendered":"http:\/\/www.hoehle.at\/wordpress\/?page_id=143"},"modified":"2013-09-24T21:44:11","modified_gmt":"2013-09-24T20:44:11","slug":"ausgabe-2007","status":"publish","type":"page","link":"http:\/\/www.hoehle.at\/wordpress\/publikationen\/ausgabe-2007\/","title":{"rendered":"Ausgabe 2007"},"content":{"rendered":"<div id=\"colOne\">\n<p><a href=\"http:\/\/www.hoehle.at\/wordpress\/wp-content\/uploads\/2013\/09\/VHO_2007.jpg\"><img loading=\"lazy\" decoding=\"async\" class=\"alignleft size-full wp-image-329\" alt=\"VHO_2007\" src=\"http:\/\/www.hoehle.at\/wordpress\/wp-content\/uploads\/2013\/09\/VHO_2007.jpg\" width=\"211\" height=\"314\" srcset=\"http:\/\/www.hoehle.at\/wordpress\/wp-content\/uploads\/2013\/09\/VHO_2007.jpg 211w, http:\/\/www.hoehle.at\/wordpress\/wp-content\/uploads\/2013\/09\/VHO_2007-201x300.jpg 201w\" sizes=\"(max-width: 211px) 100vw, 211px\" \/><\/a><\/p>\n<p>&nbsp;<\/p>\n<p>&nbsp;<\/p>\n<p>&nbsp;<\/p>\n<p>&nbsp;<\/p>\n<p>&nbsp;<\/p>\n<p>&nbsp;<\/p>\n<p>&nbsp;<\/p>\n<p>&nbsp;<\/p>\n<p>Format DIN A4, 252 Seiten, 67 Farbbilder, 214 Schwarz- Wei\u00dfbilder, 92 H\u00f6hlenpl\u00e4ne,<br \/>\ngebunden, Bad Mitterndorf 2007<\/p>\n<p>Inhalt:<\/p>\n<p>1. Inhaltsverzeichnis<br \/>\n2. Forschungen am Dachstein (5 Beitr\u00e4ge)<br \/>\n3. Forschungen im Toten Gebirge (54 Beitr\u00e4ge)<br \/>\n4. H\u00f6hlentauchen (11 Beitr\u00e4ge)<br \/>\n5. Forschungen im Iran (3 Beitr\u00e4ge)<br \/>\n6. Speleo-NEWS (7 Beitr\u00e4ge)<br \/>\n7. VHO-Intern (13 Beitr\u00e4ge)<\/p>\n<p><strong>Preis: 20.- Euro + Versandkosten<\/strong><\/p>\n<\/div>\n","protected":false},"excerpt":{"rendered":"<p>&nbsp; &nbsp; &nbsp; &nbsp; &nbsp; &nbsp; &nbsp; &nbsp; Format DIN A4, 252 Seiten, 67 Farbbilder, 214 Schwarz- Wei\u00dfbilder, 92 H\u00f6hlenpl\u00e4ne, gebunden, Bad Mitterndorf 2007 Inhalt: 1. Inhaltsverzeichnis 2. Forschungen am Dachstein (5 Beitr\u00e4ge) 3. Forschungen im Toten Gebirge (54 Beitr\u00e4ge) &hellip; <a href=\"http:\/\/www.hoehle.at\/wordpress\/publikationen\/ausgabe-2007\/\">Weiterlesen <span class=\"meta-nav\">&rarr;<\/span><\/a><\/p>\n","protected":false},"author":2,"featured_media":0,"parent":119,"menu_order":0,"comment_status":"closed","ping_status":"closed","template":"","meta":{"footnotes":""},"_links":{"self":[{"href":"http:\/\/www.hoehle.at\/wordpress\/wp-json\/wp\/v2\/pages\/143"}],"collection":[{"href":"http:\/\/www.hoehle.at\/wordpress\/wp-json\/wp\/v2\/pages"}],"about":[{"href":"http:\/\/www.hoehle.at\/wordpress\/wp-json\/wp\/v2\/types\/page"}],"author":[{"embeddable":true,"href":"http:\/\/www.hoehle.at\/wordpress\/wp-json\/wp\/v2\/users\/2"}],"replies":[{"embeddable":true,"href":"http:\/\/www.hoehle.at\/wordpress\/wp-json\/wp\/v2\/comments?post=143"}],"version-history":[{"count":2,"href":"http:\/\/www.hoehle.at\/wordpress\/wp-json\/wp\/v2\/pages\/143\/revisions"}],"predecessor-version":[{"id":330,"href":"http:\/\/www.hoehle.at\/wordpress\/wp-json\/wp\/v2\/pages\/143\/revisions\/330"}],"up":[{"embeddable":true,"href":"http:\/\/www.hoehle.at\/wordpress\/wp-json\/wp\/v2\/pages\/119"}],"wp:attachment":[{"href":"http:\/\/www.hoehle.at\/wordpress\/wp-json\/wp\/v2\/media?parent=143"}],"curies":[{"name":"wp","href":"https:\/\/api.w.org\/{rel}","templated":true}]}}