{"id":145,"date":"2013-09-10T20:24:07","date_gmt":"2013-09-10T19:24:07","guid":{"rendered":"http:\/\/www.hoehle.at\/wordpress\/?page_id=145"},"modified":"2013-09-24T21:46:18","modified_gmt":"2013-09-24T20:46:18","slug":"ausgabe-2009","status":"publish","type":"page","link":"http:\/\/www.hoehle.at\/wordpress\/publikationen\/ausgabe-2009\/","title":{"rendered":"Ausgabe 2009"},"content":{"rendered":"<div id=\"colOne\">\n<p><a href=\"http:\/\/www.hoehle.at\/wordpress\/wp-content\/uploads\/2013\/09\/VHO_20092.jpg\"><img loading=\"lazy\" decoding=\"async\" class=\"alignleft size-full wp-image-333\" alt=\"VHO_2009\" src=\"http:\/\/www.hoehle.at\/wordpress\/wp-content\/uploads\/2013\/09\/VHO_20092.jpg\" width=\"229\" height=\"320\" srcset=\"http:\/\/www.hoehle.at\/wordpress\/wp-content\/uploads\/2013\/09\/VHO_20092.jpg 229w, http:\/\/www.hoehle.at\/wordpress\/wp-content\/uploads\/2013\/09\/VHO_20092-214x300.jpg 214w\" sizes=\"(max-width: 229px) 100vw, 229px\" \/><\/a><\/p>\n<p>&nbsp;<\/p>\n<p>&nbsp;<\/p>\n<p>&nbsp;<\/p>\n<p>&nbsp;<\/p>\n<p>&nbsp;<\/p>\n<p>&nbsp;<\/p>\n<p>&nbsp;<\/p>\n<p>&nbsp;<\/p>\n<p>Format DIN A4, 176 Seiten, zahlreiche Farb- und Schwarzwei\u00dfbilder, sowie H\u00f6hlenpl\u00e4ne,<br \/>\ngebunden, Bad Mitterndorf 2009<\/p>\n<p>Inhalt:<\/p>\n<p>1. Inhaltsverzeichnis<br \/>\n2. Forschungen am Dachstein (16 Beitr\u00e4ge)<br \/>\n3. Forschungen im Toten Gebirge (12 Beitr\u00e4ge)<br \/>\n4. H\u00f6hlentauchen (3 Beitr\u00e4ge)<br \/>\n5. Bergwerke (3 Beitr\u00e4ge)<br \/>\n6. Forschungen im Iran (4 Beitr\u00e4ge)<br \/>\n7. Speleo-NEWS (11 Beitr\u00e4ge)<br \/>\n8. VHO-Intern (8 Beitr\u00e4ge)<\/p>\n<p><strong>Preis: 20.- Euro + Versandkosten<\/strong><\/p>\n<\/div>\n","protected":false},"excerpt":{"rendered":"<p>&nbsp; &nbsp; &nbsp; &nbsp; &nbsp; &nbsp; &nbsp; &nbsp; Format DIN A4, 176 Seiten, zahlreiche Farb- und Schwarzwei\u00dfbilder, sowie H\u00f6hlenpl\u00e4ne, gebunden, Bad Mitterndorf 2009 Inhalt: 1. Inhaltsverzeichnis 2. Forschungen am Dachstein (16 Beitr\u00e4ge) 3. Forschungen im Toten Gebirge (12 Beitr\u00e4ge) 4. &hellip; <a href=\"http:\/\/www.hoehle.at\/wordpress\/publikationen\/ausgabe-2009\/\">Weiterlesen <span class=\"meta-nav\">&rarr;<\/span><\/a><\/p>\n","protected":false},"author":2,"featured_media":0,"parent":119,"menu_order":0,"comment_status":"closed","ping_status":"closed","template":"","meta":{"footnotes":""},"_links":{"self":[{"href":"http:\/\/www.hoehle.at\/wordpress\/wp-json\/wp\/v2\/pages\/145"}],"collection":[{"href":"http:\/\/www.hoehle.at\/wordpress\/wp-json\/wp\/v2\/pages"}],"about":[{"href":"http:\/\/www.hoehle.at\/wordpress\/wp-json\/wp\/v2\/types\/page"}],"author":[{"embeddable":true,"href":"http:\/\/www.hoehle.at\/wordpress\/wp-json\/wp\/v2\/users\/2"}],"replies":[{"embeddable":true,"href":"http:\/\/www.hoehle.at\/wordpress\/wp-json\/wp\/v2\/comments?post=145"}],"version-history":[{"count":3,"href":"http:\/\/www.hoehle.at\/wordpress\/wp-json\/wp\/v2\/pages\/145\/revisions"}],"predecessor-version":[{"id":150,"href":"http:\/\/www.hoehle.at\/wordpress\/wp-json\/wp\/v2\/pages\/145\/revisions\/150"}],"up":[{"embeddable":true,"href":"http:\/\/www.hoehle.at\/wordpress\/wp-json\/wp\/v2\/pages\/119"}],"wp:attachment":[{"href":"http:\/\/www.hoehle.at\/wordpress\/wp-json\/wp\/v2\/media?parent=145"}],"curies":[{"name":"wp","href":"https:\/\/api.w.org\/{rel}","templated":true}]}}