{"id":146,"date":"2013-09-10T20:23:13","date_gmt":"2013-09-10T19:23:13","guid":{"rendered":"http:\/\/www.hoehle.at\/wordpress\/?page_id=146"},"modified":"2017-03-24T12:14:30","modified_gmt":"2017-03-24T11:14:30","slug":"ausgabe-2012","status":"publish","type":"page","link":"http:\/\/www.hoehle.at\/wordpress\/publikationen\/ausgabe-2012\/","title":{"rendered":"Ausgabe 2012"},"content":{"rendered":"<div id=\"colOne\">\n<p><a href=\"http:\/\/www.hoehle.at\/wordpress\/wp-content\/uploads\/2013\/09\/VHO_2012.jpg\"><img loading=\"lazy\" decoding=\"async\" class=\"alignleft size-full wp-image-335\" src=\"http:\/\/www.hoehle.at\/wordpress\/wp-content\/uploads\/2013\/09\/VHO_2012.jpg\" alt=\"VHO_2012\" width=\"234\" height=\"320\" srcset=\"http:\/\/www.hoehle.at\/wordpress\/wp-content\/uploads\/2013\/09\/VHO_2012.jpg 234w, http:\/\/www.hoehle.at\/wordpress\/wp-content\/uploads\/2013\/09\/VHO_2012-219x300.jpg 219w\" sizes=\"(max-width: 234px) 100vw, 234px\" \/><\/a><\/p>\n<p>&nbsp;<\/p>\n<p>&nbsp;<\/p>\n<p>&nbsp;<\/p>\n<p>&nbsp;<\/p>\n<p>&nbsp;<\/p>\n<p>&nbsp;<\/p>\n<p>&nbsp;<\/p>\n<p>&nbsp;<\/p>\n<p><a href=\"http:\/\/austria-forum.org\/web-books\/speleoaustria00de2012iicm\" target=\"_blank\">Webbook<\/a><\/p>\n<p>In 72 Berichten werden die Forschungsaktivit\u00e4ten anschaulich dargestellt. Beginnend von der Geschichte der organisierten H\u00f6hlenforschung im Steirischen Salzkammergut, Vorstellung der einzelnen Vereine und ihrer Forschungsarbeiten spannt sich Bogen \u00fcber die aktuellen Forschungen im Toten Gebirge und am Dachstein. Berichte \u00fcber Felsg\u00e4nge, Stollen und Bergewerke, internationale Forschungen im Iran sowie ein allgemeiner Teil runden das Buch ab.<\/p>\n<p>Format DIN A4, 336 Seiten, zahlreiche Farb- und Schwarz- Wei\u00dfbilder, viele H\u00f6hlenpl\u00e4ne,<br \/>\ngebunden, Bad Mitterndorf 2012<\/p>\n<p>Inhalt:<br \/>\n1. 100 Jahre H\u00f6hlenforschung<br \/>\n2. Forschungen am Dachstein<br \/>\n3. Forschungen im Toten Gebirge<br \/>\n4. Felsg\u00e4nge, Bergwerke und Stollen<br \/>\n5. Forschungen im Iran<br \/>\n6. Allgemeiner Teil<br \/>\n7. Verein f\u00fcr H\u00f6hlenkunde in Obersteier &#8211; Intern<br \/>\n8. Anhang mit H\u00f6hlenindex<\/p>\n<p><strong>Preis 20.- Euro + Versandkosten<\/strong><\/p>\n<\/div>\n","protected":false},"excerpt":{"rendered":"<p>&nbsp; &nbsp; &nbsp; &nbsp; &nbsp; &nbsp; &nbsp; &nbsp; Webbook In 72 Berichten werden die Forschungsaktivit\u00e4ten anschaulich dargestellt. Beginnend von der Geschichte der organisierten H\u00f6hlenforschung im Steirischen Salzkammergut, Vorstellung der einzelnen Vereine und ihrer Forschungsarbeiten spannt sich Bogen \u00fcber die aktuellen &hellip; <a href=\"http:\/\/www.hoehle.at\/wordpress\/publikationen\/ausgabe-2012\/\">Weiterlesen <span class=\"meta-nav\">&rarr;<\/span><\/a><\/p>\n","protected":false},"author":2,"featured_media":0,"parent":119,"menu_order":0,"comment_status":"closed","ping_status":"closed","template":"","meta":{"footnotes":""},"_links":{"self":[{"href":"http:\/\/www.hoehle.at\/wordpress\/wp-json\/wp\/v2\/pages\/146"}],"collection":[{"href":"http:\/\/www.hoehle.at\/wordpress\/wp-json\/wp\/v2\/pages"}],"about":[{"href":"http:\/\/www.hoehle.at\/wordpress\/wp-json\/wp\/v2\/types\/page"}],"author":[{"embeddable":true,"href":"http:\/\/www.hoehle.at\/wordpress\/wp-json\/wp\/v2\/users\/2"}],"replies":[{"embeddable":true,"href":"http:\/\/www.hoehle.at\/wordpress\/wp-json\/wp\/v2\/comments?post=146"}],"version-history":[{"count":10,"href":"http:\/\/www.hoehle.at\/wordpress\/wp-json\/wp\/v2\/pages\/146\/revisions"}],"predecessor-version":[{"id":1331,"href":"http:\/\/www.hoehle.at\/wordpress\/wp-json\/wp\/v2\/pages\/146\/revisions\/1331"}],"up":[{"embeddable":true,"href":"http:\/\/www.hoehle.at\/wordpress\/wp-json\/wp\/v2\/pages\/119"}],"wp:attachment":[{"href":"http:\/\/www.hoehle.at\/wordpress\/wp-json\/wp\/v2\/media?parent=146"}],"curies":[{"name":"wp","href":"https:\/\/api.w.org\/{rel}","templated":true}]}}