{"id":1656,"date":"2019-09-19T11:02:45","date_gmt":"2019-09-19T10:02:45","guid":{"rendered":"http:\/\/www.hoehle.at\/wordpress\/?page_id=1656"},"modified":"2019-09-19T11:52:08","modified_gmt":"2019-09-19T10:52:08","slug":"jugendarbeit","status":"publish","type":"page","link":"http:\/\/www.hoehle.at\/wordpress\/verein\/jugendarbeit\/","title":{"rendered":"Jugendarbeit"},"content":{"rendered":"<p style=\"text-align: justify;\"><a href=\"http:\/\/www.hoehle.at\/wordpress\/wp-content\/uploads\/2019\/09\/FBP1090113.jpg\"><img loading=\"lazy\" decoding=\"async\" class=\"aligncenter size-full wp-image-1661\" src=\"http:\/\/www.hoehle.at\/wordpress\/wp-content\/uploads\/2019\/09\/FBP1090113.jpg\" alt=\"FBP1090113\" width=\"1000\" height=\"667\" srcset=\"http:\/\/www.hoehle.at\/wordpress\/wp-content\/uploads\/2019\/09\/FBP1090113.jpg 1000w, http:\/\/www.hoehle.at\/wordpress\/wp-content\/uploads\/2019\/09\/FBP1090113-300x200.jpg 300w, http:\/\/www.hoehle.at\/wordpress\/wp-content\/uploads\/2019\/09\/FBP1090113-449x300.jpg 449w\" sizes=\"(max-width: 1000px) 100vw, 1000px\" \/><\/a><\/p>\n<p style=\"text-align: justify;\">Der Verein ist auch st\u00e4ndig auf der Suche nach Nachwuchs. Daher wird auch einiges f\u00fcr die Jugendarbeit getan.<\/p>\n<p style=\"text-align: justify;\">Neben Vortr\u00e4gen und Exkursionen f\u00fcr die Neue Mittelschule unternimmt der Verein auch regelm\u00e4\u00dfig H\u00f6hlentouren mit Kindern.<\/p>\n<div id=\"attachment_1659\" style=\"width: 1010px\" class=\"wp-caption aligncenter\"><a href=\"http:\/\/www.hoehle.at\/wordpress\/wp-content\/uploads\/2019\/09\/FBP1030703.jpg\"><img loading=\"lazy\" decoding=\"async\" aria-describedby=\"caption-attachment-1659\" class=\"size-full wp-image-1659\" src=\"http:\/\/www.hoehle.at\/wordpress\/wp-content\/uploads\/2019\/09\/FBP1030703.jpg\" alt=\"Exkursion zur Riesenkarstquelle &quot;Sagt\u00fcmpel&quot; im Rahmen einer Projektwoche der Neuen Mittelschule Bad Mitterndorf.\" width=\"1000\" height=\"667\" srcset=\"http:\/\/www.hoehle.at\/wordpress\/wp-content\/uploads\/2019\/09\/FBP1030703.jpg 1000w, http:\/\/www.hoehle.at\/wordpress\/wp-content\/uploads\/2019\/09\/FBP1030703-300x200.jpg 300w, http:\/\/www.hoehle.at\/wordpress\/wp-content\/uploads\/2019\/09\/FBP1030703-449x300.jpg 449w\" sizes=\"(max-width: 1000px) 100vw, 1000px\" \/><\/a><p id=\"caption-attachment-1659\" class=\"wp-caption-text\">Exkursion zur Riesenkarstquelle &#8222;Sagt\u00fcmpel&#8220; im Rahmen einer Projektwoche der Neuen Mittelschule Bad Mitterndorf.<\/p><\/div>\n<p style=\"text-align: justify;\">Seit 1995 beteiligte sich der Verein aktiv an den Sommerprogrammen der Gemeinde Bad Mitterndorf. Anfangs liefen diese Programme unter dem Motto &#8222;Sport statt Drogen&#8220;, sp\u00e4ter war es die so genannte &#8222;Sommergaudi&#8220;.<\/p>\n<div id=\"attachment_1660\" style=\"width: 1010px\" class=\"wp-caption aligncenter\"><a href=\"http:\/\/www.hoehle.at\/wordpress\/wp-content\/uploads\/2019\/09\/FBP1010921.jpg\"><img loading=\"lazy\" decoding=\"async\" aria-describedby=\"caption-attachment-1660\" class=\"size-full wp-image-1660\" src=\"http:\/\/www.hoehle.at\/wordpress\/wp-content\/uploads\/2019\/09\/FBP1010921.jpg\" alt=\"Besuch des Ligllochs bei der &quot;Sommergaudi 2016&quot;.\" width=\"1000\" height=\"667\" srcset=\"http:\/\/www.hoehle.at\/wordpress\/wp-content\/uploads\/2019\/09\/FBP1010921.jpg 1000w, http:\/\/www.hoehle.at\/wordpress\/wp-content\/uploads\/2019\/09\/FBP1010921-300x200.jpg 300w, http:\/\/www.hoehle.at\/wordpress\/wp-content\/uploads\/2019\/09\/FBP1010921-449x300.jpg 449w\" sizes=\"(max-width: 1000px) 100vw, 1000px\" \/><\/a><p id=\"caption-attachment-1660\" class=\"wp-caption-text\">Besuch des Ligllochs bei der &#8222;Sommergaudi 2016&#8220;.<\/p><\/div>\n<p style=\"text-align: justify;\">Im Zuge dieser Programme konnten zahlreiche Touren in H\u00f6hlen durchgef\u00fchrt werden. Dabei wurden die Kinder und Jugtendlichen nicht nur in die H\u00f6hlenkunde eingef\u00fchrt, sondern lernten auch stets den schonenden Umgang mit der Natur und unserer sch\u00f6nen Heimat.<\/p>\n<p style=\"text-align: justify;\"><a href=\"http:\/\/www.hoehle.at\/wordpress\/wp-content\/uploads\/2019\/09\/FBP1030224.jpg\"><img loading=\"lazy\" decoding=\"async\" class=\"aligncenter size-full wp-image-1663\" src=\"http:\/\/www.hoehle.at\/wordpress\/wp-content\/uploads\/2019\/09\/FBP1030224.jpg\" alt=\"FBP1030224\" width=\"1200\" height=\"675\" srcset=\"http:\/\/www.hoehle.at\/wordpress\/wp-content\/uploads\/2019\/09\/FBP1030224.jpg 1200w, http:\/\/www.hoehle.at\/wordpress\/wp-content\/uploads\/2019\/09\/FBP1030224-300x168.jpg 300w, http:\/\/www.hoehle.at\/wordpress\/wp-content\/uploads\/2019\/09\/FBP1030224-1024x576.jpg 1024w, http:\/\/www.hoehle.at\/wordpress\/wp-content\/uploads\/2019\/09\/FBP1030224-500x281.jpg 500w\" sizes=\"(max-width: 1200px) 100vw, 1200px\" \/><\/a><\/p>\n","protected":false},"excerpt":{"rendered":"<p>Der Verein ist auch st\u00e4ndig auf der Suche nach Nachwuchs. Daher wird auch einiges f\u00fcr die Jugendarbeit getan. Neben Vortr\u00e4gen und Exkursionen f\u00fcr die Neue Mittelschule unternimmt der Verein auch regelm\u00e4\u00dfig H\u00f6hlentouren mit Kindern. Seit 1995 beteiligte sich der Verein &hellip; <a href=\"http:\/\/www.hoehle.at\/wordpress\/verein\/jugendarbeit\/\">Weiterlesen <span class=\"meta-nav\">&rarr;<\/span><\/a><\/p>\n","protected":false},"author":2,"featured_media":0,"parent":23,"menu_order":7,"comment_status":"closed","ping_status":"closed","template":"","meta":{"footnotes":""},"_links":{"self":[{"href":"http:\/\/www.hoehle.at\/wordpress\/wp-json\/wp\/v2\/pages\/1656"}],"collection":[{"href":"http:\/\/www.hoehle.at\/wordpress\/wp-json\/wp\/v2\/pages"}],"about":[{"href":"http:\/\/www.hoehle.at\/wordpress\/wp-json\/wp\/v2\/types\/page"}],"author":[{"embeddable":true,"href":"http:\/\/www.hoehle.at\/wordpress\/wp-json\/wp\/v2\/users\/2"}],"replies":[{"embeddable":true,"href":"http:\/\/www.hoehle.at\/wordpress\/wp-json\/wp\/v2\/comments?post=1656"}],"version-history":[{"count":4,"href":"http:\/\/www.hoehle.at\/wordpress\/wp-json\/wp\/v2\/pages\/1656\/revisions"}],"predecessor-version":[{"id":1664,"href":"http:\/\/www.hoehle.at\/wordpress\/wp-json\/wp\/v2\/pages\/1656\/revisions\/1664"}],"up":[{"embeddable":true,"href":"http:\/\/www.hoehle.at\/wordpress\/wp-json\/wp\/v2\/pages\/23"}],"wp:attachment":[{"href":"http:\/\/www.hoehle.at\/wordpress\/wp-json\/wp\/v2\/media?parent=1656"}],"curies":[{"name":"wp","href":"https:\/\/api.w.org\/{rel}","templated":true}]}}