{"id":1698,"date":"2019-11-15T11:13:52","date_gmt":"2019-11-15T10:13:52","guid":{"rendered":"http:\/\/www.hoehle.at\/wordpress\/?page_id=1698"},"modified":"2024-11-04T15:46:55","modified_gmt":"2024-11-04T14:46:55","slug":"vermessungsprojekt-pozo-azul","status":"publish","type":"page","link":"http:\/\/www.hoehle.at\/wordpress\/hohlentauchen\/vermessungsprojekt-pozo-azul\/","title":{"rendered":"Vermessungsprojekt Pozo Azul"},"content":{"rendered":"<p style=\"text-align: justify;\"><span style=\"font-size: 14pt;\">Vermessung des ersten Siphons der Pozo Azul, Covanera, Spanien<\/span><\/p>\n<p style=\"text-align: justify;\">In Nordspanien im Bezirk Burgos liegt eine der l\u00e4ngsten bekannten Wasserh\u00f6hlen, die Quelle Pozo Azul (blauer Brunnen). Der im Quelltopf entspringende kleine Fluss m\u00fcndet nach kurzem Lauf in die Rudron, die sich weiter nach Norden durch ein wildromatisch eingeschnittenes Tal schl\u00e4ngelt.<\/p>\n<p style=\"text-align: justify;\"><a href=\"http:\/\/www.hoehle.at\/wordpress\/wp-content\/uploads\/2019\/11\/VHO_Pozo-Azul-Normalwasser-30.5.2015.jpg\"><img loading=\"lazy\" decoding=\"async\" class=\"aligncenter size-full wp-image-1702\" src=\"http:\/\/www.hoehle.at\/wordpress\/wp-content\/uploads\/2019\/11\/VHO_Pozo-Azul-Normalwasser-30.5.2015.jpg\" alt=\"VHO_Pozo Azul Normalwasser 30.5.2015\" width=\"1000\" height=\"750\" srcset=\"http:\/\/www.hoehle.at\/wordpress\/wp-content\/uploads\/2019\/11\/VHO_Pozo-Azul-Normalwasser-30.5.2015.jpg 1000w, http:\/\/www.hoehle.at\/wordpress\/wp-content\/uploads\/2019\/11\/VHO_Pozo-Azul-Normalwasser-30.5.2015-300x225.jpg 300w, http:\/\/www.hoehle.at\/wordpress\/wp-content\/uploads\/2019\/11\/VHO_Pozo-Azul-Normalwasser-30.5.2015-400x300.jpg 400w\" sizes=\"(max-width: 1000px) 100vw, 1000px\" \/><\/a>Der erste Siphon ist etwa 700 m lang und maximal 21 m tief. Dann kommt ein langer See und 180 m Bachlauf bevor man den zweiten Siphon erreicht. Dieser ist \u00fcber 5 km lang und bis zu 70 m tief. Weitere lange Siphone folgen bis zum heutigen Endpunkt, etwa 11 km vom Eingang entfernt.<\/p>\n<p style=\"text-align: justify;\"><a href=\"http:\/\/www.hoehle.at\/wordpress\/wp-content\/uploads\/2019\/11\/VHO_Austauchen-mit-Zepp.jpg\"><img loading=\"lazy\" decoding=\"async\" class=\"aligncenter size-full wp-image-1707\" src=\"http:\/\/www.hoehle.at\/wordpress\/wp-content\/uploads\/2019\/11\/VHO_Austauchen-mit-Zepp.jpg\" alt=\"VHO_Austauchen mit Zepp\" width=\"1000\" height=\"562\" srcset=\"http:\/\/www.hoehle.at\/wordpress\/wp-content\/uploads\/2019\/11\/VHO_Austauchen-mit-Zepp.jpg 1000w, http:\/\/www.hoehle.at\/wordpress\/wp-content\/uploads\/2019\/11\/VHO_Austauchen-mit-Zepp-300x168.jpg 300w, http:\/\/www.hoehle.at\/wordpress\/wp-content\/uploads\/2019\/11\/VHO_Austauchen-mit-Zepp-500x281.jpg 500w\" sizes=\"(max-width: 1000px) 100vw, 1000px\" \/><\/a><\/p>\n<p style=\"text-align: justify;\"><a href=\"http:\/\/www.hoehle.at\/wordpress\/wp-content\/uploads\/2019\/11\/VHO_Peter-beim-Abtauchen-Richtung-Restruktion.jpg\"><img loading=\"lazy\" decoding=\"async\" class=\"aligncenter size-full wp-image-1705\" src=\"http:\/\/www.hoehle.at\/wordpress\/wp-content\/uploads\/2019\/11\/VHO_Peter-beim-Abtauchen-Richtung-Restruktion.jpg\" alt=\"VHO_Peter beim Abtauchen Richtung Restruktion\" width=\"1000\" height=\"562\" srcset=\"http:\/\/www.hoehle.at\/wordpress\/wp-content\/uploads\/2019\/11\/VHO_Peter-beim-Abtauchen-Richtung-Restruktion.jpg 1000w, http:\/\/www.hoehle.at\/wordpress\/wp-content\/uploads\/2019\/11\/VHO_Peter-beim-Abtauchen-Richtung-Restruktion-300x168.jpg 300w, http:\/\/www.hoehle.at\/wordpress\/wp-content\/uploads\/2019\/11\/VHO_Peter-beim-Abtauchen-Richtung-Restruktion-500x281.jpg 500w\" sizes=\"(max-width: 1000px) 100vw, 1000px\" \/><\/a><\/p>\n<p style=\"text-align: justify;\">Die entlegeneren Teile wurden ma\u00dfgeblich von einer Gruppe Tauchern um Jason Mallison erforscht. Beteiligt waren unter anderen auch Rick Standton, Rene Houben und Pedro Balordi. Spanische Taucher unterst\u00fctzten die Expeditionen. \u00dcber diesen Link ist einiges zu den Erforschungen ersichtlich: <a href=\"http:\/\/www.pozoazul-cavediving.org\/\" target=\"_blank\" rel=\"noopener\">http:\/\/www.pozoazul-cavediving.org\/<\/a><br \/>\nZwei Taucher vom VHO (Jutta Brandmeier u. Peter Jeutter) fanden Gefallen an dieser sch\u00f6nen Unterwasserh\u00f6hle. Zwar ist sie was L\u00e4nge und Richtung angeht grob vermessen, jedoch war kein Detailplan des ersten Siphons bekannt. Da die \u00fcberwiegende Zahl der Taucher vor allem (und nur) den ersten Siphon tauchen, wurde beschlossen den ersten Siphon \u201eold school\u201c mit Ma\u00dfband und Kompass zu vermessen um einen detaillierteren Plan zu erstellen.<\/p>\n<p style=\"text-align: justify;\"><a href=\"http:\/\/www.hoehle.at\/wordpress\/wp-content\/uploads\/2019\/11\/VHO_Wegfahren-erste-100m-2.jpg\"><img loading=\"lazy\" decoding=\"async\" class=\"aligncenter size-full wp-image-1706\" src=\"http:\/\/www.hoehle.at\/wordpress\/wp-content\/uploads\/2019\/11\/VHO_Wegfahren-erste-100m-2.jpg\" alt=\"VHO_Wegfahren erste 100m #2\" width=\"1000\" height=\"562\" srcset=\"http:\/\/www.hoehle.at\/wordpress\/wp-content\/uploads\/2019\/11\/VHO_Wegfahren-erste-100m-2.jpg 1000w, http:\/\/www.hoehle.at\/wordpress\/wp-content\/uploads\/2019\/11\/VHO_Wegfahren-erste-100m-2-300x168.jpg 300w, http:\/\/www.hoehle.at\/wordpress\/wp-content\/uploads\/2019\/11\/VHO_Wegfahren-erste-100m-2-500x281.jpg 500w\" sizes=\"(max-width: 1000px) 100vw, 1000px\" \/><\/a>In drei Forschungsfahrten \u00e1 4000 km und insgesamt 15 Tauchg\u00e4ngen wurde dies umgesetzt, der erste Siphon und ein Teil des Sees vermessen.<br \/>\nGetaucht wurde mit je einem Doppel 12 l R\u00fcckenger\u00e4t und zwei Stages, gef\u00fcllt mit 36er Nitrox. Um den Materialtransport vom Parkplatz zu optimieren wurden die Stages nur zur Reserve mitgef\u00fchrt und am Boden des Quelltopfes f\u00fcr den n\u00e4chsten Tag zur\u00fcckgelassen. Es wurden zwei lange 714T Aquazepp Scooter eingesetzt, die in den ersten zwei Jahren ebenfalls f\u00fcr den ganzen Zeitraum im Quelltopf verblieben sind. Lediglich bei den letzten Vermessungsarbeiten wurden sie zum Aufladen einmal aus dem Wasser genommen. Dadurch beschr\u00e4nkte sich der Materialtransport auf einmal hin und zur\u00fcck f\u00fcr Stages und Scooter und t\u00e4glich wurde das R\u00fcckenger\u00e4t gef\u00fcllt.<br \/>\nDie Vermessungsarbeiten gestalteten sich so, dass immer bis zum letzten Messpunkt mit dem Scooter gefahren wurde und dann schwimmend vermessen und vor Ort gezeichnet. Eingesetzt wurden ein einfaches Ma\u00dfband und ein Suunto Kompass. Die Genauigkeit entspricht dem BCRA Grad 4c.<\/p>\n<p style=\"text-align: justify;\"><a href=\"http:\/\/www.hoehle.at\/wordpress\/wp-content\/uploads\/2019\/11\/VHO_Detailplan-Eingangsteil-Aufri\u00df.jpg\"><img loading=\"lazy\" decoding=\"async\" class=\"aligncenter size-full wp-image-1708\" src=\"http:\/\/www.hoehle.at\/wordpress\/wp-content\/uploads\/2019\/11\/VHO_Detailplan-Eingangsteil-Aufri\u00df.jpg\" alt=\"VHO_Detailplan Eingangsteil Aufri\u00df\" width=\"1000\" height=\"444\" srcset=\"http:\/\/www.hoehle.at\/wordpress\/wp-content\/uploads\/2019\/11\/VHO_Detailplan-Eingangsteil-Aufri\u00df.jpg 1000w, http:\/\/www.hoehle.at\/wordpress\/wp-content\/uploads\/2019\/11\/VHO_Detailplan-Eingangsteil-Aufri\u00df-300x133.jpg 300w, http:\/\/www.hoehle.at\/wordpress\/wp-content\/uploads\/2019\/11\/VHO_Detailplan-Eingangsteil-Aufri\u00df-500x222.jpg 500w\" sizes=\"(max-width: 1000px) 100vw, 1000px\" \/><\/a><\/p>\n<p style=\"text-align: justify;\"><a href=\"http:\/\/www.hoehle.at\/wordpress\/wp-content\/uploads\/2019\/11\/VHO_Detailplan-Eingangsteil-Grundri\u00df.jpg\"><img loading=\"lazy\" decoding=\"async\" class=\"aligncenter size-full wp-image-1709\" src=\"http:\/\/www.hoehle.at\/wordpress\/wp-content\/uploads\/2019\/11\/VHO_Detailplan-Eingangsteil-Grundri\u00df.jpg\" alt=\"VHO_Detailplan Eingangsteil Grundri\u00df\" width=\"1000\" height=\"559\" srcset=\"http:\/\/www.hoehle.at\/wordpress\/wp-content\/uploads\/2019\/11\/VHO_Detailplan-Eingangsteil-Grundri\u00df.jpg 1000w, http:\/\/www.hoehle.at\/wordpress\/wp-content\/uploads\/2019\/11\/VHO_Detailplan-Eingangsteil-Grundri\u00df-300x167.jpg 300w, http:\/\/www.hoehle.at\/wordpress\/wp-content\/uploads\/2019\/11\/VHO_Detailplan-Eingangsteil-Grundri\u00df-500x279.jpg 500w\" sizes=\"(max-width: 1000px) 100vw, 1000px\" \/><\/a><\/p>\n<p style=\"text-align: justify;\"><a href=\"https:\/\/www.youtube.com\/watch?v=AWo620RHP9M&amp;t=\">Film \u00fcber die Vermessung des ersten Siphons der Pozo Azul <\/a><\/p>\n<p style=\"text-align: justify;\"><a href=\"https:\/\/www.youtube.com\/watch?v=nOujeTIrqZo\" target=\"_blank\" rel=\"noopener\">Video, surveying sump one of Pozo Azul <\/a><\/p>\n<p style=\"text-align: justify;\">Download des H\u00f6hlenplanes (19,5 mb): <a href=\"http:\/\/www.hoehle.at\/wordpress\/wp-content\/uploads\/2024\/11\/PA-11-2023-Castellano-final.pdf\">PA 11 &#8211; 2023 Castellano final<\/a><\/p>\n","protected":false},"excerpt":{"rendered":"<p>Vermessung des ersten Siphons der Pozo Azul, Covanera, Spanien In Nordspanien im Bezirk Burgos liegt eine der l\u00e4ngsten bekannten Wasserh\u00f6hlen, die Quelle Pozo Azul (blauer Brunnen). Der im Quelltopf entspringende kleine Fluss m\u00fcndet nach kurzem Lauf in die Rudron, die &hellip; <a href=\"http:\/\/www.hoehle.at\/wordpress\/hohlentauchen\/vermessungsprojekt-pozo-azul\/\">Weiterlesen <span class=\"meta-nav\">&rarr;<\/span><\/a><\/p>\n","protected":false},"author":2,"featured_media":0,"parent":72,"menu_order":0,"comment_status":"closed","ping_status":"closed","template":"","meta":{"footnotes":""},"_links":{"self":[{"href":"http:\/\/www.hoehle.at\/wordpress\/wp-json\/wp\/v2\/pages\/1698"}],"collection":[{"href":"http:\/\/www.hoehle.at\/wordpress\/wp-json\/wp\/v2\/pages"}],"about":[{"href":"http:\/\/www.hoehle.at\/wordpress\/wp-json\/wp\/v2\/types\/page"}],"author":[{"embeddable":true,"href":"http:\/\/www.hoehle.at\/wordpress\/wp-json\/wp\/v2\/users\/2"}],"replies":[{"embeddable":true,"href":"http:\/\/www.hoehle.at\/wordpress\/wp-json\/wp\/v2\/comments?post=1698"}],"version-history":[{"count":14,"href":"http:\/\/www.hoehle.at\/wordpress\/wp-json\/wp\/v2\/pages\/1698\/revisions"}],"predecessor-version":[{"id":2577,"href":"http:\/\/www.hoehle.at\/wordpress\/wp-json\/wp\/v2\/pages\/1698\/revisions\/2577"}],"up":[{"embeddable":true,"href":"http:\/\/www.hoehle.at\/wordpress\/wp-json\/wp\/v2\/pages\/72"}],"wp:attachment":[{"href":"http:\/\/www.hoehle.at\/wordpress\/wp-json\/wp\/v2\/media?parent=1698"}],"curies":[{"name":"wp","href":"https:\/\/api.w.org\/{rel}","templated":true}]}}