{"id":1745,"date":"2020-01-24T08:42:13","date_gmt":"2020-01-24T07:42:13","guid":{"rendered":"http:\/\/www.hoehle.at\/wordpress\/?page_id=1745"},"modified":"2020-01-24T08:59:23","modified_gmt":"2020-01-24T07:59:23","slug":"keltenbrunnen","status":"publish","type":"page","link":"http:\/\/www.hoehle.at\/wordpress\/hohlentauchen\/keltenbrunnen\/","title":{"rendered":"Keltenbrunnen"},"content":{"rendered":"<p style=\"text-align: justify;\"><a href=\"http:\/\/www.hoehle.at\/wordpress\/wp-content\/uploads\/2020\/01\/VHO_P1080613.jpg\"><img loading=\"lazy\" decoding=\"async\" class=\"aligncenter size-full wp-image-1751\" src=\"http:\/\/www.hoehle.at\/wordpress\/wp-content\/uploads\/2020\/01\/VHO_P1080613.jpg\" alt=\"VHO_P1080613\" width=\"1200\" height=\"801\" srcset=\"http:\/\/www.hoehle.at\/wordpress\/wp-content\/uploads\/2020\/01\/VHO_P1080613.jpg 1200w, http:\/\/www.hoehle.at\/wordpress\/wp-content\/uploads\/2020\/01\/VHO_P1080613-300x200.jpg 300w, http:\/\/www.hoehle.at\/wordpress\/wp-content\/uploads\/2020\/01\/VHO_P1080613-1024x683.jpg 1024w, http:\/\/www.hoehle.at\/wordpress\/wp-content\/uploads\/2020\/01\/VHO_P1080613-449x300.jpg 449w\" sizes=\"(max-width: 1200px) 100vw, 1200px\" \/><\/a><\/p>\n<p style=\"text-align: justify;\">Im Zuge von Gel\u00e4ndeerkundungen an den Nordflanken des steirischen Dachsteinplateaus gelang es im Fr\u00fchjahr 2015 \u00fcberraschend, einen bisher unbekannten, starken Quellaustritt zu entdecken.<\/p>\n<p style=\"text-align: justify;\">Die mit grobem Blockwerk verlegte Karstquelle befindet sich etwa 200 H\u00f6henmeter \u00fcber der Talsohle in sehr steilem Gel\u00e4nde in unzug\u00e4nglichen Dolomitgr\u00e4ben. Der Zustieg ist schwierig und ziemlich m\u00fchsam.<\/p>\n<p style=\"text-align: justify;\">In mehreren Aktionen war es m\u00f6glich zahlreiche gro\u00dfe Bl\u00f6cke mit Treibkeilen zu zerlegen und zu entfernen. Es gelang schlie\u00dflich den Zugang zu einer etwa 1,5 m\u00b2 gro\u00dfen Wasserfl\u00e4che zu \u00f6ffnen, von der ein kleinr\u00e4umiger Siphon in die Tiefe f\u00fchrt. Die H\u00f6hle wurde Keltenbrunnen genannt und stellt die bisher einzige betauchbare H\u00f6hle in diesem Gebiet dar.<\/p>\n<p style=\"text-align: justify;\">Bei einem ersten Tauchvorsto\u00df durch Robert Seebacher, unterst\u00fctzt durch Sebastian Seebacher gelang es im Juni 2016, 16 m weit bei einer maximalen Tauchtiefe von 7 m vorzudringen. Die Unterwasserstrecke weist mehrere Engstellen auf und konnte bis zu einer sehr engen, senkrechten Spalte betaucht werden. Ob dieses Hindernis \u00fcberwunden werden kann, muss bei weiteren Tauchg\u00e4ngen gekl\u00e4rt werden.<\/p>\n\n\t\t<style type=\"text\/css\">\n\t\t\t#gallery-1 {\n\t\t\t\tmargin: auto;\n\t\t\t}\n\t\t\t#gallery-1 .gallery-item {\n\t\t\t\tfloat: left;\n\t\t\t\tmargin-top: 10px;\n\t\t\t\ttext-align: center;\n\t\t\t\twidth: 33%;\n\t\t\t}\n\t\t\t#gallery-1 img {\n\t\t\t\tborder: 2px solid #cfcfcf;\n\t\t\t}\n\t\t\t#gallery-1 .gallery-caption {\n\t\t\t\tmargin-left: 0;\n\t\t\t}\n\t\t\t\/* see gallery_shortcode() in wp-includes\/media.php *\/\n\t\t<\/style>\n\t\t<div id='gallery-1' class='gallery galleryid-1745 gallery-columns-3 gallery-size-thumbnail'><dl class='gallery-item'>\n\t\t\t<dt class='gallery-icon landscape'>\n\t\t\t\t<a href='http:\/\/www.hoehle.at\/wordpress\/hohlentauchen\/keltenbrunnen\/vho_p1080604\/'><img loading=\"lazy\" decoding=\"async\" width=\"150\" height=\"150\" src=\"http:\/\/www.hoehle.at\/wordpress\/wp-content\/uploads\/2020\/01\/VHO_P1080604-150x150.jpg\" class=\"attachment-thumbnail size-thumbnail\" alt=\"\" \/><\/a>\n\t\t\t<\/dt><\/dl><dl class='gallery-item'>\n\t\t\t<dt class='gallery-icon landscape'>\n\t\t\t\t<a href='http:\/\/www.hoehle.at\/wordpress\/hohlentauchen\/keltenbrunnen\/vho_p1080609\/'><img loading=\"lazy\" decoding=\"async\" width=\"150\" height=\"150\" src=\"http:\/\/www.hoehle.at\/wordpress\/wp-content\/uploads\/2020\/01\/VHO_P1080609-150x150.jpg\" class=\"attachment-thumbnail size-thumbnail\" alt=\"\" \/><\/a>\n\t\t\t<\/dt><\/dl><dl class='gallery-item'>\n\t\t\t<dt class='gallery-icon landscape'>\n\t\t\t\t<a href='http:\/\/www.hoehle.at\/wordpress\/hohlentauchen\/keltenbrunnen\/vho_p1080606\/'><img loading=\"lazy\" decoding=\"async\" width=\"150\" height=\"150\" src=\"http:\/\/www.hoehle.at\/wordpress\/wp-content\/uploads\/2020\/01\/VHO_P1080606-150x150.jpg\" class=\"attachment-thumbnail size-thumbnail\" alt=\"\" \/><\/a>\n\t\t\t<\/dt><\/dl><br style=\"clear: both\" \/><dl class='gallery-item'>\n\t\t\t<dt class='gallery-icon portrait'>\n\t\t\t\t<a href='http:\/\/www.hoehle.at\/wordpress\/hohlentauchen\/keltenbrunnen\/vho_p1080615\/'><img loading=\"lazy\" decoding=\"async\" width=\"150\" height=\"150\" src=\"http:\/\/www.hoehle.at\/wordpress\/wp-content\/uploads\/2020\/01\/VHO_P1080615-150x150.jpg\" class=\"attachment-thumbnail size-thumbnail\" alt=\"\" \/><\/a>\n\t\t\t<\/dt><\/dl><dl class='gallery-item'>\n\t\t\t<dt class='gallery-icon landscape'>\n\t\t\t\t<a href='http:\/\/www.hoehle.at\/wordpress\/hohlentauchen\/keltenbrunnen\/vho_p1080616\/'><img loading=\"lazy\" decoding=\"async\" width=\"150\" height=\"150\" src=\"http:\/\/www.hoehle.at\/wordpress\/wp-content\/uploads\/2020\/01\/VHO_P1080616-150x150.jpg\" class=\"attachment-thumbnail size-thumbnail\" alt=\"\" \/><\/a>\n\t\t\t<\/dt><\/dl><dl class='gallery-item'>\n\t\t\t<dt class='gallery-icon landscape'>\n\t\t\t\t<a href='http:\/\/www.hoehle.at\/wordpress\/hohlentauchen\/keltenbrunnen\/vho_p1080623\/'><img loading=\"lazy\" decoding=\"async\" width=\"150\" height=\"150\" src=\"http:\/\/www.hoehle.at\/wordpress\/wp-content\/uploads\/2020\/01\/VHO_P1080623-150x150.jpg\" class=\"attachment-thumbnail size-thumbnail\" alt=\"\" \/><\/a>\n\t\t\t<\/dt><\/dl><br style=\"clear: both\" \/><dl class='gallery-item'>\n\t\t\t<dt class='gallery-icon landscape'>\n\t\t\t\t<a href='http:\/\/www.hoehle.at\/wordpress\/hohlentauchen\/keltenbrunnen\/vho_p1080622\/'><img loading=\"lazy\" decoding=\"async\" width=\"150\" height=\"150\" src=\"http:\/\/www.hoehle.at\/wordpress\/wp-content\/uploads\/2020\/01\/VHO_P1080622-150x150.jpg\" class=\"attachment-thumbnail size-thumbnail\" alt=\"\" \/><\/a>\n\t\t\t<\/dt><\/dl><dl class='gallery-item'>\n\t\t\t<dt class='gallery-icon landscape'>\n\t\t\t\t<a href='http:\/\/www.hoehle.at\/wordpress\/hohlentauchen\/keltenbrunnen\/vho_p1080617\/'><img loading=\"lazy\" decoding=\"async\" width=\"150\" height=\"150\" src=\"http:\/\/www.hoehle.at\/wordpress\/wp-content\/uploads\/2020\/01\/VHO_P1080617-150x150.jpg\" class=\"attachment-thumbnail size-thumbnail\" alt=\"\" \/><\/a>\n\t\t\t<\/dt><\/dl><dl class='gallery-item'>\n\t\t\t<dt class='gallery-icon landscape'>\n\t\t\t\t<a href='http:\/\/www.hoehle.at\/wordpress\/hohlentauchen\/keltenbrunnen\/vho_p1080624\/'><img loading=\"lazy\" decoding=\"async\" width=\"150\" height=\"150\" src=\"http:\/\/www.hoehle.at\/wordpress\/wp-content\/uploads\/2020\/01\/VHO_P1080624-150x150.jpg\" class=\"attachment-thumbnail size-thumbnail\" alt=\"\" \/><\/a>\n\t\t\t<\/dt><\/dl><br style=\"clear: both\" \/>\n\t\t<\/div>\n\n","protected":false},"excerpt":{"rendered":"<p>Im Zuge von Gel\u00e4ndeerkundungen an den Nordflanken des steirischen Dachsteinplateaus gelang es im Fr\u00fchjahr 2015 \u00fcberraschend, einen bisher unbekannten, starken Quellaustritt zu entdecken. Die mit grobem Blockwerk verlegte Karstquelle befindet sich etwa 200 H\u00f6henmeter \u00fcber der Talsohle in sehr steilem &hellip; <a href=\"http:\/\/www.hoehle.at\/wordpress\/hohlentauchen\/keltenbrunnen\/\">Weiterlesen <span class=\"meta-nav\">&rarr;<\/span><\/a><\/p>\n","protected":false},"author":2,"featured_media":0,"parent":72,"menu_order":4,"comment_status":"closed","ping_status":"closed","template":"","meta":{"footnotes":""},"_links":{"self":[{"href":"http:\/\/www.hoehle.at\/wordpress\/wp-json\/wp\/v2\/pages\/1745"}],"collection":[{"href":"http:\/\/www.hoehle.at\/wordpress\/wp-json\/wp\/v2\/pages"}],"about":[{"href":"http:\/\/www.hoehle.at\/wordpress\/wp-json\/wp\/v2\/types\/page"}],"author":[{"embeddable":true,"href":"http:\/\/www.hoehle.at\/wordpress\/wp-json\/wp\/v2\/users\/2"}],"replies":[{"embeddable":true,"href":"http:\/\/www.hoehle.at\/wordpress\/wp-json\/wp\/v2\/comments?post=1745"}],"version-history":[{"count":5,"href":"http:\/\/www.hoehle.at\/wordpress\/wp-json\/wp\/v2\/pages\/1745\/revisions"}],"predecessor-version":[{"id":1760,"href":"http:\/\/www.hoehle.at\/wordpress\/wp-json\/wp\/v2\/pages\/1745\/revisions\/1760"}],"up":[{"embeddable":true,"href":"http:\/\/www.hoehle.at\/wordpress\/wp-json\/wp\/v2\/pages\/72"}],"wp:attachment":[{"href":"http:\/\/www.hoehle.at\/wordpress\/wp-json\/wp\/v2\/media?parent=1745"}],"curies":[{"name":"wp","href":"https:\/\/api.w.org\/{rel}","templated":true}]}}