{"id":1808,"date":"2020-01-28T19:17:03","date_gmt":"2020-01-28T18:17:03","guid":{"rendered":"http:\/\/www.hoehle.at\/wordpress\/?page_id=1808"},"modified":"2020-01-28T19:17:03","modified_gmt":"2020-01-28T18:17:03","slug":"tauernhoehle-verbindungstauchgang-huetterschacht-wasserloch","status":"publish","type":"page","link":"http:\/\/www.hoehle.at\/wordpress\/hohlentauchen\/tauernhoehle-verbindungstauchgang-huetterschacht-wasserloch\/","title":{"rendered":"Tauernh\u00f6hle; Verbindungstauchgang H\u00fctterschacht-Wasserloch"},"content":{"rendered":"<p>Bei einer Tauchaktion am 03.07.2009 gelang es, zwischen den beiden Gro\u00dfh\u00f6hlen H\u00fctterschacht (1614\/6) und dem Wasserloch in der Tauernwand (1614\/5) eine befahrbare Verbindung nachzuweisen. Durch die Verbindung entstand die Tauernh\u00f6hle mit einer Gesamtl\u00e4nge von knapp 5 km und einer Tiefe von 252 m.<\/p>\n<p><a href=\"http:\/\/www.hoehle.at\/wordpress\/wp-content\/uploads\/2020\/01\/PR1625P7030298.jpg\"><img loading=\"lazy\" decoding=\"async\" class=\"aligncenter size-full wp-image-1810\" src=\"http:\/\/www.hoehle.at\/wordpress\/wp-content\/uploads\/2020\/01\/PR1625P7030298.jpg\" alt=\"OLYMPUS DIGITAL CAMERA\" width=\"933\" height=\"700\" srcset=\"http:\/\/www.hoehle.at\/wordpress\/wp-content\/uploads\/2020\/01\/PR1625P7030298.jpg 933w, http:\/\/www.hoehle.at\/wordpress\/wp-content\/uploads\/2020\/01\/PR1625P7030298-300x225.jpg 300w, http:\/\/www.hoehle.at\/wordpress\/wp-content\/uploads\/2020\/01\/PR1625P7030298-399x300.jpg 399w\" sizes=\"(max-width: 933px) 100vw, 933px\" \/><\/a><\/p>\n<p><a href=\"http:\/\/www.hoehle.at\/wordpress\/wp-content\/uploads\/2020\/01\/PR1625P7030326.jpg\"><img loading=\"lazy\" decoding=\"async\" class=\"aligncenter size-full wp-image-1809\" src=\"http:\/\/www.hoehle.at\/wordpress\/wp-content\/uploads\/2020\/01\/PR1625P7030326.jpg\" alt=\"OLYMPUS DIGITAL CAMERA\" width=\"933\" height=\"700\" srcset=\"http:\/\/www.hoehle.at\/wordpress\/wp-content\/uploads\/2020\/01\/PR1625P7030326.jpg 933w, http:\/\/www.hoehle.at\/wordpress\/wp-content\/uploads\/2020\/01\/PR1625P7030326-300x225.jpg 300w, http:\/\/www.hoehle.at\/wordpress\/wp-content\/uploads\/2020\/01\/PR1625P7030326-399x300.jpg 399w\" sizes=\"(max-width: 933px) 100vw, 933px\" \/><\/a><\/p>\n<p><strong><a href=\"http:\/\/www.hoehle.at\/wordpress\/wp-content\/uploads\/2020\/01\/Verbindungssiphon.pdf\">Plan_Verbindungssiphon_PDF<\/a><\/strong><\/p>\n<p><strong><a href=\"http:\/\/www.hoehle.at\/wordpress\/wp-content\/uploads\/2020\/01\/\u00dcbersicht.pdf\">Gesamtplan_Tauernh\u00f6hle_PDF<\/a><\/strong><\/p>\n<p><strong><a href=\"http:\/\/vho-caving-news.blogspot.com\/search\/label\/Wasserloch\" target=\"_blank\">Bericht \u00fcber die Aktion am Forschungsblog<\/a><\/strong><\/p>\n","protected":false},"excerpt":{"rendered":"<p>Bei einer Tauchaktion am 03.07.2009 gelang es, zwischen den beiden Gro\u00dfh\u00f6hlen H\u00fctterschacht (1614\/6) und dem Wasserloch in der Tauernwand (1614\/5) eine befahrbare Verbindung nachzuweisen. Durch die Verbindung entstand die Tauernh\u00f6hle mit einer Gesamtl\u00e4nge von knapp 5 km und einer Tiefe &hellip; <a href=\"http:\/\/www.hoehle.at\/wordpress\/hohlentauchen\/tauernhoehle-verbindungstauchgang-huetterschacht-wasserloch\/\">Weiterlesen <span class=\"meta-nav\">&rarr;<\/span><\/a><\/p>\n","protected":false},"author":2,"featured_media":0,"parent":72,"menu_order":0,"comment_status":"closed","ping_status":"closed","template":"","meta":{"footnotes":""},"_links":{"self":[{"href":"http:\/\/www.hoehle.at\/wordpress\/wp-json\/wp\/v2\/pages\/1808"}],"collection":[{"href":"http:\/\/www.hoehle.at\/wordpress\/wp-json\/wp\/v2\/pages"}],"about":[{"href":"http:\/\/www.hoehle.at\/wordpress\/wp-json\/wp\/v2\/types\/page"}],"author":[{"embeddable":true,"href":"http:\/\/www.hoehle.at\/wordpress\/wp-json\/wp\/v2\/users\/2"}],"replies":[{"embeddable":true,"href":"http:\/\/www.hoehle.at\/wordpress\/wp-json\/wp\/v2\/comments?post=1808"}],"version-history":[{"count":1,"href":"http:\/\/www.hoehle.at\/wordpress\/wp-json\/wp\/v2\/pages\/1808\/revisions"}],"predecessor-version":[{"id":1813,"href":"http:\/\/www.hoehle.at\/wordpress\/wp-json\/wp\/v2\/pages\/1808\/revisions\/1813"}],"up":[{"embeddable":true,"href":"http:\/\/www.hoehle.at\/wordpress\/wp-json\/wp\/v2\/pages\/72"}],"wp:attachment":[{"href":"http:\/\/www.hoehle.at\/wordpress\/wp-json\/wp\/v2\/media?parent=1808"}],"curies":[{"name":"wp","href":"https:\/\/api.w.org\/{rel}","templated":true}]}}