{"id":1824,"date":"2020-01-29T18:24:59","date_gmt":"2020-01-29T17:24:59","guid":{"rendered":"http:\/\/www.hoehle.at\/wordpress\/?page_id=1824"},"modified":"2020-01-29T18:30:00","modified_gmt":"2020-01-29T17:30:00","slug":"postsiphonvermessung-im-nassen-loch-noe","status":"publish","type":"page","link":"http:\/\/www.hoehle.at\/wordpress\/hohlentauchen\/postsiphonvermessung-im-nassen-loch-noe\/","title":{"rendered":"Postsiphonvermessung im Nassen Loch (N\u00d6)"},"content":{"rendered":"<p>\u00dcber 100 m Postsiphonvermessung im Nassen Loch (N\u00d6)<\/p>\n<p style=\"text-align: justify;\">Im Dezember 2012 war aufgrund der au\u00dfergew\u00f6hnlichen Trockenheit ein Tauchgang im Endsiphon des Trockenen Loches (1836\/34) bei Schwarzenbach an der Pielach geplant.<br \/>\nDie hinteren Teile dieser \u00fcber 4,5 km langen Wasserh\u00f6hle sind nur alle paar Jahre zug\u00e4nglich, da normalerweise ein Siphon den Weg versperrt. Anfang Dezember machte mich Lukas Plan darauf aufmerksam, dass der Wintergangsiphon momentan offen sei und nun ein Materialtransport zum Endsiphon m\u00f6glich w\u00e4re. Wir fixierten rasch einen Termin f\u00fcr die Aktion. Starkes Tauwetter machte uns jedoch einen Strich durch die Rechnung.<\/p>\n<div id=\"attachment_1825\" style=\"width: 760px\" class=\"wp-caption aligncenter\"><a href=\"http:\/\/www.hoehle.at\/wordpress\/wp-content\/uploads\/2020\/01\/RS_P1060676.jpg\"><img loading=\"lazy\" decoding=\"async\" aria-describedby=\"caption-attachment-1825\" class=\"wp-image-1825 size-full\" src=\"http:\/\/www.hoehle.at\/wordpress\/wp-content\/uploads\/2020\/01\/RS_P1060676.jpg\" alt=\"RS_P1060676\" width=\"750\" height=\"1000\" srcset=\"http:\/\/www.hoehle.at\/wordpress\/wp-content\/uploads\/2020\/01\/RS_P1060676.jpg 750w, http:\/\/www.hoehle.at\/wordpress\/wp-content\/uploads\/2020\/01\/RS_P1060676-225x300.jpg 225w\" sizes=\"(max-width: 750px) 100vw, 750px\" \/><\/a><p id=\"caption-attachment-1825\" class=\"wp-caption-text\">Abtauchen im Siphon des Nassen Loches.<\/p><\/div>\n<p style=\"text-align: justify;\">Als Alternative stand nun ein Tauchgang im nur etwa 100 m entfernt gelegenen Nassen Loch (1836\/19) auf dem Programm.<\/p>\n<p style=\"text-align: justify;\">Bei dieser Tour gelang es 118 m (96 m zur GL z\u00e4hlend) zu vermessen und die Erforschung der H\u00f6hle nahezu abzuschlie\u00dfen.<\/p>\n<p style=\"text-align: justify;\"><strong><a href=\"http:\/\/vho-caving-news.blogspot.com\/search\/label\/Nasses%20Loch\" target=\"_blank\">Bericht \u00fcber die Tour am Forschungsblog<\/a><\/strong><\/p>\n<p style=\"text-align: justify;\"><strong><a href=\"http:\/\/www.hoehle.at\/wordpress\/wp-content\/uploads\/2020\/01\/Nasses-Loch_buch.pdf\">Plan_Nasses-Loch_PDF<\/a><\/strong><\/p>\n","protected":false},"excerpt":{"rendered":"<p>\u00dcber 100 m Postsiphonvermessung im Nassen Loch (N\u00d6) Im Dezember 2012 war aufgrund der au\u00dfergew\u00f6hnlichen Trockenheit ein Tauchgang im Endsiphon des Trockenen Loches (1836\/34) bei Schwarzenbach an der Pielach geplant. Die hinteren Teile dieser \u00fcber 4,5 km langen Wasserh\u00f6hle sind &hellip; <a href=\"http:\/\/www.hoehle.at\/wordpress\/hohlentauchen\/postsiphonvermessung-im-nassen-loch-noe\/\">Weiterlesen <span class=\"meta-nav\">&rarr;<\/span><\/a><\/p>\n","protected":false},"author":2,"featured_media":0,"parent":72,"menu_order":0,"comment_status":"closed","ping_status":"closed","template":"","meta":{"footnotes":""},"_links":{"self":[{"href":"http:\/\/www.hoehle.at\/wordpress\/wp-json\/wp\/v2\/pages\/1824"}],"collection":[{"href":"http:\/\/www.hoehle.at\/wordpress\/wp-json\/wp\/v2\/pages"}],"about":[{"href":"http:\/\/www.hoehle.at\/wordpress\/wp-json\/wp\/v2\/types\/page"}],"author":[{"embeddable":true,"href":"http:\/\/www.hoehle.at\/wordpress\/wp-json\/wp\/v2\/users\/2"}],"replies":[{"embeddable":true,"href":"http:\/\/www.hoehle.at\/wordpress\/wp-json\/wp\/v2\/comments?post=1824"}],"version-history":[{"count":4,"href":"http:\/\/www.hoehle.at\/wordpress\/wp-json\/wp\/v2\/pages\/1824\/revisions"}],"predecessor-version":[{"id":1832,"href":"http:\/\/www.hoehle.at\/wordpress\/wp-json\/wp\/v2\/pages\/1824\/revisions\/1832"}],"up":[{"embeddable":true,"href":"http:\/\/www.hoehle.at\/wordpress\/wp-json\/wp\/v2\/pages\/72"}],"wp:attachment":[{"href":"http:\/\/www.hoehle.at\/wordpress\/wp-json\/wp\/v2\/media?parent=1824"}],"curies":[{"name":"wp","href":"https:\/\/api.w.org\/{rel}","templated":true}]}}