{"id":1879,"date":"2020-04-25T12:44:18","date_gmt":"2020-04-25T11:44:18","guid":{"rendered":"http:\/\/www.hoehle.at\/wordpress\/?page_id=1879"},"modified":"2020-06-20T16:29:55","modified_gmt":"2020-06-20T15:29:55","slug":"elmsloch","status":"publish","type":"page","link":"http:\/\/www.hoehle.at\/wordpress\/forschung\/elmhoehle\/elmsloch\/","title":{"rendered":"Elmsloch"},"content":{"rendered":"<p>Das Elmsloch wurde im Zuge einer Oberfl\u00e4chenbegehung am 31.07.2017 von Robert Seebacher entdeckt. Rund 20 m hinter dem Eingang entstr\u00f6mt einer unschliefbar engen Kluft heftiger Luftzug. In mehreren Aktionen konnte ein mit Lehm und Ger\u00f6ll verlegter Sunk freigelegt und eine Umgehung der Kluft gefunden werden. Dahinter konnten im Juni 2020 weitere 20 m, bis zu einem senkrechten Aufstieg erkundet werden.<\/p>\n<p><a href=\"http:\/\/www.hoehle.at\/wordpress\/wp-content\/uploads\/2020\/04\/FBIMG_5221.jpg\"><img loading=\"lazy\" decoding=\"async\" class=\"aligncenter size-full wp-image-1880\" src=\"http:\/\/www.hoehle.at\/wordpress\/wp-content\/uploads\/2020\/04\/FBIMG_5221.jpg\" alt=\"FBIMG_5221\" width=\"800\" height=\"1200\" srcset=\"http:\/\/www.hoehle.at\/wordpress\/wp-content\/uploads\/2020\/04\/FBIMG_5221.jpg 800w, http:\/\/www.hoehle.at\/wordpress\/wp-content\/uploads\/2020\/04\/FBIMG_5221-200x300.jpg 200w, http:\/\/www.hoehle.at\/wordpress\/wp-content\/uploads\/2020\/04\/FBIMG_5221-682x1024.jpg 682w\" sizes=\"(max-width: 800px) 100vw, 800px\" \/><\/a><\/p>\n<p><strong style=\"font-weight: bold; color: inherit;\">Forschungsstand (06\/2020):<\/strong><\/p>\n<p><strong style=\"font-weight: bold; color: inherit;\">Gesamtl\u00e4nge:\u00a0 \u00a0 \u00a0 \u00a0 \u00a0 ca. 55 m<\/strong><\/p>\n<p><strong style=\"font-weight: bold; color: inherit;\">Niveaudifferenz:\u00a0 \u00a0 \u00a0 ca. 12 m<\/strong><\/p>\n<p>&nbsp;<\/p>\n","protected":false},"excerpt":{"rendered":"<p>Das Elmsloch wurde im Zuge einer Oberfl\u00e4chenbegehung am 31.07.2017 von Robert Seebacher entdeckt. Rund 20 m hinter dem Eingang entstr\u00f6mt einer unschliefbar engen Kluft heftiger Luftzug. In mehreren Aktionen konnte ein mit Lehm und Ger\u00f6ll verlegter Sunk freigelegt und eine &hellip; <a href=\"http:\/\/www.hoehle.at\/wordpress\/forschung\/elmhoehle\/elmsloch\/\">Weiterlesen <span class=\"meta-nav\">&rarr;<\/span><\/a><\/p>\n","protected":false},"author":2,"featured_media":0,"parent":1557,"menu_order":0,"comment_status":"closed","ping_status":"closed","template":"","meta":{"footnotes":""},"_links":{"self":[{"href":"http:\/\/www.hoehle.at\/wordpress\/wp-json\/wp\/v2\/pages\/1879"}],"collection":[{"href":"http:\/\/www.hoehle.at\/wordpress\/wp-json\/wp\/v2\/pages"}],"about":[{"href":"http:\/\/www.hoehle.at\/wordpress\/wp-json\/wp\/v2\/types\/page"}],"author":[{"embeddable":true,"href":"http:\/\/www.hoehle.at\/wordpress\/wp-json\/wp\/v2\/users\/2"}],"replies":[{"embeddable":true,"href":"http:\/\/www.hoehle.at\/wordpress\/wp-json\/wp\/v2\/comments?post=1879"}],"version-history":[{"count":4,"href":"http:\/\/www.hoehle.at\/wordpress\/wp-json\/wp\/v2\/pages\/1879\/revisions"}],"predecessor-version":[{"id":1931,"href":"http:\/\/www.hoehle.at\/wordpress\/wp-json\/wp\/v2\/pages\/1879\/revisions\/1931"}],"up":[{"embeddable":true,"href":"http:\/\/www.hoehle.at\/wordpress\/wp-json\/wp\/v2\/pages\/1557"}],"wp:attachment":[{"href":"http:\/\/www.hoehle.at\/wordpress\/wp-json\/wp\/v2\/media?parent=1879"}],"curies":[{"name":"wp","href":"https:\/\/api.w.org\/{rel}","templated":true}]}}