{"id":1903,"date":"2020-05-17T22:57:03","date_gmt":"2020-05-17T21:57:03","guid":{"rendered":"http:\/\/www.hoehle.at\/wordpress\/?page_id=1903"},"modified":"2020-06-20T16:32:15","modified_gmt":"2020-06-20T15:32:15","slug":"donnerloch","status":"publish","type":"page","link":"http:\/\/www.hoehle.at\/wordpress\/forschung\/elmhoehle\/donnerloch\/","title":{"rendered":"Donnerloch"},"content":{"rendered":"<p style=\"text-align: justify;\">Im unwegsamen Waldgebiet konnte eine Stelle ausfindig gemacht werden, wo im Untergrund deutliches Wasserrauschen vernehmabar ist. Bei bisher 8 R\u00e4umaktionen konnte durch loses Versturzmaterial bis zu einer massiven Felswand vorgedrungen werden. M\u00f6glicherweise kann hier eine bedeutende Wasserh\u00f6hle erreicht werden. Mehrere weitere Arbeitseins\u00e4tzen sind aber mit Sicherheit notwendig.<\/p>\n<p style=\"text-align: justify;\"><a href=\"http:\/\/www.hoehle.at\/wordpress\/wp-content\/uploads\/2020\/05\/FBIMG_7040.jpg\"><img loading=\"lazy\" decoding=\"async\" class=\"aligncenter size-full wp-image-1932\" src=\"http:\/\/www.hoehle.at\/wordpress\/wp-content\/uploads\/2020\/05\/FBIMG_7040.jpg\" alt=\"FBIMG_7040\" width=\"800\" height=\"1200\" srcset=\"http:\/\/www.hoehle.at\/wordpress\/wp-content\/uploads\/2020\/05\/FBIMG_7040.jpg 800w, http:\/\/www.hoehle.at\/wordpress\/wp-content\/uploads\/2020\/05\/FBIMG_7040-200x300.jpg 200w, http:\/\/www.hoehle.at\/wordpress\/wp-content\/uploads\/2020\/05\/FBIMG_7040-682x1024.jpg 682w\" sizes=\"(max-width: 800px) 100vw, 800px\" \/><\/a><\/p>\n<p><strong style=\"font-weight: bold; color: inherit;\">Forschungsstand (06\/2020):<\/strong><\/p>\n<p><strong style=\"font-weight: bold; color: inherit;\">Gesamtl\u00e4nge:\u00a0 \u00a0 \u00a0 \u00a0 \u00a0 ca. 9 m<\/strong><\/p>\n<p><strong style=\"font-weight: bold; color: inherit;\">Niveaudifferenz:\u00a0 \u00a0 \u00a0 ca. -4 m<\/strong><\/p>\n<p style=\"text-align: justify;\"><a href=\"http:\/\/www.hoehle.at\/wordpress\/wp-content\/uploads\/2020\/05\/FBIMG_7065.jpg\"><img loading=\"lazy\" decoding=\"async\" class=\"aligncenter size-full wp-image-1909\" src=\"http:\/\/www.hoehle.at\/wordpress\/wp-content\/uploads\/2020\/05\/FBIMG_7065.jpg\" alt=\"FBIMG_7065\" width=\"1200\" height=\"800\" srcset=\"http:\/\/www.hoehle.at\/wordpress\/wp-content\/uploads\/2020\/05\/FBIMG_7065.jpg 1200w, http:\/\/www.hoehle.at\/wordpress\/wp-content\/uploads\/2020\/05\/FBIMG_7065-300x200.jpg 300w, http:\/\/www.hoehle.at\/wordpress\/wp-content\/uploads\/2020\/05\/FBIMG_7065-1024x682.jpg 1024w, http:\/\/www.hoehle.at\/wordpress\/wp-content\/uploads\/2020\/05\/FBIMG_7065-450x300.jpg 450w\" sizes=\"(max-width: 1200px) 100vw, 1200px\" \/><\/a><\/p>\n","protected":false},"excerpt":{"rendered":"<p>Im unwegsamen Waldgebiet konnte eine Stelle ausfindig gemacht werden, wo im Untergrund deutliches Wasserrauschen vernehmabar ist. Bei bisher 8 R\u00e4umaktionen konnte durch loses Versturzmaterial bis zu einer massiven Felswand vorgedrungen werden. M\u00f6glicherweise kann hier eine bedeutende Wasserh\u00f6hle erreicht werden. Mehrere &hellip; <a href=\"http:\/\/www.hoehle.at\/wordpress\/forschung\/elmhoehle\/donnerloch\/\">Weiterlesen <span class=\"meta-nav\">&rarr;<\/span><\/a><\/p>\n","protected":false},"author":2,"featured_media":0,"parent":1557,"menu_order":5,"comment_status":"closed","ping_status":"closed","template":"","meta":{"footnotes":""},"_links":{"self":[{"href":"http:\/\/www.hoehle.at\/wordpress\/wp-json\/wp\/v2\/pages\/1903"}],"collection":[{"href":"http:\/\/www.hoehle.at\/wordpress\/wp-json\/wp\/v2\/pages"}],"about":[{"href":"http:\/\/www.hoehle.at\/wordpress\/wp-json\/wp\/v2\/types\/page"}],"author":[{"embeddable":true,"href":"http:\/\/www.hoehle.at\/wordpress\/wp-json\/wp\/v2\/users\/2"}],"replies":[{"embeddable":true,"href":"http:\/\/www.hoehle.at\/wordpress\/wp-json\/wp\/v2\/comments?post=1903"}],"version-history":[{"count":5,"href":"http:\/\/www.hoehle.at\/wordpress\/wp-json\/wp\/v2\/pages\/1903\/revisions"}],"predecessor-version":[{"id":1933,"href":"http:\/\/www.hoehle.at\/wordpress\/wp-json\/wp\/v2\/pages\/1903\/revisions\/1933"}],"up":[{"embeddable":true,"href":"http:\/\/www.hoehle.at\/wordpress\/wp-json\/wp\/v2\/pages\/1557"}],"wp:attachment":[{"href":"http:\/\/www.hoehle.at\/wordpress\/wp-json\/wp\/v2\/media?parent=1903"}],"curies":[{"name":"wp","href":"https:\/\/api.w.org\/{rel}","templated":true}]}}