{"id":1935,"date":"2020-06-25T16:22:04","date_gmt":"2020-06-25T15:22:04","guid":{"rendered":"http:\/\/www.hoehle.at\/wordpress\/?page_id=1935"},"modified":"2020-06-25T16:28:10","modified_gmt":"2020-06-25T15:28:10","slug":"baisslbaum-wasserloch","status":"publish","type":"page","link":"http:\/\/www.hoehle.at\/wordpress\/forschung\/elmhoehle\/baisslbaum-wasserloch\/","title":{"rendered":"Baisslbaum-Wasserloch"},"content":{"rendered":"<p>Das Baisslbaum-Wasserloch ist eine Aktive Wasserh\u00f6hle und wurde erst im Herbst 2018 entdeckt. Im Juni 2020 konnte die H\u00f6hle auf eine L\u00e4nge von 99 m erforscht und vermessen werden. Am H\u00f6hlenende befindet sich ein flacher Siphon, dem ein kleiner H\u00f6hlenbach entstr\u00f6mt.<\/p>\n<p><a href=\"http:\/\/www.hoehle.at\/wordpress\/wp-content\/uploads\/2020\/06\/FBIMG_7178.jpg\"><img loading=\"lazy\" decoding=\"async\" class=\"aligncenter size-full wp-image-1939\" src=\"http:\/\/www.hoehle.at\/wordpress\/wp-content\/uploads\/2020\/06\/FBIMG_7178.jpg\" alt=\"FBIMG_7178\" width=\"1200\" height=\"800\" srcset=\"http:\/\/www.hoehle.at\/wordpress\/wp-content\/uploads\/2020\/06\/FBIMG_7178.jpg 1200w, http:\/\/www.hoehle.at\/wordpress\/wp-content\/uploads\/2020\/06\/FBIMG_7178-300x200.jpg 300w, http:\/\/www.hoehle.at\/wordpress\/wp-content\/uploads\/2020\/06\/FBIMG_7178-1024x682.jpg 1024w, http:\/\/www.hoehle.at\/wordpress\/wp-content\/uploads\/2020\/06\/FBIMG_7178-450x300.jpg 450w\" sizes=\"(max-width: 1200px) 100vw, 1200px\" \/><\/a><\/p>\n<p><strong style=\"font-weight: bold; color: inherit;\">Forschungsstand (06\/2020):<\/strong><\/p>\n<p><strong style=\"font-weight: bold; color: inherit;\">Gesamtl\u00e4nge:\u00a0 \u00a0 \u00a0 \u00a0 \u00a0 \u00a0 \u00a0 \u00a0 \u00a0 99 m<\/strong><\/p>\n<p><strong style=\"font-weight: bold; color: inherit;\">Niveaudifferenz:\u00a0 \u00a0 \u00a0\u00a0 \u00a0 \u00a0 + 18 m<\/strong><\/p>\n<p><strong>Horizontalerstreckung:<\/strong>\u00a0\u00a0<strong>41 m<\/strong><\/p>\n","protected":false},"excerpt":{"rendered":"<p>Das Baisslbaum-Wasserloch ist eine Aktive Wasserh\u00f6hle und wurde erst im Herbst 2018 entdeckt. Im Juni 2020 konnte die H\u00f6hle auf eine L\u00e4nge von 99 m erforscht und vermessen werden. Am H\u00f6hlenende befindet sich ein flacher Siphon, dem ein kleiner H\u00f6hlenbach &hellip; <a href=\"http:\/\/www.hoehle.at\/wordpress\/forschung\/elmhoehle\/baisslbaum-wasserloch\/\">Weiterlesen <span class=\"meta-nav\">&rarr;<\/span><\/a><\/p>\n","protected":false},"author":2,"featured_media":0,"parent":1557,"menu_order":6,"comment_status":"closed","ping_status":"closed","template":"","meta":{"footnotes":""},"_links":{"self":[{"href":"http:\/\/www.hoehle.at\/wordpress\/wp-json\/wp\/v2\/pages\/1935"}],"collection":[{"href":"http:\/\/www.hoehle.at\/wordpress\/wp-json\/wp\/v2\/pages"}],"about":[{"href":"http:\/\/www.hoehle.at\/wordpress\/wp-json\/wp\/v2\/types\/page"}],"author":[{"embeddable":true,"href":"http:\/\/www.hoehle.at\/wordpress\/wp-json\/wp\/v2\/users\/2"}],"replies":[{"embeddable":true,"href":"http:\/\/www.hoehle.at\/wordpress\/wp-json\/wp\/v2\/comments?post=1935"}],"version-history":[{"count":3,"href":"http:\/\/www.hoehle.at\/wordpress\/wp-json\/wp\/v2\/pages\/1935\/revisions"}],"predecessor-version":[{"id":1940,"href":"http:\/\/www.hoehle.at\/wordpress\/wp-json\/wp\/v2\/pages\/1935\/revisions\/1940"}],"up":[{"embeddable":true,"href":"http:\/\/www.hoehle.at\/wordpress\/wp-json\/wp\/v2\/pages\/1557"}],"wp:attachment":[{"href":"http:\/\/www.hoehle.at\/wordpress\/wp-json\/wp\/v2\/media?parent=1935"}],"curies":[{"name":"wp","href":"https:\/\/api.w.org\/{rel}","templated":true}]}}