{"id":2031,"date":"2021-03-13T13:04:58","date_gmt":"2021-03-13T12:04:58","guid":{"rendered":"http:\/\/www.hoehle.at\/wordpress\/?page_id=2031"},"modified":"2024-08-27T08:05:44","modified_gmt":"2024-08-27T07:05:44","slug":"schlazfresser-schacht","status":"publish","type":"page","link":"http:\/\/www.hoehle.at\/wordpress\/forschung\/planker-mira\/schlazfresser-schacht\/","title":{"rendered":"Schlazfresser-Schacht"},"content":{"rendered":"<p>Der Schlazfresser-Schacht (Gouffre du Bouf Combine) wurde 1987 von franz\u00f6sischen H\u00f6hlenforschern entdeckt und in den folgenden Jahren auf ca. 1 km L\u00e4nge bei 261 m Tiefe erforscht.<\/p>\n<div id=\"attachment_2039\" style=\"width: 1210px\" class=\"wp-caption aligncenter\"><a href=\"http:\/\/www.hoehle.at\/wordpress\/wp-content\/uploads\/2021\/03\/FBIMG_7605.jpg\"><img loading=\"lazy\" decoding=\"async\" aria-describedby=\"caption-attachment-2039\" class=\"size-full wp-image-2039\" src=\"http:\/\/www.hoehle.at\/wordpress\/wp-content\/uploads\/2021\/03\/FBIMG_7605.jpg\" alt=\"Der Schlazfresser-Schluf.\" width=\"1200\" height=\"800\" srcset=\"http:\/\/www.hoehle.at\/wordpress\/wp-content\/uploads\/2021\/03\/FBIMG_7605.jpg 1200w, http:\/\/www.hoehle.at\/wordpress\/wp-content\/uploads\/2021\/03\/FBIMG_7605-300x200.jpg 300w, http:\/\/www.hoehle.at\/wordpress\/wp-content\/uploads\/2021\/03\/FBIMG_7605-1024x682.jpg 1024w, http:\/\/www.hoehle.at\/wordpress\/wp-content\/uploads\/2021\/03\/FBIMG_7605-450x300.jpg 450w\" sizes=\"(max-width: 1200px) 100vw, 1200px\" \/><\/a><p id=\"caption-attachment-2039\" class=\"wp-caption-text\">Der Schlazfresser-Schluf.<\/p><\/div>\n<p>Im Jahre 2019 konnte der Eingang im Zuge von Gel\u00e4ndeerundungen wieder aufgefunden werden. Die Forschungen in dieser interessanten H\u00f6hle werden nun vom VHO weitergef\u00fchrt.<\/p>\n<p>Beim Forscherlager 2020 konnten die Einstiegsteile und gro\u00dfe Bereiche des Horizontalsystems neu vermessen werden (510 m, &#8211; 134 m). Die H\u00f6hle ist teilweise stark bewettert und k\u00f6nnte der Schl\u00fcssel zu weiteren interessanten Fortsetzungen in Richtung Norden und Osten sein.<\/p>\n<p>2021 gelang es durch einen kurzen Aufstieg am S\u00fcdende der H\u00f6hle in weitl\u00e4ufiges Neuland vorzudringen. Gro\u00dfe G\u00e4nge und Hallen pr\u00e4gen diese stark bewetterten Teile.<\/p>\n<p>2022 konnten in den S\u00fcdteilen erneut horizontale Fortsetzungen entdeckt werden. Weiters wurde in einem Schachtsystem bis in 263 m Tiefe abgestiegen. Die Gesamtl\u00e4nge stieg um \u00fcber 850 m auf 2.237 m.<\/p>\n<p>2023 konzentrierte sich ein gro\u00dfer Teil der Forschungen auf den Schlazfresser-Schacht. Haupts\u00e4chlich wurde im Horizontalsystem gearbeitet, wo viel Neuland in Richtung Norden gefunden wurde. Weiters zwei dort ansetzende Schachtsysteme teilweise erforscht. Die vermessene Gesamtl\u00e4nge stieg um fast 1,4 km auf 3.610 m.<\/p>\n<div id=\"attachment_2038\" style=\"width: 1210px\" class=\"wp-caption aligncenter\"><a href=\"http:\/\/www.hoehle.at\/wordpress\/wp-content\/uploads\/2021\/03\/FBIMG_7635.jpg\"><img loading=\"lazy\" decoding=\"async\" aria-describedby=\"caption-attachment-2038\" class=\"size-full wp-image-2038\" src=\"http:\/\/www.hoehle.at\/wordpress\/wp-content\/uploads\/2021\/03\/FBIMG_7635.jpg\" alt=\"Gro\u00dfr\u00e4umiger Horizontalteil.\" width=\"1200\" height=\"800\" srcset=\"http:\/\/www.hoehle.at\/wordpress\/wp-content\/uploads\/2021\/03\/FBIMG_7635.jpg 1200w, http:\/\/www.hoehle.at\/wordpress\/wp-content\/uploads\/2021\/03\/FBIMG_7635-300x200.jpg 300w, http:\/\/www.hoehle.at\/wordpress\/wp-content\/uploads\/2021\/03\/FBIMG_7635-1024x682.jpg 1024w, http:\/\/www.hoehle.at\/wordpress\/wp-content\/uploads\/2021\/03\/FBIMG_7635-450x300.jpg 450w\" sizes=\"(max-width: 1200px) 100vw, 1200px\" \/><\/a><p id=\"caption-attachment-2038\" class=\"wp-caption-text\">Gro\u00dfr\u00e4umiger Horizontalteil.<\/p><\/div>\n<h1 style=\"color: #000000;\"><\/h1>\n<p><strong style=\"font-weight: bold; color: inherit;\">Forschungsstand (08\/2024)<\/strong><\/p>\n<p><strong style=\"font-weight: bold; color: inherit;\">Gesamtl\u00e4nge:\u00a0 \u00a0 \u00a0 \u00a0 \u00a0 \u00a0 \u00a0 \u00a0 \u00a0 \u00a0 \u00a0 \u00a0 \u00a0 \u00a0 \u00a0 \u00a0 \u00a0 \u00a0 \u00a0 \u00a0 \u00a03.681 m<\/strong><\/p>\n<p><strong style=\"font-weight: bold; color: inherit;\">Gesamt Vermessungsl\u00e4nge:\u00a0 \u00a0 \u00a0 \u00a0 \u00a0 \u00a0 \u00a0 \u00a0 \u00a03.814 m<\/strong><\/p>\n<p><strong style=\"font-weight: bold; color: inherit;\">Niveaudifferenz:\u00a0 \u00a0 \u00a0 \u00a0 \u00a0 \u00a0 \u00a0 \u00a0 \u00a0 \u00a0 \u00a0 \u00a0 \u00a0 \u00a0 \u00a0 \u00a0 \u00a0 \u00a0 \u00a0 -305 m<\/strong><\/p>\n<p><strong style=\"font-weight: bold; color: inherit;\">Horizontalerstreckung:\u00a0 \u00a0 \u00a0 \u00a0 \u00a0 \u00a0 \u00a0 \u00a0 \u00a0 \u00a0 \u00a0 \u00a0 \u00a0 \u00a0472 m<\/strong><strong style=\"font-weight: bold; color: inherit;\">\u00a0 \u00a0 \u00a0 \u00a0 \u00a0 \u00a0 \u00a0 \u00a0 \u00a0 \u00a0<\/strong><\/p>\n","protected":false},"excerpt":{"rendered":"<p>Der Schlazfresser-Schacht (Gouffre du Bouf Combine) wurde 1987 von franz\u00f6sischen H\u00f6hlenforschern entdeckt und in den folgenden Jahren auf ca. 1 km L\u00e4nge bei 261 m Tiefe erforscht. Im Jahre 2019 konnte der Eingang im Zuge von Gel\u00e4ndeerundungen wieder aufgefunden werden. &hellip; <a href=\"http:\/\/www.hoehle.at\/wordpress\/forschung\/planker-mira\/schlazfresser-schacht\/\">Weiterlesen <span class=\"meta-nav\">&rarr;<\/span><\/a><\/p>\n","protected":false},"author":2,"featured_media":0,"parent":510,"menu_order":2,"comment_status":"closed","ping_status":"closed","template":"","meta":{"footnotes":""},"_links":{"self":[{"href":"http:\/\/www.hoehle.at\/wordpress\/wp-json\/wp\/v2\/pages\/2031"}],"collection":[{"href":"http:\/\/www.hoehle.at\/wordpress\/wp-json\/wp\/v2\/pages"}],"about":[{"href":"http:\/\/www.hoehle.at\/wordpress\/wp-json\/wp\/v2\/types\/page"}],"author":[{"embeddable":true,"href":"http:\/\/www.hoehle.at\/wordpress\/wp-json\/wp\/v2\/users\/2"}],"replies":[{"embeddable":true,"href":"http:\/\/www.hoehle.at\/wordpress\/wp-json\/wp\/v2\/comments?post=2031"}],"version-history":[{"count":15,"href":"http:\/\/www.hoehle.at\/wordpress\/wp-json\/wp\/v2\/pages\/2031\/revisions"}],"predecessor-version":[{"id":2566,"href":"http:\/\/www.hoehle.at\/wordpress\/wp-json\/wp\/v2\/pages\/2031\/revisions\/2566"}],"up":[{"embeddable":true,"href":"http:\/\/www.hoehle.at\/wordpress\/wp-json\/wp\/v2\/pages\/510"}],"wp:attachment":[{"href":"http:\/\/www.hoehle.at\/wordpress\/wp-json\/wp\/v2\/media?parent=2031"}],"curies":[{"name":"wp","href":"https:\/\/api.w.org\/{rel}","templated":true}]}}