{"id":2118,"date":"2022-05-14T15:01:29","date_gmt":"2022-05-14T14:01:29","guid":{"rendered":"http:\/\/www.hoehle.at\/wordpress\/?page_id=2118"},"modified":"2023-10-23T10:53:01","modified_gmt":"2023-10-23T09:53:01","slug":"ausgabe-2021","status":"publish","type":"page","link":"http:\/\/www.hoehle.at\/wordpress\/publikationen\/ausgabe-2021\/","title":{"rendered":"Ausgabe 2021"},"content":{"rendered":"<p><a href=\"http:\/\/www.hoehle.at\/wordpress\/wp-content\/uploads\/2022\/05\/20211.jpg\"><img loading=\"lazy\" decoding=\"async\" class=\"alignleft wp-image-2125 size-medium\" src=\"http:\/\/www.hoehle.at\/wordpress\/wp-content\/uploads\/2022\/05\/20211-202x300.jpg\" alt=\"\" width=\"202\" height=\"300\" srcset=\"http:\/\/www.hoehle.at\/wordpress\/wp-content\/uploads\/2022\/05\/20211-202x300.jpg 202w, http:\/\/www.hoehle.at\/wordpress\/wp-content\/uploads\/2022\/05\/20211.jpg 691w\" sizes=\"(max-width: 202px) 100vw, 202px\" \/><\/a><\/p>\n<p>&nbsp;<\/p>\n<p>&nbsp;<\/p>\n<p>&nbsp;<\/p>\n<p>&nbsp;<\/p>\n<p>&nbsp;<\/p>\n<p>&nbsp;<\/p>\n<p>&nbsp;<\/p>\n<p>&nbsp;<\/p>\n<p><strong>H\u00f6hlen und Karst &#8211; steirischer Warscheneckstock<\/strong><\/p>\n<p><strong>Das Wei\u00dfenbach-H\u00f6hlenprojekt mit kulturhistorischen Betrachtungen<\/strong><\/p>\n<p>&nbsp;<\/p>\n<p style=\"text-align: justify;\">Diese Monographie, die als Sonderausgabe der \u201eMitteilungen des Vereins f\u00fcr H\u00f6hlenkunde in Obersteier\u201c (Jg. 35. &#8211; 40.) und als Wissenschaftliches Beiheft zur \u201eZeitschrift f\u00fcr Karst- und H\u00f6hlenkunde \u00bbDie H\u00f6hle\u00ab Nr. 66\u201c erschienen ist, dokumentiert die h\u00f6hlenkundlichen Forschungen der letzten 113 Jahre im steirischen Warschenckstock (u.a. das Wei\u00dfenbach H\u00f6hlenprojekt) . In diesem Gebiet wurden bis heute 213 H\u00f6hlen dokumentiert und in den \u00f6sterreichischen H\u00f6hlenkataster aufgenommen &#8211; darunter auch sieben Gro\u00dfh\u00f6hlen. Besonders erw\u00e4hnenswert sind die H\u00f6hlenb\u00e4renfunde sowie der erste Nachweis des Leoparden (<em>Panthera pardus L.<\/em>) in einer hochalpinen H\u00f6hle der Ostalpen durch einen Zahnfund in der Gro\u00dfen Ochsenhalth\u00f6hle, eine der sieben bis heute bekannten fossilienreichen B\u00e4renh\u00f6hlen des Toten Gebirges.<\/p>\n<p style=\"text-align: justify;\">Um der Spel\u00e4ologie als interdisziplin\u00e4re Wissenschaft gerecht zu werden und eine gesamtheitliche Betrachtung des Forschungsgebiets zu erm\u00f6glichen, wurden zu den h\u00f6hlenkundlichen Forschungsdokumentationen auch die Fachbereiche Geologie, Hydrologie, Pal\u00e4ontologie und Biologie behandelt. Weiters wurde diese Monographie auch um kulturhistorische Betrachtungen erg\u00e4nzt, die im weiteren Sinne auch Ber\u00fchrungspunkte zur Spel\u00e4ologie haben, dazu z\u00e4hlen die Besiedlungsgeschichte, die Almenforschung, die Toponomastik bzw. Onomatologie sowie die Sagenkunde. Dem Naturschutz ist in einigen Berichten ebenfalls ein Schwerpunkt einr\u00e4umt. Die Waldnutzung, Alpenschilderungen und Historische Ansichten des Forschungsgebietes sowie eine kurze Vorstellung der beteiligten h\u00f6hlenkundlichen Vereine runden diese Publikation ab. Wir freuen uns besonders, dass wir insgesamt vierzehn Fachautorinnen und -autoren begeistern konnten, an dieser umfangreichen Monographie mitzuwirken. So konnte diese Publikation zu einem topografischen Gesamtwerk f\u00fcr den steirischen Teil des Warscheneckstockes ausgeweitet werden.<\/p>\n<p>\u00a0Publiziert im Rahmen des \u00bbInternationalen Jahres der H\u00f6hlen und des Karstes 2021\u00ab (IYCK).<\/p>\n<p>Format DIN A4, 636 Seiten, 356 Farb- und 280 S&amp;W-Seiten, viele H\u00f6hlenpl\u00e4ne, gebunden, Bad Mitterndorf 2021.<\/p>\n<p style=\"text-align: justify;\">Ausgezeichnet mit dem Buchpreis\u00a0der\u00a0Union Internationale de Sp\u00e9l\u00e9ologie\u00a0[am 31. Juli 2022,\u00a0Le Bourget-du-Lac, Frankreich):\u00a0&#8222;<em>The Most Significant Publication About Caves or a Karst-related<\/em> <em>Topic<\/em>&#8220; [Die bedeutendste Ver\u00f6ffentlichung \u00fcber ein H\u00f6hlen- oder Karstthema].\u00a0Dieser internationale Buchpreis wird nur alle 4 (diesmal 5) Jahre im Rahmen des Internationalen Kongresses\u00a0der Spel\u00e4ologie\u00a0vergeben.<\/p>\n<p>\u00a0<strong>Preis 35.- Euro + Versandkosten<\/strong><\/p>\n<p>Inhalt:<\/p>\n<p>\u00b7\u00a0\u00a0\u00a0\u00a0\u00a0\u00a0\u00a0 Das Forschungsgebiet steirischer Warscheneckstock<\/p>\n<p>\u00b7\u00a0\u00a0\u00a0\u00a0\u00a0\u00a0\u00a0 Zur Geologie des Warscheneckgebirges<\/p>\n<p>\u00b7\u00a0\u00a0\u00a0\u00a0\u00a0\u00a0\u00a0 Grundz\u00fcge der Geomorphologie und Verkarstung<\/p>\n<p>\u00b7\u00a0\u00a0\u00a0\u00a0\u00a0\u00a0\u00a0 Karsthydrogeologie des Warscheneckgebirges (WCP-Gebiet);<\/p>\n<p>\u00b7\u00a0\u00a0\u00a0\u00a0\u00a0\u00a0\u00a0 The Fossil Fauna of the <em>Ochsenhalth\u00f6hle <\/em>(1634\/40) in the Tote Gebirge<\/p>\n<p>\u00b7\u00a0\u00a0\u00a0\u00a0\u00a0\u00a0\u00a0 Braunb\u00e4renreste aus H\u00f6hlen des Toten Gebirges;<\/p>\n<p>\u00b7\u00a0\u00a0\u00a0\u00a0\u00a0\u00a0\u00a0 Fledermausbeobachtungen in H\u00f6hlen des steirischen Warscheneckstockes<\/p>\n<p>\u00b7\u00a0\u00a0\u00a0\u00a0\u00a0\u00a0\u00a0 H\u00f6hlenzoologische Anmerkungen zum Warscheneckstock<\/p>\n<p>\u00b7\u00a0\u00a0\u00a0\u00a0\u00a0\u00a0\u00a0 Zur Vegetation des Gr\u00fcnkarsts in der Warscheneckgruppe<\/p>\n<p>\u00b7\u00a0\u00a0\u00a0\u00a0\u00a0\u00a0\u00a0 Flurnamen im Warscheneckgebirge<\/p>\n<p>\u00b7\u00a0\u00a0\u00a0\u00a0\u00a0\u00a0\u00a0 Die Besiedlung und Nutzung des hinteren Wei\u00dfenbaches im Lauf der Geschichte<\/p>\n<p>\u00b7\u00a0\u00a0\u00a0\u00a0\u00a0\u00a0\u00a0 Die Geschichte der Almen im steirischen Teil des Warscheneckgebietes, Totes\u00a0 \u00a0 \u00a0 \u00a0 \u00a0 \u00a0 \u00a0 \u00a0Gebirge<\/p>\n<p>\u00b7\u00a0\u00a0\u00a0\u00a0\u00a0\u00a0\u00a0 Hauenschilds \u201eErinnerungen an das Warscheneck und seine Umgebung\u201c<\/p>\n<p>\u00b7\u00a0\u00a0\u00a0\u00a0\u00a0\u00a0\u00a0 Alpenschilderungen von Anton Kutschera 1872 und 1873<\/p>\n<p>\u00b7\u00a0\u00a0\u00a0\u00a0\u00a0\u00a0\u00a0 Alfons Pavich von Pfauenthal &#8211; der Panoramazeichner<\/p>\n<p>\u00b7\u00a0\u00a0\u00a0\u00a0\u00a0\u00a0\u00a0 Steirischer Warscheneckstock &#8211; Historische Ansichten<\/p>\n<p>\u00b7\u00a0\u00a0\u00a0\u00a0\u00a0\u00a0\u00a0 Notizen zur geschichtlichen Entwicklung der karst- und h\u00f6hlenkundlichen\u00a0 \u00a0 \u00a0 \u00a0 \u00a0 \u00a0 \u00a0 \u00a0 \u00a0 \u00a0 \u00a0 \u00a0Forschung im\u00a0Warscheneckgebiet<\/p>\n<p>\u00b7\u00a0\u00a0\u00a0\u00a0\u00a0\u00a0\u00a0 Die Forschungen von Hermann Bock im <em>Frauenloch <\/em>(1634\/3)<\/p>\n<p>\u00b7\u00a0\u00a0\u00a0\u00a0\u00a0\u00a0\u00a0 Univ.-Prof. Dr. Hermann von Wissmann jr. &#8211; sein Beitrag zur H\u00f6hlenkunde des\u00a0 \u00a0 \u00a0 \u00a0 \u00a0 \u00a0 \u00a0 \u00a0 \u00a0Warscheneckgebietes\u00a0mit biographischen Notizen<\/p>\n<p>\u00b7\u00a0\u00a0\u00a0\u00a0\u00a0\u00a0\u00a0 Die Forschungen des Landesvereins f\u00fcr H\u00f6hlenkunde in Ober\u00f6sterreich im\u00a0 \u00a0 \u00a0 \u00a0 \u00a0 \u00a0 \u00a0 \u00a0 \u00a0 \u00a0 \u00a0steirischen Teil des\u00a0Warschenecks von 1964 bis 1973<\/p>\n<p>\u00b7\u00a0\u00a0\u00a0\u00a0\u00a0\u00a0\u00a0 Forschergruppe Liezen, Aktivit\u00e4ten 1965 &#8211; 1999<\/p>\n<p>\u00b7\u00a0\u00a0\u00a0\u00a0\u00a0\u00a0\u00a0 Das Wei\u00dfenbach-H\u00f6hlenprojekt &#8211; die Forschungen des Vereins f\u00fcr H\u00f6hlenkunde\u00a0 \u00a0 \u00a0 \u00a0 \u00a0 \u00a0 in Obersteier im\u00a0Steirischen Warscheneckstock<\/p>\n<p>\u00b7\u00a0\u00a0\u00a0\u00a0\u00a0\u00a0\u00a0 Steirischer Warscheneckstock &#8211; das Forschungsgebiet aus einer anderen\u00a0 \u00a0 \u00a0 \u00a0 \u00a0 \u00a0 \u00a0 \u00a0 \u00a0 \u00a0 \u00a0 \u00a0Perspektive<\/p>\n<p>\u00b7\u00a0\u00a0\u00a0\u00a0\u00a0\u00a0\u00a0 H\u00f6hlennamen im Warscheneckgebiet<\/p>\n<p>\u00b7\u00a0\u00a0\u00a0\u00a0\u00a0\u00a0\u00a0 W\u00f6rschacher Bergland (Brandangerkogel \u2013Nojer \u2013 Gameringstein), 1631 &#8211; 10\u00a0 \u00a0 \u00a0 \u00a0 \u00a0 \u00a0 \u00a0 \u00a0 \u00a0H\u00f6hlenbeschreibungen<\/p>\n<p>\u00b7\u00a0\u00a0\u00a0\u00a0\u00a0\u00a0\u00a0 Hechlstein &#8211; Hochtausing, 1632, 3\u00a0H\u00f6hlenbeschreibungen<\/p>\n<p>\u00b7\u00a0\u00a0\u00a0\u00a0\u00a0\u00a0\u00a0 Liezener Eck (Hirschriedel), 1633, 1\u00a0H\u00f6hlenbeschreibung<\/p>\n<p>\u00b7\u00a0\u00a0\u00a0\u00a0\u00a0\u00a0\u00a0 Hochangern, 1634 &#8211; steirischer Teil, 164\u00a0H\u00f6hlenbeschreibungen<\/p>\n<p>\u00b7\u00a0\u00a0\u00a0\u00a0\u00a0\u00a0\u00a0 Hochm\u00f6lbing, 1635 &#8211; steirischer Teil, 12\u00a0H\u00f6hlenbeschreibungen<\/p>\n<p>\u00b7\u00a0\u00a0\u00a0\u00a0\u00a0\u00a0\u00a0 Warscheneck, 1636 &#8211; steirischer Teil, 21\u00a0H\u00f6hlenbeschreibungen<\/p>\n<p>\u00b7\u00a0\u00a0\u00a0\u00a0\u00a0\u00a0\u00a0 Almkogel &#8211; Hirscheck, 1638 &#8211; steirischer Teil, 2\u00a0H\u00f6hlenbeschreibungen<\/p>\n<p>\u00b7\u00a0\u00a0\u00a0\u00a0\u00a0\u00a0\u00a0 Kataster<\/p>\n<p>\u00b7\u00a0\u00a0\u00a0\u00a0\u00a0\u00a0\u00a0 Register<\/p>\n","protected":false},"excerpt":{"rendered":"<p>&nbsp; &nbsp; &nbsp; &nbsp; &nbsp; &nbsp; &nbsp; &nbsp; H\u00f6hlen und Karst &#8211; steirischer Warscheneckstock Das Wei\u00dfenbach-H\u00f6hlenprojekt mit kulturhistorischen Betrachtungen &nbsp; Diese Monographie, die als Sonderausgabe der \u201eMitteilungen des Vereins f\u00fcr H\u00f6hlenkunde in Obersteier\u201c (Jg. 35. &#8211; 40.) und als Wissenschaftliches &hellip; <a href=\"http:\/\/www.hoehle.at\/wordpress\/publikationen\/ausgabe-2021\/\">Weiterlesen <span class=\"meta-nav\">&rarr;<\/span><\/a><\/p>\n","protected":false},"author":2,"featured_media":0,"parent":119,"menu_order":0,"comment_status":"closed","ping_status":"closed","template":"","meta":{"footnotes":""},"_links":{"self":[{"href":"http:\/\/www.hoehle.at\/wordpress\/wp-json\/wp\/v2\/pages\/2118"}],"collection":[{"href":"http:\/\/www.hoehle.at\/wordpress\/wp-json\/wp\/v2\/pages"}],"about":[{"href":"http:\/\/www.hoehle.at\/wordpress\/wp-json\/wp\/v2\/types\/page"}],"author":[{"embeddable":true,"href":"http:\/\/www.hoehle.at\/wordpress\/wp-json\/wp\/v2\/users\/2"}],"replies":[{"embeddable":true,"href":"http:\/\/www.hoehle.at\/wordpress\/wp-json\/wp\/v2\/comments?post=2118"}],"version-history":[{"count":7,"href":"http:\/\/www.hoehle.at\/wordpress\/wp-json\/wp\/v2\/pages\/2118\/revisions"}],"predecessor-version":[{"id":2472,"href":"http:\/\/www.hoehle.at\/wordpress\/wp-json\/wp\/v2\/pages\/2118\/revisions\/2472"}],"up":[{"embeddable":true,"href":"http:\/\/www.hoehle.at\/wordpress\/wp-json\/wp\/v2\/pages\/119"}],"wp:attachment":[{"href":"http:\/\/www.hoehle.at\/wordpress\/wp-json\/wp\/v2\/media?parent=2118"}],"curies":[{"name":"wp","href":"https:\/\/api.w.org\/{rel}","templated":true}]}}