{"id":23,"date":"2013-09-09T21:24:19","date_gmt":"2013-09-09T20:24:19","guid":{"rendered":"http:\/\/www.hoehle.at\/wordpress\/?page_id=23"},"modified":"2026-04-08T11:31:19","modified_gmt":"2026-04-08T10:31:19","slug":"verein","status":"publish","type":"page","link":"http:\/\/www.hoehle.at\/wordpress\/verein\/","title":{"rendered":"Verein"},"content":{"rendered":"<p><a href=\"http:\/\/www.hoehle.at\/wordpress\/wp-content\/uploads\/2013\/09\/Lehmhalle.jpg\"><img loading=\"lazy\" decoding=\"async\" class=\"aligncenter size-full wp-image-214\" src=\"http:\/\/www.hoehle.at\/wordpress\/wp-content\/uploads\/2013\/09\/Lehmhalle.jpg\" alt=\"OLYMPUS DIGITAL CAMERA\" width=\"768\" height=\"161\" srcset=\"http:\/\/www.hoehle.at\/wordpress\/wp-content\/uploads\/2013\/09\/Lehmhalle.jpg 768w, http:\/\/www.hoehle.at\/wordpress\/wp-content\/uploads\/2013\/09\/Lehmhalle-300x62.jpg 300w, http:\/\/www.hoehle.at\/wordpress\/wp-content\/uploads\/2013\/09\/Lehmhalle-500x104.jpg 500w\" sizes=\"(max-width: 768px) 100vw, 768px\" \/><\/a><\/p>\n<p><strong>Verein f\u00fcr H\u00f6hlenkunde in Obersteier (VHO)<\/strong><\/p>\n<p>Sonnenalm 78, 8983 Bad Mitterndorf, \u00d6sterreich<\/p>\n<p>email: obersteier(at)a1.net<\/p>\n<p style=\"text-align: justify;\">Zur Zeit (04\/2026) hat unser Verein <b>190 Mitglieder <\/b>(158 aktive und 32 unterst\u00fctzende).<br \/>\nDie meisten Forschungen finden in unserem Katastergebiet rund um Bad Mitterndorf im Toten Gebirge, Warscheneck und Dachstein statt. Der Verein ist Mitglied im <a href=\"http:\/\/www.hoehle.org\/\">Verband \u00d6sterreichischer H\u00f6hlenforschung<\/a>.<\/p>\n<p style=\"text-align: justify;\">Die meisten Vereinsmitglieder kommen aus der Gegend. Trotzdem ist der Verein nicht nur eine lokale Institution. \u00a0Viele Mitglieder leben weit \u00a0von Bad Mitterndorf entfernt, etwa 20% sogar au\u00dferhalb \u00d6sterreichs.\u00a0 Ausl\u00e4ndische Gruppen, die im Gebiet forschen sind h\u00e4ufig Vereinsmitglieder und arbeiten mit dem Verein eng zusammen.<\/p>\n<p><a href=\"http:\/\/www.hoehle.at\/wordpress\/wp-content\/uploads\/2013\/09\/Vereinsheim1.jpg\"><img loading=\"lazy\" decoding=\"async\" class=\"aligncenter size-full wp-image-181\" src=\"http:\/\/www.hoehle.at\/wordpress\/wp-content\/uploads\/2013\/09\/Vereinsheim1.jpg\" alt=\"Vereinsheim\" width=\"800\" height=\"580\" srcset=\"http:\/\/www.hoehle.at\/wordpress\/wp-content\/uploads\/2013\/09\/Vereinsheim1.jpg 800w, http:\/\/www.hoehle.at\/wordpress\/wp-content\/uploads\/2013\/09\/Vereinsheim1-300x217.jpg 300w, http:\/\/www.hoehle.at\/wordpress\/wp-content\/uploads\/2013\/09\/Vereinsheim1-413x300.jpg 413w\" sizes=\"(max-width: 800px) 100vw, 800px\" \/><\/a><\/p>\n<p style=\"text-align: justify;\">Das Vereinsheim ist eine Informationsdrehscheibe f\u00fcr Forschungen im Toten Gebirge. Dar\u00fcber hinaus unternimmt der Verein regelm\u00e4\u00dfig auch Forschungen im Ausland, z.B. in Kroatien, Malaysia, Iran und Afrika.<\/p>\n<p><strong>Ziele:<\/strong><\/p>\n<p style=\"text-align: justify;\">Die Erforschung der H\u00f6hlen und sonstiger Karsterscheinungen im In- und Ausland und ihre wissenschaftliche Untersuchung in Zusammenarbeit mit Fachinstituten.<\/p>\n<p style=\"text-align: justify;\">Die katasterm\u00e4\u00dfige Erfassung der H\u00f6hlen und anderer Karsterscheinungen im Arbeitsgebiet des Vereins.<\/p>\n<p style=\"text-align: justify;\">Die Dokumentation von H\u00f6hlen und historischen Bergbaueinrichtungen in vereinsinternen Publikationen.<\/p>\n<p style=\"text-align: justify;\">Die Wahrnehmung des Natur- und Denkmalschutzes im Bereich der H\u00f6hlen und Karsterscheinungen sowie historischer Bergbauanlagen.<\/p>\n<p style=\"text-align: justify;\">Die Aufstellung und Schulung einer H\u00f6hlenrettungsmannschaft in Zusammenarbeit mit dem Landesverband f\u00fcr H\u00f6hlenrettung in der Steiermark, die bei Ungl\u00fccksf\u00e4llen in H\u00f6hlen zur Verf\u00fcgung steht und eingreift.<\/p>\n<p style=\"text-align: justify;\">Die allgemeine Begehbarmachung alter bzw. historischer und erhaltensw\u00fcrdiger Bergbaueinrichtungen im Arbeitsgebiet des Vereins.<\/p>\n<p style=\"text-align: justify;\">Die Mithilfe an der Gestaltung von h\u00f6hlenkundlichen Ausstellungen in Museen oder \u00e4hnlichen \u00f6ffentlichen Einrichtungen.<\/p>\n<p style=\"text-align: justify;\">Die Organisation von F\u00fchrungen in Schauh\u00f6hlen des Vereinsgebiets.<\/p>\n<p style=\"text-align: justify;\"><strong>Geschichte:<\/strong><\/p>\n<p style=\"text-align: justify;\">Die H\u00f6hlenforschung im Steirischen Salzkammergut hat eine lange Tradition und kann auf eine Geschichte von \u00fcber 100 Jahren zur\u00fcck blicken.<\/p>\n<p style=\"text-align: justify;\">Der erste h\u00f6hlenkundliche Verein mit dem Namen \u201eSektion Obersteier des Vereins f\u00fcr H\u00f6hlenkunde in \u00d6sterreich\u201c wurde am 25. November 1911 in Bad Aussee gegr\u00fcndet.<br \/>\nIn den folgenden Jahrzehnten kam es im steirischen Salzkammergut mehrfach zu Umorganisationen und Neugr\u00fcndungen h\u00f6hlenkundlicher Vereine. 1981 erfolgte die Namensgebung \u201eVerein f\u00fcr H\u00f6hlenkunde in Obersteier\u201c in Anlehnung an den ersten, 1911 gegr\u00fcndeten h\u00f6hlenkundlichen Verein in der Region.<\/p>\n<p><img loading=\"lazy\" decoding=\"async\" class=\"aligncenter size-full wp-image-200\" src=\"http:\/\/www.hoehle.at\/wordpress\/wp-content\/uploads\/2013\/09\/Schauberger_Schwarzmooskogel-Eish\u00f6hle.jpg\" alt=\"Schauberger_Schwarzmooskogel-Eish\u00f6hle\" width=\"800\" height=\"598\" srcset=\"http:\/\/www.hoehle.at\/wordpress\/wp-content\/uploads\/2013\/09\/Schauberger_Schwarzmooskogel-Eish\u00f6hle.jpg 800w, http:\/\/www.hoehle.at\/wordpress\/wp-content\/uploads\/2013\/09\/Schauberger_Schwarzmooskogel-Eish\u00f6hle-300x224.jpg 300w, http:\/\/www.hoehle.at\/wordpress\/wp-content\/uploads\/2013\/09\/Schauberger_Schwarzmooskogel-Eish\u00f6hle-401x300.jpg 401w\" sizes=\"(max-width: 800px) 100vw, 800px\" \/><\/p>\n<p style=\"text-align: justify;\">Zugleich wurde der Vereinssitz erstmals vom Ausseerland nach Bad Mitterndorf verlegt.<br \/>\nDie Geschichte der Karsterforschung brachte eine gro\u00dfe Anzahl von Entdeckungen, einige davon z. B. die Schwarzmooskogeleish\u00f6hle waren au\u00dfergew\u00f6hnlich.<br \/>\n1998 wurde auf Initiative der Gemeinde in Bad Mitterndorf mit dem Bau eines Vereinshauses begonnen, das neben drei weiteren Vereinen auch den Verein f\u00fcr H\u00f6hlenkunde in Obersteier beherbergen sollte. 1999 wurde das Geb\u00e4ude offiziell er\u00f6ffnet und seiner Bestimmung \u00fcbergeben. Kataster, Bibliothek, Ausr\u00fcstung und Ger\u00e4te der H\u00f6hlenrettung haben dadurch einen fixen Standplatz.<br \/>\nDer Umzug in die neuen R\u00e4umlichkeiten war f\u00fcr die Weiterentwicklung des Vereines ein bedeutender Schritt an der Schwelle in ein neues Jahrtausend.<\/p>\n<p><img loading=\"lazy\" decoding=\"async\" class=\"aligncenter size-full wp-image-201\" src=\"http:\/\/www.hoehle.at\/wordpress\/wp-content\/uploads\/2013\/09\/Schauberger_Nagelstegh\u00f6hle_2.jpg\" alt=\"Schauberger_Nagelstegh\u00f6hle_2\" width=\"800\" height=\"503\" srcset=\"http:\/\/www.hoehle.at\/wordpress\/wp-content\/uploads\/2013\/09\/Schauberger_Nagelstegh\u00f6hle_2.jpg 800w, http:\/\/www.hoehle.at\/wordpress\/wp-content\/uploads\/2013\/09\/Schauberger_Nagelstegh\u00f6hle_2-300x188.jpg 300w, http:\/\/www.hoehle.at\/wordpress\/wp-content\/uploads\/2013\/09\/Schauberger_Nagelstegh\u00f6hle_2-477x300.jpg 477w\" sizes=\"(max-width: 800px) 100vw, 800px\" \/><\/p>\n<p><strong>1911 Gr\u00fcndung der &#8222;Sektion Obersteier des Vereines f\u00fcr H\u00f6hlenkunde in \u00d6sterreich&#8220; in Bad Aussee<\/strong><\/p>\n<p><strong><br \/>\n1929 Gr\u00fcndung des &#8222;Vereins f\u00fcr H\u00f6hlenkunde steirisches Salzkammergut&#8220;<\/strong><\/p>\n<p><strong><br \/>\n1936 Gr\u00fcndung der &#8222;H\u00f6hlenforschervereinigung Altaussee&#8220; als eine Sekt. d. &#8222;Vereins f. H\u00f6hlenk. in Salzburg&#8220;<\/strong><\/p>\n<p><strong><br \/>\n1949 Gr\u00fcndung der &#8222;Ortsgruppe Ausseerland des Landesvereins f\u00fcr H\u00f6hlenkunde in der Steiermark&#8220;<\/strong><\/p>\n<p><strong><br \/>\n1965 Namens\u00e4nderung in &#8222;Sektion Ausseerland des Landesvereins f\u00fcr H\u00f6hlenkunde in der Steiermark&#8220;<\/strong><\/p>\n<p><strong><br \/>\n1976 Gr\u00fcndung der &#8222;H\u00f6hlengruppe Schladming&#8220; des OEAV (\u00d6sterreichischer Alpenverein)<\/strong><\/p>\n<p><strong><br \/>\n1981 Gr\u00fcndung des &#8222;Vereins f\u00fcr H\u00f6hlenkunde in Obersteier&#8220;, Bad Mitterndorf<\/strong><\/p>\n<p><strong><br \/>\n2001 Jubil\u00e4um 90 Jahre organisierte H\u00f6hlenforschung im Steir. Salzkammergut Speleo-Austria-2001<\/strong><\/p>\n<p><strong><br \/>\n2012 Jubil\u00e4um 100 Jahre organisierte H\u00f6hlenforschung im Steir. Salzkammergut Speleo-Austria-2012<\/strong><\/p>\n<p><a href=\"http:\/\/www.hoehle.at\/wordpress\/verein\/warnung-entlastung-copyright\/\">Warnung, Entlastung, Copyright<\/a><\/p>\n<p><a href=\"http:\/\/hoehle.org\/versicherung\" target=\"_blank\" rel=\"noopener\">Versicherung<\/a><\/p>\n<p><a href=\"http:\/\/www.hoehle.at\/wordpress\/verein\/unterstutzungsmitglied-spenden\/\">Wollen Sie uns unterst\u00fctzen oder Mitglied werden?<\/a><\/p>\n<p><a href=\"http:\/\/www.hoehle.at\/wordpress\/verein\/partner\/\">Partner<\/a><\/p>\n","protected":false},"excerpt":{"rendered":"<p>Verein f\u00fcr H\u00f6hlenkunde in Obersteier (VHO) Sonnenalm 78, 8983 Bad Mitterndorf, \u00d6sterreich email: obersteier(at)a1.net Zur Zeit (04\/2026) hat unser Verein 190 Mitglieder (158 aktive und 32 unterst\u00fctzende). Die meisten Forschungen finden in unserem Katastergebiet rund um Bad Mitterndorf im Toten &hellip; <a href=\"http:\/\/www.hoehle.at\/wordpress\/verein\/\">Weiterlesen <span class=\"meta-nav\">&rarr;<\/span><\/a><\/p>\n","protected":false},"author":2,"featured_media":0,"parent":0,"menu_order":2,"comment_status":"closed","ping_status":"closed","template":"","meta":{"footnotes":""},"_links":{"self":[{"href":"http:\/\/www.hoehle.at\/wordpress\/wp-json\/wp\/v2\/pages\/23"}],"collection":[{"href":"http:\/\/www.hoehle.at\/wordpress\/wp-json\/wp\/v2\/pages"}],"about":[{"href":"http:\/\/www.hoehle.at\/wordpress\/wp-json\/wp\/v2\/types\/page"}],"author":[{"embeddable":true,"href":"http:\/\/www.hoehle.at\/wordpress\/wp-json\/wp\/v2\/users\/2"}],"replies":[{"embeddable":true,"href":"http:\/\/www.hoehle.at\/wordpress\/wp-json\/wp\/v2\/comments?post=23"}],"version-history":[{"count":140,"href":"http:\/\/www.hoehle.at\/wordpress\/wp-json\/wp\/v2\/pages\/23\/revisions"}],"predecessor-version":[{"id":2832,"href":"http:\/\/www.hoehle.at\/wordpress\/wp-json\/wp\/v2\/pages\/23\/revisions\/2832"}],"wp:attachment":[{"href":"http:\/\/www.hoehle.at\/wordpress\/wp-json\/wp\/v2\/media?parent=23"}],"curies":[{"name":"wp","href":"https:\/\/api.w.org\/{rel}","templated":true}]}}