{"id":2559,"date":"2024-08-26T21:48:05","date_gmt":"2024-08-26T20:48:05","guid":{"rendered":"http:\/\/www.hoehle.at\/wordpress\/?page_id=2559"},"modified":"2025-09-26T15:54:56","modified_gmt":"2025-09-26T14:54:56","slug":"nordwandschacht","status":"publish","type":"page","link":"http:\/\/www.hoehle.at\/wordpress\/forschung\/planker-mira\/nordwandschacht\/","title":{"rendered":"Nordwandschacht"},"content":{"rendered":"\n<p>Der Nordwandschacht (1625\/141), wurde 1976 entdeckt und von Mitgliedern der Sektion Ausseerland (jetzt VHO) teilweise erforscht. Anschlie\u00dfend wurden die Arbeiten durch Franz\u00f6sische H\u00f6hlenforscher fortgesetzt. Dies ergab eine L\u00e4nge von ca. 1 km und eine Tiefe von 295 m. Im Jahre 2023 wurden die Forschungen durch den VHO wieder aufgenommen. Dabei gelang es sowohl eine Fortsetzung in Richtung Norden, als auch in Richtung S\u00fcden zu entdecken. <\/p>\n\n\n\n<p><\/p>\n\n\n\n<figure class=\"wp-block-image size-large\"><a href=\"http:\/\/www.hoehle.at\/wordpress\/wp-content\/uploads\/2025\/09\/FBMitte-Salle-Marie-Genevieve-2022.jpg\"><img loading=\"lazy\" decoding=\"async\" width=\"1024\" height=\"684\" src=\"http:\/\/www.hoehle.at\/wordpress\/wp-content\/uploads\/2025\/09\/FBMitte-Salle-Marie-Genevieve-2022-1024x684.jpg\" alt=\"\" class=\"wp-image-2744\" srcset=\"http:\/\/www.hoehle.at\/wordpress\/wp-content\/uploads\/2025\/09\/FBMitte-Salle-Marie-Genevieve-2022-1024x684.jpg 1024w, http:\/\/www.hoehle.at\/wordpress\/wp-content\/uploads\/2025\/09\/FBMitte-Salle-Marie-Genevieve-2022-300x200.jpg 300w, http:\/\/www.hoehle.at\/wordpress\/wp-content\/uploads\/2025\/09\/FBMitte-Salle-Marie-Genevieve-2022-768x513.jpg 768w, http:\/\/www.hoehle.at\/wordpress\/wp-content\/uploads\/2025\/09\/FBMitte-Salle-Marie-Genevieve-2022-449x300.jpg 449w, http:\/\/www.hoehle.at\/wordpress\/wp-content\/uploads\/2025\/09\/FBMitte-Salle-Marie-Genevieve-2022.jpg 1200w\" sizes=\"(max-width: 1024px) 100vw, 1024px\" \/><\/a><\/figure>\n\n\n\n<h1 class=\"wp-block-heading\"><strong>Forschungsstand (08\/2025)<\/strong><\/h1>\n\n\n\n<h1 class=\"wp-block-heading\">Gesamtgangl\u00e4nge:&nbsp; &nbsp; &nbsp; &nbsp; &nbsp; &nbsp; &nbsp; &nbsp; &nbsp; &nbsp; &nbsp; &nbsp; &nbsp; &nbsp; 2.043 m<\/h1>\n\n\n\n<p><strong>Gesamt Vermessungsl\u00e4nge:&nbsp; &nbsp; &nbsp; &nbsp; &nbsp; &nbsp; 2.617 m<\/strong><\/p>\n\n\n\n<h1 class=\"wp-block-heading\"><strong>Niveaudifferenz:&nbsp; &nbsp; &nbsp; &nbsp; &nbsp; &nbsp; &nbsp; &nbsp; &nbsp; &nbsp; &nbsp; &nbsp; &nbsp; &nbsp; &nbsp; &nbsp; &nbsp; -372 m<\/strong><\/h1>\n\n\n\n<h1 class=\"wp-block-heading\"><strong>Horizontalerstreckung:&nbsp; &nbsp; &nbsp; &nbsp; &nbsp; &nbsp; &nbsp; &nbsp; &nbsp; &nbsp; &nbsp; &nbsp;565 m<\/strong><\/h1>\n\n\n\n<p><\/p>\n\n\n\n<p><a href=\"http:\/\/www.hoehle.at\/wordpress\/forschung\/planker-mira\/\">zur\u00fcck zu Projekt Plankermira<\/a><\/p>\n","protected":false},"excerpt":{"rendered":"<p>Der Nordwandschacht (1625\/141), wurde 1976 entdeckt und von Mitgliedern der Sektion Ausseerland (jetzt VHO) teilweise erforscht. Anschlie\u00dfend wurden die Arbeiten durch Franz\u00f6sische H\u00f6hlenforscher fortgesetzt. Dies ergab eine L\u00e4nge von ca. 1 km und eine Tiefe von 295 m. Im Jahre &hellip; <a href=\"http:\/\/www.hoehle.at\/wordpress\/forschung\/planker-mira\/nordwandschacht\/\">Weiterlesen <span class=\"meta-nav\">&rarr;<\/span><\/a><\/p>\n","protected":false},"author":2,"featured_media":0,"parent":510,"menu_order":3,"comment_status":"closed","ping_status":"closed","template":"","meta":{"footnotes":""},"_links":{"self":[{"href":"http:\/\/www.hoehle.at\/wordpress\/wp-json\/wp\/v2\/pages\/2559"}],"collection":[{"href":"http:\/\/www.hoehle.at\/wordpress\/wp-json\/wp\/v2\/pages"}],"about":[{"href":"http:\/\/www.hoehle.at\/wordpress\/wp-json\/wp\/v2\/types\/page"}],"author":[{"embeddable":true,"href":"http:\/\/www.hoehle.at\/wordpress\/wp-json\/wp\/v2\/users\/2"}],"replies":[{"embeddable":true,"href":"http:\/\/www.hoehle.at\/wordpress\/wp-json\/wp\/v2\/comments?post=2559"}],"version-history":[{"count":7,"href":"http:\/\/www.hoehle.at\/wordpress\/wp-json\/wp\/v2\/pages\/2559\/revisions"}],"predecessor-version":[{"id":2746,"href":"http:\/\/www.hoehle.at\/wordpress\/wp-json\/wp\/v2\/pages\/2559\/revisions\/2746"}],"up":[{"embeddable":true,"href":"http:\/\/www.hoehle.at\/wordpress\/wp-json\/wp\/v2\/pages\/510"}],"wp:attachment":[{"href":"http:\/\/www.hoehle.at\/wordpress\/wp-json\/wp\/v2\/media?parent=2559"}],"curies":[{"name":"wp","href":"https:\/\/api.w.org\/{rel}","templated":true}]}}