{"id":29,"date":"2013-09-09T21:25:40","date_gmt":"2013-09-09T20:25:40","guid":{"rendered":"http:\/\/www.hoehle.at\/wordpress\/?page_id=29"},"modified":"2021-11-23T10:13:20","modified_gmt":"2021-11-23T09:13:20","slug":"gebiet","status":"publish","type":"page","link":"http:\/\/www.hoehle.at\/wordpress\/gebiet\/","title":{"rendered":"Gebiet"},"content":{"rendered":"<h1><a href=\"http:\/\/www.hoehle.at\/wordpress\/wp-content\/uploads\/2013\/09\/FBIMG_5832.jpg\"><img loading=\"lazy\" decoding=\"async\" class=\"aligncenter size-full wp-image-1683\" src=\"http:\/\/www.hoehle.at\/wordpress\/wp-content\/uploads\/2013\/09\/FBIMG_5832.jpg\" alt=\"FBIMG_5832\" width=\"1200\" height=\"800\" srcset=\"http:\/\/www.hoehle.at\/wordpress\/wp-content\/uploads\/2013\/09\/FBIMG_5832.jpg 1200w, http:\/\/www.hoehle.at\/wordpress\/wp-content\/uploads\/2013\/09\/FBIMG_5832-300x200.jpg 300w, http:\/\/www.hoehle.at\/wordpress\/wp-content\/uploads\/2013\/09\/FBIMG_5832-1024x682.jpg 1024w, http:\/\/www.hoehle.at\/wordpress\/wp-content\/uploads\/2013\/09\/FBIMG_5832-450x300.jpg 450w\" sizes=\"(max-width: 1200px) 100vw, 1200px\" \/><\/a><\/h1>\n<div>\n<p>\u00a0<strong>Forschungsgebiet<\/strong><\/p>\n<p style=\"text-align: justify;\">Die Hauptaktivit\u00e4ten des Vereins liegen in der Gegend um Bad Mitterndorf in der Steiermark.<\/p>\n<p style=\"text-align: justify;\">Bad Mitterndorf liegt zwischen den stark verkarsteten Gebirgsz\u00fcgen des Toten Gebirges und des Dachsteins. Ein gro\u00dfer Teil davon ist Naturschutzgebiet. Zum besuchen der H\u00f6hlen ist eine Genehmigung erforderlich.<\/p>\n<p style=\"text-align: justify;\">Das Vereinsgebiet in dem auch das H\u00f6hlenkataster gef\u00fchrt wird umfasst im wesentlichen das Steirische Salzkammergut und einen Teil Ober\u00f6sterreichs, es schlie\u00dft den Hauptteil des Toten Gebirges (Gr. Priel: 2515 m) und den steirischen Teil des Dachsteins (Hoher Dachstein 2995 m) ein.<\/p>\n<p>Die Berge haben meist den Charakter hochalpinen Karsts und sind aus Trias- und Jurakalken aufgebaut. H\u00f6hlensysteme mit tiefen Sch\u00e4chten und ausgepr\u00e4gten Horizontaletagen sind typisch.<\/p>\n<p><a href=\"http:\/\/www.hoehle.at\/wordpress\/wp-content\/uploads\/2013\/09\/FBIMG_5839.jpg\"><img loading=\"lazy\" decoding=\"async\" class=\"aligncenter size-full wp-image-1684\" src=\"http:\/\/www.hoehle.at\/wordpress\/wp-content\/uploads\/2013\/09\/FBIMG_5839.jpg\" alt=\"FBIMG_5839\" width=\"1200\" height=\"800\" srcset=\"http:\/\/www.hoehle.at\/wordpress\/wp-content\/uploads\/2013\/09\/FBIMG_5839.jpg 1200w, http:\/\/www.hoehle.at\/wordpress\/wp-content\/uploads\/2013\/09\/FBIMG_5839-300x200.jpg 300w, http:\/\/www.hoehle.at\/wordpress\/wp-content\/uploads\/2013\/09\/FBIMG_5839-1024x682.jpg 1024w, http:\/\/www.hoehle.at\/wordpress\/wp-content\/uploads\/2013\/09\/FBIMG_5839-450x300.jpg 450w\" sizes=\"(max-width: 1200px) 100vw, 1200px\" \/><\/a><\/p>\n<p><a href=\"http:\/\/www.hoehle.at\/wordpress\/gebiet\/die-langsten-und-tiefsten-hohlen-des-toten-gebirges-und-des-dachsteins-steirischer-teil\/\">Die l\u00e4ngsten und tiefsten H\u00f6hlen des Toten Gebirges und des Dachsteins (steir. Teil)<\/a><\/p>\n<p><a href=\"https:\/\/tauplitz.panomax.com\/\" target=\"_blank\">Panoramakamera Tauplitzalm mit Blick ins Tote Gebirge<br \/>\n<\/a><\/p>\n<\/div>\n","protected":false},"excerpt":{"rendered":"<p>\u00a0Forschungsgebiet Die Hauptaktivit\u00e4ten des Vereins liegen in der Gegend um Bad Mitterndorf in der Steiermark. Bad Mitterndorf liegt zwischen den stark verkarsteten Gebirgsz\u00fcgen des Toten Gebirges und des Dachsteins. Ein gro\u00dfer Teil davon ist Naturschutzgebiet. Zum besuchen der H\u00f6hlen ist &hellip; <a href=\"http:\/\/www.hoehle.at\/wordpress\/gebiet\/\">Weiterlesen <span class=\"meta-nav\">&rarr;<\/span><\/a><\/p>\n","protected":false},"author":2,"featured_media":0,"parent":0,"menu_order":3,"comment_status":"closed","ping_status":"closed","template":"","meta":{"footnotes":""},"_links":{"self":[{"href":"http:\/\/www.hoehle.at\/wordpress\/wp-json\/wp\/v2\/pages\/29"}],"collection":[{"href":"http:\/\/www.hoehle.at\/wordpress\/wp-json\/wp\/v2\/pages"}],"about":[{"href":"http:\/\/www.hoehle.at\/wordpress\/wp-json\/wp\/v2\/types\/page"}],"author":[{"embeddable":true,"href":"http:\/\/www.hoehle.at\/wordpress\/wp-json\/wp\/v2\/users\/2"}],"replies":[{"embeddable":true,"href":"http:\/\/www.hoehle.at\/wordpress\/wp-json\/wp\/v2\/comments?post=29"}],"version-history":[{"count":17,"href":"http:\/\/www.hoehle.at\/wordpress\/wp-json\/wp\/v2\/pages\/29\/revisions"}],"predecessor-version":[{"id":2089,"href":"http:\/\/www.hoehle.at\/wordpress\/wp-json\/wp\/v2\/pages\/29\/revisions\/2089"}],"wp:attachment":[{"href":"http:\/\/www.hoehle.at\/wordpress\/wp-json\/wp\/v2\/media?parent=29"}],"curies":[{"name":"wp","href":"https:\/\/api.w.org\/{rel}","templated":true}]}}