{"id":32,"date":"2013-09-09T21:26:49","date_gmt":"2013-09-09T20:26:49","guid":{"rendered":"http:\/\/www.hoehle.at\/wordpress\/?page_id=32"},"modified":"2020-01-21T10:57:58","modified_gmt":"2020-01-21T09:57:58","slug":"forschung","status":"publish","type":"page","link":"http:\/\/www.hoehle.at\/wordpress\/forschung\/","title":{"rendered":"Forschung"},"content":{"rendered":"<h1><a href=\"http:\/\/www.hoehle.at\/wordpress\/wp-content\/uploads\/2013\/09\/RS_P1060959.jpg\"><img loading=\"lazy\" decoding=\"async\" class=\"aligncenter size-full wp-image-997\" src=\"http:\/\/www.hoehle.at\/wordpress\/wp-content\/uploads\/2013\/09\/RS_P1060959.jpg\" alt=\"RS_P1060959\" width=\"1000\" height=\"667\" srcset=\"http:\/\/www.hoehle.at\/wordpress\/wp-content\/uploads\/2013\/09\/RS_P1060959.jpg 1000w, http:\/\/www.hoehle.at\/wordpress\/wp-content\/uploads\/2013\/09\/RS_P1060959-300x200.jpg 300w, http:\/\/www.hoehle.at\/wordpress\/wp-content\/uploads\/2013\/09\/RS_P1060959-449x300.jpg 449w\" sizes=\"(max-width: 1000px) 100vw, 1000px\" \/><\/a><\/h1>\n<div>\n<p style=\"text-align: justify;\">Die meisten Forschungen finden in unserem Katastergebiet rund um Bad Mitterndorf, im Toten Gebirge Warscheneck und Dachstein statt. Auch die meisten Vereinsmitglieder kommen aus der Gegend.<\/p>\n<p style=\"text-align: justify;\">Trotzdem ist der Verein nicht nur eine lokale Institution. Viele Mitglieder leben weit von Bad Mitterndorf, etwa 20% sogar au\u00dferhalb \u00d6sterreichs.<br \/>\nAusl\u00e4ndische Gruppen, die im Gebiet forschen sind h\u00e4ufig Vereinsmitglieder und arbeiten eng zusammen mit dem Verein. Das Vereinsheim ist eine Informationsdrehscheibe f\u00fcr Forschungen im Toten Gebirge. Dar\u00fcber hinaus unternimmt der Verein regelm\u00e4\u00dfig auch Forschungen im Ausland, z.B. in Kroatien, Malaysia, Iran und Afrika.<\/p>\n<p><span style=\"font-size: large;\"><strong>Einige aktuelle Projekte:<\/strong><\/span><\/p>\n<p><a href=\"http:\/\/www.hoehle.at\/wordpress\/forschung\/das-dof-sonnenleiter-hohlensystem-1625279\/\"><strong>D\u00f6f-Sonnenleiter-H\u00f6hlensystem<\/strong><\/a><\/p>\n<p><strong><a href=\"http:\/\/www.hoehle.at\/wordpress\/forschung\/projekt-sub-glacies-dachstein\/\">Projekt Sub Glacies<\/a><\/strong><\/p>\n<p><a href=\"http:\/\/www.hoehle.at\/wordpress\/forschung\/projekt-tauplitzalm-tiefenbach\/\"><strong>Projekt Tauplitzalm<\/strong><\/a><\/p>\n<p><a href=\"http:\/\/www.hoehle.at\/wordpress\/forschung\/projekt-zinkenkogel\/\"><strong>Projekt Zinkenkogel<\/strong><\/a><\/p>\n<p><a href=\"http:\/\/www.hoehle.at\/wordpress\/forschung\/weisenbach-hohlenprojekt\/\"><strong>Wei\u00dfenbach H\u00f6hlenprojekt<\/strong><\/a><\/p>\n<p><a href=\"http:\/\/www.hoehle.at\/wordpress\/forschung\/planker-mira\/\"><strong>Projekt Plankermira<\/strong><\/a><\/p>\n<p><a href=\"http:\/\/www.hoehle.at\/wordpress\/forschung\/elmhoehle\/\" target=\"_blank\"><strong>Projekt Karstwasser Grundlseer Berge<\/strong><\/a><\/p>\n<p><a href=\"http:\/\/www.hoehle.at\/wordpress\/forschung\/auslandsforschung-expeditionen\/\"><strong>Auslandsforschung, Expeditionen<\/strong><\/a><\/p>\n<p><strong><a href=\"http:\/\/www.hoehle.at\/wordpress\/hohlentauchen\/\">Tauchforschungen<\/a><\/strong><\/p>\n<p>&nbsp;<\/p>\n<p>Aktuelle informationen \u00fcber die laufenden Forschungen findeman im <a href=\"http:\/\/www.vho-caving-news.blogspot.com\/\">Forschungsblog<\/a>.<\/p>\n<p><a href=\"http:\/\/www.hoehle.at\/wordpress\/verein\/tatigkeitsberichte\/\">T\u00e4tigkeitsberichte des VHO ab 1995:<\/a><\/p>\n<p><a href=\"http:\/\/www.hoehle.at\/wordpress\/gebiet\/die-langsten-und-tiefsten-hohlen-des-toten-gebirges-und-des-dachsteins-steirischer-teil\/\">L\u00e4ngste und tiefste H\u00f6hlen:<\/a><\/p>\n<p><a href=\"http:\/\/www.hoehle.at\/wordpress\/wp-content\/uploads\/2013\/09\/S\u00fcdwandh\u00f6lhle_2006_2.jpg\"><img loading=\"lazy\" decoding=\"async\" class=\"alignleft size-full wp-image-367\" src=\"http:\/\/www.hoehle.at\/wordpress\/wp-content\/uploads\/2013\/09\/S\u00fcdwandh\u00f6lhle_2006_2.jpg\" alt=\"Abschlundgang in der S\u00fcdwandh\u00f6hle\" width=\"751\" height=\"561\" srcset=\"http:\/\/www.hoehle.at\/wordpress\/wp-content\/uploads\/2013\/09\/S\u00fcdwandh\u00f6lhle_2006_2.jpg 751w, http:\/\/www.hoehle.at\/wordpress\/wp-content\/uploads\/2013\/09\/S\u00fcdwandh\u00f6lhle_2006_2-300x224.jpg 300w, http:\/\/www.hoehle.at\/wordpress\/wp-content\/uploads\/2013\/09\/S\u00fcdwandh\u00f6lhle_2006_2-401x300.jpg 401w\" sizes=\"(max-width: 751px) 100vw, 751px\" \/><\/a><\/p>\n<\/div>\n","protected":false},"excerpt":{"rendered":"<p>Die meisten Forschungen finden in unserem Katastergebiet rund um Bad Mitterndorf, im Toten Gebirge Warscheneck und Dachstein statt. Auch die meisten Vereinsmitglieder kommen aus der Gegend. Trotzdem ist der Verein nicht nur eine lokale Institution. Viele Mitglieder leben weit von &hellip; <a href=\"http:\/\/www.hoehle.at\/wordpress\/forschung\/\">Weiterlesen <span class=\"meta-nav\">&rarr;<\/span><\/a><\/p>\n","protected":false},"author":2,"featured_media":0,"parent":0,"menu_order":4,"comment_status":"closed","ping_status":"closed","template":"","meta":{"footnotes":""},"_links":{"self":[{"href":"http:\/\/www.hoehle.at\/wordpress\/wp-json\/wp\/v2\/pages\/32"}],"collection":[{"href":"http:\/\/www.hoehle.at\/wordpress\/wp-json\/wp\/v2\/pages"}],"about":[{"href":"http:\/\/www.hoehle.at\/wordpress\/wp-json\/wp\/v2\/types\/page"}],"author":[{"embeddable":true,"href":"http:\/\/www.hoehle.at\/wordpress\/wp-json\/wp\/v2\/users\/2"}],"replies":[{"embeddable":true,"href":"http:\/\/www.hoehle.at\/wordpress\/wp-json\/wp\/v2\/comments?post=32"}],"version-history":[{"count":23,"href":"http:\/\/www.hoehle.at\/wordpress\/wp-json\/wp\/v2\/pages\/32\/revisions"}],"predecessor-version":[{"id":1739,"href":"http:\/\/www.hoehle.at\/wordpress\/wp-json\/wp\/v2\/pages\/32\/revisions\/1739"}],"wp:attachment":[{"href":"http:\/\/www.hoehle.at\/wordpress\/wp-json\/wp\/v2\/media?parent=32"}],"curies":[{"name":"wp","href":"https:\/\/api.w.org\/{rel}","templated":true}]}}