{"id":340,"date":"2013-09-24T22:12:53","date_gmt":"2013-09-24T21:12:53","guid":{"rendered":"http:\/\/www.hoehle.at\/wordpress\/?page_id=340"},"modified":"2025-10-31T12:00:36","modified_gmt":"2025-10-31T11:00:36","slug":"unterstutzungsmitglied-spenden","status":"publish","type":"page","link":"http:\/\/www.hoehle.at\/wordpress\/verein\/unterstutzungsmitglied-spenden\/","title":{"rendered":"Mitgliedschaft, Spenden"},"content":{"rendered":"<header>\n<h1><span style=\"font-size: revert; font-weight: 300; text-align: justify;\">Unsere Forschungsaktivit\u00e4ten sind sehr aufw\u00e4ndig und auch kostspielig. Wir ben\u00f6tigen st\u00e4ndig neue Befahrungsmaterialien bzw. brauchen viel Geld f\u00fcr die Erstellung unserer umfangreichen Vereinspublikationen. Wenn Sie uns unterst\u00fctzen wollen, k\u00f6nnen Sie dies durch eine Spende oder durch eine unterst\u00fctzende Mitgliedschaft (\u20ac 35.-\/Jahr) erreichen. Oder wollen Sie als aktives Mitglied an der Forschung teilnehmen (\u20ac 30.-\/Jahr &#8211; Kinder und Jugendliche bis zum vollendeten 18. Lebensjahr \u20ac 15.-\/Jahr).<\/span><\/h1>\n<\/header>\n<div><strong>Der Beitritt ist hier ganz einfach online m\u00f6glich:<\/strong>\u00a0<strong><a href=\"https:\/\/formular.vereinsplaner.com\/6935777f-daa9-4172-9991-70329177b5fd\" target=\"_blank\" rel=\"noopener\">Beitreten<\/a><\/strong><\/p>\n<p style=\"text-align: justify;\">Als VHO-Mitglied genie\u00dfen Sie den Vorteil einer H\u00f6hlen-Bergekostenversicherung. Weiters erhalten Sie die Vereinspublikationen gratis zugesandt und werden st\u00e4ndig \u00fcber unsere aktuellen Forschungen per E-Mail informiert.<\/p>\n<p style=\"text-align: justify;\">Falls Sie uns aber nur einfach eine Spende zukommen lassen wollen, finden Sie hier unsere Bankverbindung:<\/p>\n<p style=\"text-align: justify;\">Volksbank Salzburg, Filiale Bad Mitterndorf<\/p>\n<p style=\"text-align: justify;\"><strong>F\u00fcr \u00dcberweisungen aus \u00d6sterreich und aus den EU-Staaten:<\/strong><\/p>\n<p><span style=\"font-size: 9.0pt; font-family: 'Verdana','sans-serif'; color: lime;\">Name: Verein f\u00fcr H\u00f6hlenkunde in Obersteier (VHO)<br \/>\nIBAN: AT82 4501 0308 8200 0000<\/span><span style=\"font-size: 9.0pt; font-family: 'Verdana','sans-serif'; color: black;\"><br \/>\n<\/span><span style=\"font-size: 9.0pt; font-family: 'Verdana','sans-serif'; color: lime;\">BIC:\u00a0 \u00a0 VBOEATWWSAL<br \/>\nBank: Volksbank Salzburg<\/span><\/div>\n<p style=\"text-align: justify;\">diese \u00dcberweisungen sind geb\u00fchrenfrei f\u00fcr beide Seiten<\/p>\n","protected":false},"excerpt":{"rendered":"<p>Unsere Forschungsaktivit\u00e4ten sind sehr aufw\u00e4ndig und auch kostspielig. Wir ben\u00f6tigen st\u00e4ndig neue Befahrungsmaterialien bzw. brauchen viel Geld f\u00fcr die Erstellung unserer umfangreichen Vereinspublikationen. Wenn Sie uns unterst\u00fctzen wollen, k\u00f6nnen Sie dies durch eine Spende oder durch eine unterst\u00fctzende Mitgliedschaft (\u20ac &hellip; <a href=\"http:\/\/www.hoehle.at\/wordpress\/verein\/unterstutzungsmitglied-spenden\/\">Weiterlesen <span class=\"meta-nav\">&rarr;<\/span><\/a><\/p>\n","protected":false},"author":2,"featured_media":0,"parent":23,"menu_order":4,"comment_status":"closed","ping_status":"closed","template":"","meta":{"footnotes":""},"_links":{"self":[{"href":"http:\/\/www.hoehle.at\/wordpress\/wp-json\/wp\/v2\/pages\/340"}],"collection":[{"href":"http:\/\/www.hoehle.at\/wordpress\/wp-json\/wp\/v2\/pages"}],"about":[{"href":"http:\/\/www.hoehle.at\/wordpress\/wp-json\/wp\/v2\/types\/page"}],"author":[{"embeddable":true,"href":"http:\/\/www.hoehle.at\/wordpress\/wp-json\/wp\/v2\/users\/2"}],"replies":[{"embeddable":true,"href":"http:\/\/www.hoehle.at\/wordpress\/wp-json\/wp\/v2\/comments?post=340"}],"version-history":[{"count":36,"href":"http:\/\/www.hoehle.at\/wordpress\/wp-json\/wp\/v2\/pages\/340\/revisions"}],"predecessor-version":[{"id":2783,"href":"http:\/\/www.hoehle.at\/wordpress\/wp-json\/wp\/v2\/pages\/340\/revisions\/2783"}],"up":[{"embeddable":true,"href":"http:\/\/www.hoehle.at\/wordpress\/wp-json\/wp\/v2\/pages\/23"}],"wp:attachment":[{"href":"http:\/\/www.hoehle.at\/wordpress\/wp-json\/wp\/v2\/media?parent=340"}],"curies":[{"name":"wp","href":"https:\/\/api.w.org\/{rel}","templated":true}]}}