{"id":35,"date":"2013-09-09T21:28:24","date_gmt":"2013-09-09T20:28:24","guid":{"rendered":"http:\/\/www.hoehle.at\/wordpress\/?page_id=35"},"modified":"2025-05-26T20:04:04","modified_gmt":"2025-05-26T19:04:04","slug":"links","status":"publish","type":"page","link":"http:\/\/www.hoehle.at\/wordpress\/links\/","title":{"rendered":"Links"},"content":{"rendered":"<p><a href=\"http:\/\/www.hoehle.org\/\" target=\"_blank\" rel=\"noopener\">Verband \u00d6sterreichischer H\u00f6hlenforschung<\/a><\/p>\n<p><a href=\"http:\/\/www.cyberlord.at\/forum\/?id=3427\" target=\"_blank\" rel=\"noopener\">Spel\u00e4oforum \u00d6sterreich<\/a><br \/>\n<a href=\"https:\/\/www.hoehlenforschung.org\/\" target=\"_blank\" rel=\"noopener\">H\u00f6hlenforschung<\/a><br \/>\n<a href=\"http:\/\/www.cave.at\/de\/\" target=\"_blank\" rel=\"noopener\">Landesverein f. H\u00f6hlenkunde in Wien u. Nieder\u00f6sterreich <\/a><br \/>\n<a href=\"http:\/\/www.hoehlenforschung.at\/\" target=\"_blank\" rel=\"noopener\">Landesverein f\u00fcr H\u00f6hlenkunde in Ober\u00f6sterreich<br \/>\n<\/a><a href=\"http:\/\/www.hoehlenverein-salzburg.at\/\" target=\"_blank\" rel=\"noopener\">Landesverein f\u00fcr H\u00f6hlenkunde in Salzburg<\/a><br \/>\n<a href=\"http:\/\/www.hoehlenbaeren.com\/\" target=\"_blank\" rel=\"noopener\">Verein f\u00fcr H\u00f6hlenkunde &#8222;Die H\u00f6hlenb\u00e4ren&#8220;<\/a><br \/>\n<a href=\"http:\/\/www.lvhstmk.at\/\" target=\"_blank\" rel=\"noopener\">Landesverein f\u00fcr H\u00f6hlenkunde in der Steiermark <\/a><\/p>\n<p><a href=\"http:\/\/www.fhkf.de\/\" target=\"_blank\" rel=\"noopener\">Forschergruppe H\u00f6hle und Karst Franken e.V. <\/a><br \/>\n<a href=\"http:\/\/www.arge-grabenstetten.de\/www2\/\" target=\"_blank\" rel=\"noopener\">Arbeitsgemeinschaft H\u00f6hle &amp; Karst Grabenstetten e. V.<br \/>\n<\/a><a href=\"http:\/\/www.troglophil.de\/\" target=\"_blank\" rel=\"noopener\">Troglophil.de<\/a><br \/>\n<a href=\"http:\/\/www.blauhoehle.de\/\" target=\"_blank\" rel=\"noopener\">ARGE Blaukarst<br \/>\n<\/a><a href=\"http:\/\/www.cavesofmalaysia.com\/\" target=\"_blank\" rel=\"noopener\">Caves and limestone hills of Malaysia<\/a><br \/>\n<a href=\"http:\/\/myanmarcaves.wikidot.com\/\" target=\"_blank\" rel=\"noopener\">Caves of Myanmar<\/a><\/p>\n<p><a href=\"http:\/\/www.fountainware.com\/compass\/\" target=\"_blank\" rel=\"noopener\">Compass cave survey software<\/a><br \/>\n<a href=\"http:\/\/www.caverbob.com\/\" target=\"_blank\" rel=\"noopener\">NSS Long and deep caves<\/a><\/p>\n<p><a href=\"http:\/\/vho-caving-news.blogspot.com\/\" target=\"_blank\" rel=\"noopener\">VHO-Forschungsblog<br \/>\n<\/a><a href=\"http:\/\/pentax-k-7.blogspot.com\/\" target=\"_blank\" rel=\"noopener\">Pentax K-7-Blog<\/a><\/p>\n<p><a href=\"http:\/\/www.hoehle.at\/wordpress\/wp-content\/uploads\/2013\/09\/KPH.jpg\"><img loading=\"lazy\" decoding=\"async\" class=\"alignleft size-full wp-image-358\" src=\"http:\/\/www.hoehle.at\/wordpress\/wp-content\/uploads\/2013\/09\/KPH.jpg\" alt=\"KPH\" width=\"800\" height=\"157\" srcset=\"http:\/\/www.hoehle.at\/wordpress\/wp-content\/uploads\/2013\/09\/KPH.jpg 800w, http:\/\/www.hoehle.at\/wordpress\/wp-content\/uploads\/2013\/09\/KPH-300x58.jpg 300w, http:\/\/www.hoehle.at\/wordpress\/wp-content\/uploads\/2013\/09\/KPH-500x98.jpg 500w\" sizes=\"(max-width: 800px) 100vw, 800px\" \/><\/a><\/p>\n","protected":false},"excerpt":{"rendered":"<p>Verband \u00d6sterreichischer H\u00f6hlenforschung Spel\u00e4oforum \u00d6sterreich H\u00f6hlenforschung Landesverein f. H\u00f6hlenkunde in Wien u. Nieder\u00f6sterreich Landesverein f\u00fcr H\u00f6hlenkunde in Ober\u00f6sterreich Landesverein f\u00fcr H\u00f6hlenkunde in Salzburg Verein f\u00fcr H\u00f6hlenkunde &#8222;Die H\u00f6hlenb\u00e4ren&#8220; Landesverein f\u00fcr H\u00f6hlenkunde in der Steiermark Forschergruppe H\u00f6hle und Karst Franken e.V. &hellip; <a href=\"http:\/\/www.hoehle.at\/wordpress\/links\/\">Weiterlesen <span class=\"meta-nav\">&rarr;<\/span><\/a><\/p>\n","protected":false},"author":2,"featured_media":0,"parent":0,"menu_order":7,"comment_status":"closed","ping_status":"closed","template":"","meta":{"footnotes":""},"_links":{"self":[{"href":"http:\/\/www.hoehle.at\/wordpress\/wp-json\/wp\/v2\/pages\/35"}],"collection":[{"href":"http:\/\/www.hoehle.at\/wordpress\/wp-json\/wp\/v2\/pages"}],"about":[{"href":"http:\/\/www.hoehle.at\/wordpress\/wp-json\/wp\/v2\/types\/page"}],"author":[{"embeddable":true,"href":"http:\/\/www.hoehle.at\/wordpress\/wp-json\/wp\/v2\/users\/2"}],"replies":[{"embeddable":true,"href":"http:\/\/www.hoehle.at\/wordpress\/wp-json\/wp\/v2\/comments?post=35"}],"version-history":[{"count":11,"href":"http:\/\/www.hoehle.at\/wordpress\/wp-json\/wp\/v2\/pages\/35\/revisions"}],"predecessor-version":[{"id":2694,"href":"http:\/\/www.hoehle.at\/wordpress\/wp-json\/wp\/v2\/pages\/35\/revisions\/2694"}],"wp:attachment":[{"href":"http:\/\/www.hoehle.at\/wordpress\/wp-json\/wp\/v2\/media?parent=35"}],"curies":[{"name":"wp","href":"https:\/\/api.w.org\/{rel}","templated":true}]}}