{"id":49,"date":"2013-09-09T21:42:35","date_gmt":"2013-09-09T20:42:35","guid":{"rendered":"http:\/\/www.hoehle.at\/wordpress\/?page_id=49"},"modified":"2024-11-18T23:11:51","modified_gmt":"2024-11-18T22:11:51","slug":"sudwandhohle-154328","status":"publish","type":"page","link":"http:\/\/www.hoehle.at\/wordpress\/forschung\/projekt-sub-glacies-dachstein\/sudwandhohle-154328\/","title":{"rendered":"S\u00fcdwandh\u00f6hle (1543\/28)"},"content":{"rendered":"<p style=\"text-align: justify;\"><a href=\"http:\/\/www.hoehle.at\/wordpress\/wp-content\/uploads\/2013\/07\/SWH.jpg\"><img loading=\"lazy\" decoding=\"async\" class=\"aligncenter size-full wp-image-547\" src=\"http:\/\/www.hoehle.at\/wordpress\/wp-content\/uploads\/2013\/07\/SWH.jpg\" alt=\"OLYMPUS DIGITAL CAMERA\" width=\"800\" height=\"158\" srcset=\"http:\/\/www.hoehle.at\/wordpress\/wp-content\/uploads\/2013\/07\/SWH.jpg 800w, http:\/\/www.hoehle.at\/wordpress\/wp-content\/uploads\/2013\/07\/SWH-300x59.jpg 300w, http:\/\/www.hoehle.at\/wordpress\/wp-content\/uploads\/2013\/07\/SWH-500x98.jpg 500w\" sizes=\"(max-width: 800px) 100vw, 800px\" \/><\/a>Die S\u00fcdwandh\u00f6hle liegt in der Steiermark und ist die mit Abstand bedeutendste H\u00f6hle im Bereich der S\u00fcdseite des Dachsteines. Die hinteren Teile erstrecken sich bereits unter dem Hallst\u00e4tter- bzw. Gosaugletscher in Ober\u00f6sterreich. Der bisher einzige bekannte Eingang \u00f6ffnet sich am Fu\u00df des Mittersteines unterhalb des Hohen Dachsteines (2995 m). Die H\u00f6hle selbst besteht aus einem fossilen, nordgerichteten Schlingersystem mit sehr gro\u00dfen Tunnels und noch aktiven Bodencanyons. Ein genetischer Zusammenhang mit den H\u00f6hlen auf der Dachstein Nordseite ist sehr wahrscheinlich. Vom Eingang bis zum Ramsauer Dom ist die H\u00f6hle im Wettersteinkalk entwickelt. Fast s\u00e4mtliche weiter n\u00f6rdlich gelegenen H\u00f6hlenteile liegen im Dolomit bzw. im Dolomitkataklasit.<\/p>\n<p><a href=\"http:\/\/www.hoehle.at\/wordpress\/wp-content\/uploads\/2013\/07\/P2100527.jpg\"><img loading=\"lazy\" decoding=\"async\" class=\"aligncenter size-full wp-image-548\" src=\"http:\/\/www.hoehle.at\/wordpress\/wp-content\/uploads\/2013\/07\/P2100527.jpg\" alt=\"OLYMPUS DIGITAL CAMERA\" width=\"800\" height=\"378\" srcset=\"http:\/\/www.hoehle.at\/wordpress\/wp-content\/uploads\/2013\/07\/P2100527.jpg 800w, http:\/\/www.hoehle.at\/wordpress\/wp-content\/uploads\/2013\/07\/P2100527-300x141.jpg 300w, http:\/\/www.hoehle.at\/wordpress\/wp-content\/uploads\/2013\/07\/P2100527-500x236.jpg 500w\" sizes=\"(max-width: 800px) 100vw, 800px\" \/><\/a><\/p>\n<p style=\"text-align: justify;\"><strong>Geschichte<br \/>\n<\/strong><br \/>\n<strong>1886: <\/strong>Die H\u00f6hle wird vom ramsauer Bergf\u00fchrer Johann Knau\u00df entdeckt und erstmals erkundet.<\/p>\n<p style=\"text-align: justify;\"><strong>1910:<\/strong> Die bekannten H\u00f6hlenforscher Hermann und Hanna Bock, Georg Lahner, August H\u00f6dl sowie Theodor Kabrhel besuchen die H\u00f6hle und erforschen diese bis zum \u201eGro\u00dfen Dom\u201c (heute Ramsauer Dom). Auch eine Vermessung dieses H\u00f6hlenteiles auf etwa 400 m wird durchgef\u00fchrt.<\/p>\n<p style=\"text-align: justify;\"><strong>1984:<\/strong> Im Ramsauer Dom werden durch Mitglieder der \u00d6AV-H\u00f6hlengruppe Schladming 2 Kletterstufen (8 m und 20 m) bezwungen. Dahinter gelingt es nach der \u00dcberwindung mehrerer Engstellen und eines 50 m tiefen Schachtes in das ger\u00e4umige Hinterland der H\u00f6hle vorzudringen.<\/p>\n<p style=\"text-align: justify;\"><strong>1985-2000:<\/strong> Mitglieder der H\u00f6hlengruppe des \u00d6AV-Schladming begehen und erkunden mehrere Kilometer des ausgedehnten H\u00f6hlensystems. Leider bleibt die Dokumentation der gro\u00dfartigen Entdeckungen auf der Strecke. Es werden weder Pl\u00e4ne, noch Forschungsergebnisse publiziert.<\/p>\n<p style=\"text-align: justify;\"><strong>1998-2001:<\/strong> Im Rahmen eines Dissertationsprojektes wird durch Studenten der TU-Dresden eine etwa 600 m lange Theodolitvermessung mit 3D-Visualisierung vom Eingang bis zum Biwak III durchgef\u00fchrt. Ein Film \u00fcber diese Arbeiten wird gedreht und im Fernsehen ausgestrahlt. \u00dcber Gr\u00f6\u00dfe, Ausdehnung und Gepr\u00e4ge der H\u00f6hle erf\u00e4hrt man aber leider nicht viel. In der Welt der H\u00f6hlenforschung, bzw. im H\u00f6hlenkataster findet man \u00fcber diese H\u00f6hle nur wenig.<\/p>\n<p style=\"text-align: justify;\"><strong>2001:<\/strong> Mitglieder des Vereines f\u00fcr H\u00f6hlenkunde in Obersteier (VHO) beginnen mit der systematischen Vermessung und Dokumentation der bedeutenden H\u00f6hle. Es werden vom Eingang weg, alle Haupt\u2013 und Seiteng\u00e4nge erforscht und genau vermessen, sowie durch Fotos dokumentiert. Weiters werden Wasser-, Gesteins\u2013 und Sedimentproben aus der H\u00f6hle gebracht und dem Naturhistorischen Museum Wien zur Bestimmung \u00fcbergeben. Weiters werden Temperatur\u2013 und Radonmessungen durchgef\u00fchrt.<\/p>\n<p style=\"text-align: justify;\"><strong>2006<\/strong>: Durchbruch in gro\u00dfr\u00e4umiges Neuland.<\/p>\n<p><a href=\"http:\/\/www.hoehle.at\/wordpress\/wp-content\/uploads\/2013\/07\/S\u00fcdwandh\u00f6lhle_2006_2.jpg\"><img loading=\"lazy\" decoding=\"async\" class=\"aligncenter size-full wp-image-549\" src=\"http:\/\/www.hoehle.at\/wordpress\/wp-content\/uploads\/2013\/07\/S\u00fcdwandh\u00f6lhle_2006_2.jpg\" alt=\"Abschlundgang in der S\u00fcdwandh\u00f6hle\" width=\"751\" height=\"561\" srcset=\"http:\/\/www.hoehle.at\/wordpress\/wp-content\/uploads\/2013\/07\/S\u00fcdwandh\u00f6lhle_2006_2.jpg 751w, http:\/\/www.hoehle.at\/wordpress\/wp-content\/uploads\/2013\/07\/S\u00fcdwandh\u00f6lhle_2006_2-300x224.jpg 300w, http:\/\/www.hoehle.at\/wordpress\/wp-content\/uploads\/2013\/07\/S\u00fcdwandh\u00f6lhle_2006_2-401x300.jpg 401w\" sizes=\"(max-width: 751px) 100vw, 751px\" \/><\/a><\/p>\n<p><strong><br \/>\nForschungsstand (11\/2024)<br \/>\n<\/strong><br \/>\n<strong>Vermessene Gesamtl\u00e4nge:\u00a0\u00a0\u00a0\u00a0\u00a0\u00a0\u00a0\u00a0\u00a0\u00a0\u00a0\u00a0 11.602 m<\/strong><\/p>\n<p><strong>Niveaudifferenz: \u00a0 \u00a0 \u00a0 \u00a0 \u00a0 \u00a0 \u00a0 \u00a0 \u00a0 \u00a0 \u00a0 \u00a0 \u00a0 \u00a0 \u00a0 \u00a0+-509 m (+17 m, -492 m)<\/strong><\/p>\n<p><strong>Horizontalerstreckung:\u00a0\u00a0\u00a0\u00a0\u00a0\u00a0\u00a0\u00a0\u00a0\u00a0\u00a0\u00a0\u00a0\u00a0\u00a0\u00a0\u00a0\u00a0\u00a0 \u00a01.432 m<\/strong><\/p>\n<p><strong>S-N Erstreckung: \u00a0 \u00a0 \u00a0 \u00a0 \u00a0 \u00a0 \u00a0 \u00a0 \u00a0 \u00a0 \u00a0 \u00a0 \u00a0 \u00a0 \u00a0\u00a01.425 m<\/strong><\/p>\n<p><strong>W-O Erstreckung: \u00a0 \u00a0 \u00a0 \u00a0 \u00a0 \u00a0 \u00a0 \u00a0 \u00a0 \u00a0 \u00a0 \u00a0 \u00a0 \u00a0\u00a0 1.025 m<\/strong><\/p>\n<p><a href=\"http:\/\/www.hoehle.at\/wordpress\/wp-content\/uploads\/2013\/07\/SWH_Hoehlenverlauf.jpg\"><img loading=\"lazy\" decoding=\"async\" class=\"aligncenter size-full wp-image-552\" src=\"http:\/\/www.hoehle.at\/wordpress\/wp-content\/uploads\/2013\/07\/SWH_Hoehlenverlauf.jpg\" alt=\"SWH_Hoehlenverlauf\" width=\"671\" height=\"800\" srcset=\"http:\/\/www.hoehle.at\/wordpress\/wp-content\/uploads\/2013\/07\/SWH_Hoehlenverlauf.jpg 671w, http:\/\/www.hoehle.at\/wordpress\/wp-content\/uploads\/2013\/07\/SWH_Hoehlenverlauf-251x300.jpg 251w\" sizes=\"(max-width: 671px) 100vw, 671px\" \/><\/a>Aktuelle informationen \u00fcber die laufenden Forschungen findet man im <a href=\"http:\/\/www.vho-caving-news.blogspot.com\/\">Forschungsblog<\/a>.<\/p>\n<p><a href=\"http:\/\/www.hoehle.at\/wordpress\/forschung\/projekt-sub-glacies-dachstein\/\">zur\u00fcck zu Projekt Sub-Glacies<\/a><\/p>\n","protected":false},"excerpt":{"rendered":"<p>Die S\u00fcdwandh\u00f6hle liegt in der Steiermark und ist die mit Abstand bedeutendste H\u00f6hle im Bereich der S\u00fcdseite des Dachsteines. Die hinteren Teile erstrecken sich bereits unter dem Hallst\u00e4tter- bzw. Gosaugletscher in Ober\u00f6sterreich. Der bisher einzige bekannte Eingang \u00f6ffnet sich am &hellip; <a href=\"http:\/\/www.hoehle.at\/wordpress\/forschung\/projekt-sub-glacies-dachstein\/sudwandhohle-154328\/\">Weiterlesen <span class=\"meta-nav\">&rarr;<\/span><\/a><\/p>\n","protected":false},"author":2,"featured_media":0,"parent":51,"menu_order":0,"comment_status":"closed","ping_status":"closed","template":"","meta":{"footnotes":""},"_links":{"self":[{"href":"http:\/\/www.hoehle.at\/wordpress\/wp-json\/wp\/v2\/pages\/49"}],"collection":[{"href":"http:\/\/www.hoehle.at\/wordpress\/wp-json\/wp\/v2\/pages"}],"about":[{"href":"http:\/\/www.hoehle.at\/wordpress\/wp-json\/wp\/v2\/types\/page"}],"author":[{"embeddable":true,"href":"http:\/\/www.hoehle.at\/wordpress\/wp-json\/wp\/v2\/users\/2"}],"replies":[{"embeddable":true,"href":"http:\/\/www.hoehle.at\/wordpress\/wp-json\/wp\/v2\/comments?post=49"}],"version-history":[{"count":11,"href":"http:\/\/www.hoehle.at\/wordpress\/wp-json\/wp\/v2\/pages\/49\/revisions"}],"predecessor-version":[{"id":2582,"href":"http:\/\/www.hoehle.at\/wordpress\/wp-json\/wp\/v2\/pages\/49\/revisions\/2582"}],"up":[{"embeddable":true,"href":"http:\/\/www.hoehle.at\/wordpress\/wp-json\/wp\/v2\/pages\/51"}],"wp:attachment":[{"href":"http:\/\/www.hoehle.at\/wordpress\/wp-json\/wp\/v2\/media?parent=49"}],"curies":[{"name":"wp","href":"https:\/\/api.w.org\/{rel}","templated":true}]}}