{"id":51,"date":"2013-09-09T21:43:28","date_gmt":"2013-09-09T20:43:28","guid":{"rendered":"http:\/\/www.hoehle.at\/wordpress\/?page_id=51"},"modified":"2017-07-19T22:22:50","modified_gmt":"2017-07-19T21:22:50","slug":"projekt-sub-glacies-dachstein","status":"publish","type":"page","link":"http:\/\/www.hoehle.at\/wordpress\/forschung\/projekt-sub-glacies-dachstein\/","title":{"rendered":"Projekt Sub Glacies (Dachstein)"},"content":{"rendered":"<p><a href=\"http:\/\/www.hoehle.at\/wordpress\/wp-content\/uploads\/2013\/09\/Sub.jpg\"><img loading=\"lazy\" decoding=\"async\" class=\"aligncenter size-full wp-image-426\" src=\"http:\/\/www.hoehle.at\/wordpress\/wp-content\/uploads\/2013\/09\/Sub.jpg\" alt=\"Sub\" width=\"800\" height=\"178\" srcset=\"http:\/\/www.hoehle.at\/wordpress\/wp-content\/uploads\/2013\/09\/Sub.jpg 800w, http:\/\/www.hoehle.at\/wordpress\/wp-content\/uploads\/2013\/09\/Sub-300x66.jpg 300w, http:\/\/www.hoehle.at\/wordpress\/wp-content\/uploads\/2013\/09\/Sub-500x111.jpg 500w\" sizes=\"(max-width: 800px) 100vw, 800px\" \/><\/a><\/p>\n<p style=\"text-align: justify;\">Seit 2008 werden regelm\u00e4\u00dfig Forschungen im oberen Bereich der 800 m hohen Dachstein S\u00fcdwand und des Hallst\u00e4tter Gletschers durchgef\u00fchrt. Bereits 4 einw\u00f6chige Forscherlager wurden abgehalten. Dabei ist es gelungen 15 H\u00f6hlen in Seeh\u00f6hen zwischen 2.441 und 2.751 zu entdecken und zu erforschen. Insgesamt konnten bisher rund 6 km an neuen H\u00f6hleng\u00e4ngen dokumentiert werden.<br \/>\nDie meisten der H\u00f6hlen liegen in den Wandbereichen des Dachsteins und sind nur durch ausgesetzte Abseil- oder Kletteraktionen erreichbar.<br \/>\nDer auf einer Seeh\u00f6he von 2.751 m gelegene Eiskristall-Canyon (1543\/213) ist mit einer vermessenen Gesamtl\u00e4nge von 609 m die h\u00f6chstgelegenste Gro\u00dfh\u00f6hle \u00d6sterreichs.<br \/>\nBedeutendstes Objekt ist der Voodoo-Canyon (1543\/225 a-c). Die H\u00f6hle besitzt ausgedehnte Horizontalpassagen auf einer Seeh\u00f6he von etwa 2.600 m und konnte auf eine L\u00e4nge von bisher 4.354 m vermessen werden. Die Niveaudifferenz liegt momentan bei +- 723 m.<\/p>\n<p><a href=\"http:\/\/www.hoehle.at\/wordpress\/wp-content\/uploads\/2013\/07\/P8182966.jpg\"><img loading=\"lazy\" decoding=\"async\" class=\"aligncenter size-full wp-image-557\" src=\"http:\/\/www.hoehle.at\/wordpress\/wp-content\/uploads\/2013\/07\/P8182966.jpg\" alt=\"OLYMPUS DIGITAL CAMERA\" width=\"800\" height=\"600\" srcset=\"http:\/\/www.hoehle.at\/wordpress\/wp-content\/uploads\/2013\/07\/P8182966.jpg 800w, http:\/\/www.hoehle.at\/wordpress\/wp-content\/uploads\/2013\/07\/P8182966-300x225.jpg 300w, http:\/\/www.hoehle.at\/wordpress\/wp-content\/uploads\/2013\/07\/P8182966-400x300.jpg 400w\" sizes=\"(max-width: 800px) 100vw, 800px\" \/><\/a><\/p>\n<p><a href=\"http:\/\/www.hoehle.at\/wordpress\/forschung\/projekt-sub-glacies-dachstein\/sudwandhohle-154328\/\"><strong>S\u00fcdwandh\u00f6hle<\/strong><\/a><\/p>\n<p><a href=\"http:\/\/www.hoehle.at\/wordpress\/forschung\/projekt-sub-glacies-dachstein\/voodoo-canyon-1543225-a-c\/\"><strong>Voodoo-Canyon<\/strong><\/a><\/p>\n<p>Aktuelle Informationen \u00fcber die laufenden Forschungen findet man im <a href=\"http:\/\/www.vho-caving-news.blogspot.com\/\">Forschungsblog<\/a>.<\/p>\n","protected":false},"excerpt":{"rendered":"<p>Seit 2008 werden regelm\u00e4\u00dfig Forschungen im oberen Bereich der 800 m hohen Dachstein S\u00fcdwand und des Hallst\u00e4tter Gletschers durchgef\u00fchrt. Bereits 4 einw\u00f6chige Forscherlager wurden abgehalten. Dabei ist es gelungen 15 H\u00f6hlen in Seeh\u00f6hen zwischen 2.441 und 2.751 zu entdecken und &hellip; <a href=\"http:\/\/www.hoehle.at\/wordpress\/forschung\/projekt-sub-glacies-dachstein\/\">Weiterlesen <span class=\"meta-nav\">&rarr;<\/span><\/a><\/p>\n","protected":false},"author":2,"featured_media":0,"parent":32,"menu_order":0,"comment_status":"closed","ping_status":"closed","template":"","meta":{"footnotes":""},"_links":{"self":[{"href":"http:\/\/www.hoehle.at\/wordpress\/wp-json\/wp\/v2\/pages\/51"}],"collection":[{"href":"http:\/\/www.hoehle.at\/wordpress\/wp-json\/wp\/v2\/pages"}],"about":[{"href":"http:\/\/www.hoehle.at\/wordpress\/wp-json\/wp\/v2\/types\/page"}],"author":[{"embeddable":true,"href":"http:\/\/www.hoehle.at\/wordpress\/wp-json\/wp\/v2\/users\/2"}],"replies":[{"embeddable":true,"href":"http:\/\/www.hoehle.at\/wordpress\/wp-json\/wp\/v2\/comments?post=51"}],"version-history":[{"count":11,"href":"http:\/\/www.hoehle.at\/wordpress\/wp-json\/wp\/v2\/pages\/51\/revisions"}],"predecessor-version":[{"id":1344,"href":"http:\/\/www.hoehle.at\/wordpress\/wp-json\/wp\/v2\/pages\/51\/revisions\/1344"}],"up":[{"embeddable":true,"href":"http:\/\/www.hoehle.at\/wordpress\/wp-json\/wp\/v2\/pages\/32"}],"wp:attachment":[{"href":"http:\/\/www.hoehle.at\/wordpress\/wp-json\/wp\/v2\/media?parent=51"}],"curies":[{"name":"wp","href":"https:\/\/api.w.org\/{rel}","templated":true}]}}