{"id":510,"date":"2013-09-27T17:48:21","date_gmt":"2013-09-27T16:48:21","guid":{"rendered":"http:\/\/www.hoehle.at\/wordpress\/?page_id=510"},"modified":"2025-10-19T09:52:34","modified_gmt":"2025-10-19T08:52:34","slug":"planker-mira","status":"publish","type":"page","link":"http:\/\/www.hoehle.at\/wordpress\/forschung\/planker-mira\/","title":{"rendered":"Projekt Plankermira"},"content":{"rendered":"<p><a href=\"http:\/\/www.hoehle.at\/wordpress\/wp-content\/uploads\/2013\/09\/RS_K_5P9200.jpg\"><img loading=\"lazy\" decoding=\"async\" class=\"aligncenter size-full wp-image-538\" src=\"http:\/\/www.hoehle.at\/wordpress\/wp-content\/uploads\/2013\/09\/RS_K_5P9200.jpg\" alt=\"RS_K_5P9200\" width=\"1000\" height=\"662\" srcset=\"http:\/\/www.hoehle.at\/wordpress\/wp-content\/uploads\/2013\/09\/RS_K_5P9200.jpg 1000w, http:\/\/www.hoehle.at\/wordpress\/wp-content\/uploads\/2013\/09\/RS_K_5P9200-300x198.jpg 300w, http:\/\/www.hoehle.at\/wordpress\/wp-content\/uploads\/2013\/09\/RS_K_5P9200-453x300.jpg 453w\" sizes=\"(max-width: 1000px) 100vw, 1000px\" \/><\/a><\/p>\n<p style=\"text-align: justify;\">Das Forschungsgebiet befindet sich im Gemeindegebiet von Tauplitz, n\u00f6rdlich der \u00d6dernalm und liegt auf \u00fcber 2000 m Seeh\u00f6he. Der Zustieg erfolgt \u00fcber mehr als 800 H\u00f6henmeter gro\u00dfteils weglos und nimmt etwa drei Stunden in Anspruch. Als St\u00fctzpunkt f\u00fcr die Forschungen dient die Schutzh\u00f6hle am Hochwei\u00df (1625\/74).<\/p>\n<p style=\"text-align: justify;\">Zuletzt waren in den 1970er und 1980er Jahren H\u00f6hlenforscher aus Bad Mitterndorf (VHO, damals Sektion Ausseerland d. LV f. HK Stmk.) und aus Frankreich (G.S.D., G.S.C., S.A.C.) in diesem stark verkarsteten Gebiet t\u00e4tig. Rund 60 H\u00f6hlen und Sch\u00e4chte wurden aufgenommen, teilweise erforscht und vermessen. Es blieben jedoch zahlreiche H\u00f6hlen und H\u00f6hlenfortsetzungen unbearbeitet, wodurch hier noch immer ein enormes Forschungspotenzial besteht.<\/p>\n<p style=\"text-align: justify;\">Im August 2013 wurden mit dem Forscherlager <a href=\"http:\/\/vho-caving-news.blogspot.co.at\/2013\/09\/sehr-erfolgreiche-vho-forscherwoche-im.html\" target=\"_blank\" rel=\"noopener\">&#8222;Plankermira-2013&#8220;<\/a> die Forschungen wieder aufgenommen.<\/p>\n<p style=\"text-align: justify;\">In den Jahren <a href=\"http:\/\/vho-caving-news.blogspot.co.at\/2014\/08\/erneut-vho-forscherwoche-im-bereich-der.html\" target=\"_blank\" rel=\"noopener\">2014<\/a>, <a href=\"http:\/\/vho-caving-news.blogspot.com\/2015\/10\/3-forscherlager-im-bereich-der.html\" target=\"_blank\" rel=\"noopener\">2015<\/a>,<a href=\"http:\/\/vho-caving-news.blogspot.com\/2016\/08\/forscherlager-plankermira-iv-im-august.html\" target=\"_blank\" rel=\"noopener\"> 2016<\/a>, <a href=\"http:\/\/vho-caving-news.blogspot.com\/2018\/02\/bereits-5-forscherlager-im-bereich-der.html\" target=\"_blank\" rel=\"noopener\">2017<\/a>, 2018,\u00a0<a href=\"http:\/\/vho-caving-news.blogspot.com\/2019\/08\/bereits-siebentes-forscherlager-im.html\" target=\"_blank\" rel=\"noopener\">2019<\/a>,\u00a0<a href=\"http:\/\/vho-caving-news.blogspot.com\/2020\/08\/forscherwoche-plankermira-2020.html\" target=\"_blank\" rel=\"noopener\">2020<\/a>,\u00a0<a href=\"http:\/\/vho-caving-news.blogspot.com\/2022\/08\/forscherlager-2021-im-bereich-hochwei.html\" target=\"_blank\" rel=\"noopener\">2021, <\/a>2022, 2023, 2024 und 2025 konnten weitere 12 Forscherlager in diesem Gebiet abgehalten werden.<\/p>\n<p><strong><a href=\"http:\/\/www.hoehle.at\/wordpress\/forschung\/planker-mira\/wildbaderhohle\/\">Wildbaderh\u00f6hle<\/a><\/strong><\/p>\n<p><a href=\"http:\/\/www.hoehle.at\/wordpress\/forschung\/planker-mira\/schlazfresser-schacht\/\"><strong>Schlazfresser-Schacht<\/strong><\/a><\/p>\n<p><strong><a href=\"http:\/\/www.hoehle.at\/wordpress\/forschung\/planker-mira\/nordwandschacht\/\">Nordwandschacht<\/a><\/strong><\/p>\n<p>Aktuelle Informationen \u00fcber die laufenden Forschungen findet man im <a href=\"http:\/\/vho-caving-news.blogspot.co.at\/\" target=\"_blank\" rel=\"noopener\">Forschungsblog.<\/a><\/p>\n","protected":false},"excerpt":{"rendered":"<p>Das Forschungsgebiet befindet sich im Gemeindegebiet von Tauplitz, n\u00f6rdlich der \u00d6dernalm und liegt auf \u00fcber 2000 m Seeh\u00f6he. Der Zustieg erfolgt \u00fcber mehr als 800 H\u00f6henmeter gro\u00dfteils weglos und nimmt etwa drei Stunden in Anspruch. Als St\u00fctzpunkt f\u00fcr die Forschungen &hellip; <a href=\"http:\/\/www.hoehle.at\/wordpress\/forschung\/planker-mira\/\">Weiterlesen <span class=\"meta-nav\">&rarr;<\/span><\/a><\/p>\n","protected":false},"author":2,"featured_media":0,"parent":32,"menu_order":1,"comment_status":"closed","ping_status":"closed","template":"","meta":{"footnotes":""},"_links":{"self":[{"href":"http:\/\/www.hoehle.at\/wordpress\/wp-json\/wp\/v2\/pages\/510"}],"collection":[{"href":"http:\/\/www.hoehle.at\/wordpress\/wp-json\/wp\/v2\/pages"}],"about":[{"href":"http:\/\/www.hoehle.at\/wordpress\/wp-json\/wp\/v2\/types\/page"}],"author":[{"embeddable":true,"href":"http:\/\/www.hoehle.at\/wordpress\/wp-json\/wp\/v2\/users\/2"}],"replies":[{"embeddable":true,"href":"http:\/\/www.hoehle.at\/wordpress\/wp-json\/wp\/v2\/comments?post=510"}],"version-history":[{"count":25,"href":"http:\/\/www.hoehle.at\/wordpress\/wp-json\/wp\/v2\/pages\/510\/revisions"}],"predecessor-version":[{"id":2757,"href":"http:\/\/www.hoehle.at\/wordpress\/wp-json\/wp\/v2\/pages\/510\/revisions\/2757"}],"up":[{"embeddable":true,"href":"http:\/\/www.hoehle.at\/wordpress\/wp-json\/wp\/v2\/pages\/32"}],"wp:attachment":[{"href":"http:\/\/www.hoehle.at\/wordpress\/wp-json\/wp\/v2\/media?parent=510"}],"curies":[{"name":"wp","href":"https:\/\/api.w.org\/{rel}","templated":true}]}}