{"id":569,"date":"2013-10-13T11:23:14","date_gmt":"2013-10-13T10:23:14","guid":{"rendered":"http:\/\/www.hoehle.at\/wordpress\/?page_id=569"},"modified":"2013-10-13T11:38:38","modified_gmt":"2013-10-13T10:38:38","slug":"forschungen-im-iran","status":"publish","type":"page","link":"http:\/\/www.hoehle.at\/wordpress\/forschung\/auslandsforschung-expeditionen\/forschungen-im-iran\/","title":{"rendered":"Forschungen im Iran"},"content":{"rendered":"<p><a href=\"http:\/\/www.hoehle.at\/wordpress\/wp-content\/uploads\/2013\/10\/IR_Zard1.jpg\"><img loading=\"lazy\" decoding=\"async\" class=\"aligncenter size-full wp-image-579\" alt=\"IR_Zard\" src=\"http:\/\/www.hoehle.at\/wordpress\/wp-content\/uploads\/2013\/10\/IR_Zard1.jpg\" width=\"2587\" height=\"696\" srcset=\"http:\/\/www.hoehle.at\/wordpress\/wp-content\/uploads\/2013\/10\/IR_Zard1.jpg 2587w, http:\/\/www.hoehle.at\/wordpress\/wp-content\/uploads\/2013\/10\/IR_Zard1-300x80.jpg 300w, http:\/\/www.hoehle.at\/wordpress\/wp-content\/uploads\/2013\/10\/IR_Zard1-1024x275.jpg 1024w, http:\/\/www.hoehle.at\/wordpress\/wp-content\/uploads\/2013\/10\/IR_Zard1-500x134.jpg 500w\" sizes=\"(max-width: 2587px) 100vw, 2587px\" \/><\/a><\/p>\n<p>Seit 2003 finden fast j\u00e4hrlich Forschungsreisen in den Iran statt\u00a0&#8211; erste Kontakte mit den lokalen H\u00f6hlenforschern wurden von Ernest Geyer gekn\u00fcpft.<\/p>\n<p>In Zusammenarbeit mit dem iranischen Verein Espilat wurden bis heute mehrere h\u00f6hlenkundliche Projekte durchgef\u00fchrt und umgesetzt.<\/p>\n<ul>\n<li>Erforschung und Dokumentation der H\u00f6hle &#8222;Ghar-e-Roodafshan&#8220;.<\/li>\n<\/ul>\n<p>Dokumentation des aktuell zweitgr\u00f6\u00dften H\u00f6hlenraums\u00a0des Iran<\/p>\n<ul>\n<li>Spel\u00e4ologische Hochgebirgsexpeditionen Zard Kooh 2006 und 2007.<\/li>\n<\/ul>\n<p>H\u00f6hlenforschung bis\u00a0auf 4221 m Seeh\u00f6he.<\/p>\n<ul>\n<li>\u00a0Transdisziplin\u00e4res Forschungsprojekt \u201eDie Bergwelt des Iran\u201c 2009. Es wurden Feldstudien in den Gebirgen \u2013 Oshtoran Kuh, Zard Kuh, Kuh-e Dina, Kuh-e Hezar, Kuh-e Lalezahr und Shir Kuh durchgef\u00fchrt \u2013 alles Berge \u00fcber 4000 m Seeh\u00f6he.<\/li>\n<\/ul>\n<p>Die dabei entstandene Publikation wurde mit dem Weltbuchpreis des Iran ausgezeichnet.<\/p>\n<ul>\n<li>Erforschung und Dokumentation der Ghar-e-Borunic.<\/li>\n<\/ul>\n<p>Aktuelles Forschungsprojekt &#8211; viertl\u00e4ngste H\u00f6hle des Iran.<\/p>\n<p><a href=\"http:\/\/www.hoehle.at\/wordpress\/wp-content\/uploads\/2013\/10\/RS_Stalagmitenzaun-Foto-Ernest-Geyer.jpg\"><img loading=\"lazy\" decoding=\"async\" class=\"aligncenter size-full wp-image-576\" alt=\"RS_Stalagmitenzaun Foto Ernest Geyer\" src=\"http:\/\/www.hoehle.at\/wordpress\/wp-content\/uploads\/2013\/10\/RS_Stalagmitenzaun-Foto-Ernest-Geyer.jpg\" width=\"1000\" height=\"671\" srcset=\"http:\/\/www.hoehle.at\/wordpress\/wp-content\/uploads\/2013\/10\/RS_Stalagmitenzaun-Foto-Ernest-Geyer.jpg 1000w, http:\/\/www.hoehle.at\/wordpress\/wp-content\/uploads\/2013\/10\/RS_Stalagmitenzaun-Foto-Ernest-Geyer-300x201.jpg 300w, http:\/\/www.hoehle.at\/wordpress\/wp-content\/uploads\/2013\/10\/RS_Stalagmitenzaun-Foto-Ernest-Geyer-447x300.jpg 447w\" sizes=\"(max-width: 1000px) 100vw, 1000px\" \/><\/a><\/p>\n<p>Weiterf\u00fchrende Informationen zu den Projekten und \u00fcber die laufenden Forschungen im Iran findet man im <a href=\"http:\/\/vho-caving-news.blogspot.co.at\/\">Forschungsblog<\/a> bzw. in den <a href=\"http:\/\/www.hoehle.at\/wordpress\/publikationen\/\">VHO-Publikationen<\/a>.<\/p>\n","protected":false},"excerpt":{"rendered":"<p>Seit 2003 finden fast j\u00e4hrlich Forschungsreisen in den Iran statt\u00a0&#8211; erste Kontakte mit den lokalen H\u00f6hlenforschern wurden von Ernest Geyer gekn\u00fcpft. In Zusammenarbeit mit dem iranischen Verein Espilat wurden bis heute mehrere h\u00f6hlenkundliche Projekte durchgef\u00fchrt und umgesetzt. Erforschung und Dokumentation &hellip; <a href=\"http:\/\/www.hoehle.at\/wordpress\/forschung\/auslandsforschung-expeditionen\/forschungen-im-iran\/\">Weiterlesen <span class=\"meta-nav\">&rarr;<\/span><\/a><\/p>\n","protected":false},"author":2,"featured_media":0,"parent":70,"menu_order":0,"comment_status":"closed","ping_status":"closed","template":"","meta":{"footnotes":""},"_links":{"self":[{"href":"http:\/\/www.hoehle.at\/wordpress\/wp-json\/wp\/v2\/pages\/569"}],"collection":[{"href":"http:\/\/www.hoehle.at\/wordpress\/wp-json\/wp\/v2\/pages"}],"about":[{"href":"http:\/\/www.hoehle.at\/wordpress\/wp-json\/wp\/v2\/types\/page"}],"author":[{"embeddable":true,"href":"http:\/\/www.hoehle.at\/wordpress\/wp-json\/wp\/v2\/users\/2"}],"replies":[{"embeddable":true,"href":"http:\/\/www.hoehle.at\/wordpress\/wp-json\/wp\/v2\/comments?post=569"}],"version-history":[{"count":5,"href":"http:\/\/www.hoehle.at\/wordpress\/wp-json\/wp\/v2\/pages\/569\/revisions"}],"predecessor-version":[{"id":571,"href":"http:\/\/www.hoehle.at\/wordpress\/wp-json\/wp\/v2\/pages\/569\/revisions\/571"}],"up":[{"embeddable":true,"href":"http:\/\/www.hoehle.at\/wordpress\/wp-json\/wp\/v2\/pages\/70"}],"wp:attachment":[{"href":"http:\/\/www.hoehle.at\/wordpress\/wp-json\/wp\/v2\/media?parent=569"}],"curies":[{"name":"wp","href":"https:\/\/api.w.org\/{rel}","templated":true}]}}