{"id":61,"date":"2013-09-09T21:48:14","date_gmt":"2013-09-09T20:48:14","guid":{"rendered":"http:\/\/www.hoehle.at\/wordpress\/?page_id=61"},"modified":"2016-03-31T19:51:48","modified_gmt":"2016-03-31T18:51:48","slug":"weisenbach-hohlenprojekt","status":"publish","type":"page","link":"http:\/\/www.hoehle.at\/wordpress\/forschung\/weisenbach-hohlenprojekt\/","title":{"rendered":"Wei\u00dfenbach H\u00f6hlenprojekt"},"content":{"rendered":"<div id=\"header\" style=\"text-align: justify;\"><a href=\"http:\/\/www.hoehle.at\/wordpress\/wp-content\/uploads\/2013\/09\/WCP.jpg\"><img loading=\"lazy\" decoding=\"async\" class=\"aligncenter size-full wp-image-475\" src=\"http:\/\/www.hoehle.at\/wordpress\/wp-content\/uploads\/2013\/09\/WCP.jpg\" alt=\"WCP\" width=\"800\" height=\"179\" srcset=\"http:\/\/www.hoehle.at\/wordpress\/wp-content\/uploads\/2013\/09\/WCP.jpg 800w, http:\/\/www.hoehle.at\/wordpress\/wp-content\/uploads\/2013\/09\/WCP-300x67.jpg 300w, http:\/\/www.hoehle.at\/wordpress\/wp-content\/uploads\/2013\/09\/WCP-500x111.jpg 500w\" sizes=\"(max-width: 800px) 100vw, 800px\" \/><\/a>Das Arbeitsgebiet des WCP liegt im s\u00fcd\u00f6stlichen Teil des Toten Gebirges und umfast die Katastergruppen 1634, 1635 und 1636. Im Jahre 1996 wurde das Wei\u00dfenbach H\u00f6hlenprojekt von Ernest Geyer und Franz Schmidt ins Leben gerufen. Am Beginn vom WCP lag der Schwerpunkt in der Erforschung der H\u00f6hlen im Gemeindegebiet von Wei\u00dfenbach. Im Laufe der Jahre wurde das Forschungsgebiet auf das Einzugsgebiet des Wei\u00dfenbachs erweitert und umfasst nun auch das Gebiet der angrenzenden Gemeinden Liezen und W\u00f6rschach.<\/div>\n<p style=\"text-align: justify;\">Begrenzt wird dieses Gebiet im Norden von der Hochm\u00f6lbingkette (2336 m) im Osten vom Torstein (2236) und Rabensteinkogel (1478m) und im Westen vom Raidling (1909m). Die s\u00fcdliche Grenze bildet der Ennsflu\u00df.<\/p>\n<p style=\"text-align: justify;\">Das Projektziel ist die Erforschung der bekannten und neuentdeckten H\u00f6hlen in diesem Gebiet, sowie die Ermittlung der Eingangskoordinaten mittels Au\u00dfenvermessungen oder GPS. Es sollen s\u00e4mtliche H\u00f6hlen im WCP-Gebiet zu einem H\u00f6hlenpark zusammengeschlossen werden.<\/p>\n<p>Aktuelle informationen \u00fcber die laufenden Forschungen findet man im <a href=\"http:\/\/www.vho-caving-news.blogspot.com\/\">Forschungsblog<\/a>.<\/p>\n","protected":false},"excerpt":{"rendered":"<p>Das Arbeitsgebiet des WCP liegt im s\u00fcd\u00f6stlichen Teil des Toten Gebirges und umfast die Katastergruppen 1634, 1635 und 1636. Im Jahre 1996 wurde das Wei\u00dfenbach H\u00f6hlenprojekt von Ernest Geyer und Franz Schmidt ins Leben gerufen. Am Beginn vom WCP lag &hellip; <a href=\"http:\/\/www.hoehle.at\/wordpress\/forschung\/weisenbach-hohlenprojekt\/\">Weiterlesen <span class=\"meta-nav\">&rarr;<\/span><\/a><\/p>\n","protected":false},"author":2,"featured_media":0,"parent":32,"menu_order":0,"comment_status":"closed","ping_status":"closed","template":"","meta":{"footnotes":""},"_links":{"self":[{"href":"http:\/\/www.hoehle.at\/wordpress\/wp-json\/wp\/v2\/pages\/61"}],"collection":[{"href":"http:\/\/www.hoehle.at\/wordpress\/wp-json\/wp\/v2\/pages"}],"about":[{"href":"http:\/\/www.hoehle.at\/wordpress\/wp-json\/wp\/v2\/types\/page"}],"author":[{"embeddable":true,"href":"http:\/\/www.hoehle.at\/wordpress\/wp-json\/wp\/v2\/users\/2"}],"replies":[{"embeddable":true,"href":"http:\/\/www.hoehle.at\/wordpress\/wp-json\/wp\/v2\/comments?post=61"}],"version-history":[{"count":4,"href":"http:\/\/www.hoehle.at\/wordpress\/wp-json\/wp\/v2\/pages\/61\/revisions"}],"predecessor-version":[{"id":1230,"href":"http:\/\/www.hoehle.at\/wordpress\/wp-json\/wp\/v2\/pages\/61\/revisions\/1230"}],"up":[{"embeddable":true,"href":"http:\/\/www.hoehle.at\/wordpress\/wp-json\/wp\/v2\/pages\/32"}],"wp:attachment":[{"href":"http:\/\/www.hoehle.at\/wordpress\/wp-json\/wp\/v2\/media?parent=61"}],"curies":[{"name":"wp","href":"https:\/\/api.w.org\/{rel}","templated":true}]}}