{"id":617,"date":"2014-01-14T19:49:47","date_gmt":"2014-01-14T18:49:47","guid":{"rendered":"http:\/\/www.hoehle.at\/wordpress\/?page_id=617"},"modified":"2014-01-14T20:04:20","modified_gmt":"2014-01-14T19:04:20","slug":"hohlentauchprojekt-brulloch","status":"publish","type":"page","link":"http:\/\/www.hoehle.at\/wordpress\/hohlentauchen\/hohlentauchprojekt-brulloch\/","title":{"rendered":"H\u00f6hlentauchprojekt Br\u00fclloch"},"content":{"rendered":"<p>Die aktive Waserh\u00f6hle &#8222;Br\u00fclloch&#8220; ist altbekannt und befindet sich am Fu\u00dfe der Wei\u00dfenbacher-Mauern in der N\u00e4he von Liezen.<\/p>\n<p><a href=\"http:\/\/www.hoehle.at\/wordpress\/wp-content\/uploads\/2014\/01\/VHO_P1060754.jpg\"><img loading=\"lazy\" decoding=\"async\" class=\"aligncenter size-full wp-image-621\" alt=\"VHO_P1060754\" src=\"http:\/\/www.hoehle.at\/wordpress\/wp-content\/uploads\/2014\/01\/VHO_P1060754.jpg\" width=\"1000\" height=\"667\" srcset=\"http:\/\/www.hoehle.at\/wordpress\/wp-content\/uploads\/2014\/01\/VHO_P1060754.jpg 1000w, http:\/\/www.hoehle.at\/wordpress\/wp-content\/uploads\/2014\/01\/VHO_P1060754-300x200.jpg 300w, http:\/\/www.hoehle.at\/wordpress\/wp-content\/uploads\/2014\/01\/VHO_P1060754-449x300.jpg 449w\" sizes=\"(max-width: 1000px) 100vw, 1000px\" \/><\/a><\/p>\n<p>Die geradlinig in den Berg f\u00fchrende H\u00f6hle weist momentan eine vermessene Gesamtl\u00e4nge von 1.063 m bei einer Niveudifferenz von 197 m auf.<\/p>\n<p><a href=\"http:\/\/www.hoehle.at\/wordpress\/wp-content\/uploads\/2014\/01\/VHO_P1060788.jpg\"><img loading=\"lazy\" decoding=\"async\" class=\"aligncenter size-full wp-image-624\" alt=\"VHO_P1060788\" src=\"http:\/\/www.hoehle.at\/wordpress\/wp-content\/uploads\/2014\/01\/VHO_P1060788.jpg\" width=\"667\" height=\"1000\" srcset=\"http:\/\/www.hoehle.at\/wordpress\/wp-content\/uploads\/2014\/01\/VHO_P1060788.jpg 667w, http:\/\/www.hoehle.at\/wordpress\/wp-content\/uploads\/2014\/01\/VHO_P1060788-200x300.jpg 200w\" sizes=\"(max-width: 667px) 100vw, 667px\" \/><\/a><\/p>\n<p>Etwa 500 m hinter dem Eingang taucht die H\u00f6hle in eine bisher noch unerforschte Siphonzone ein. Die Sch\u00fcttung schwankt zwischen wenigen Litern\/Sekunde und mehreren m\u00b3\/s.<\/p>\n","protected":false},"excerpt":{"rendered":"<p>Die aktive Waserh\u00f6hle &#8222;Br\u00fclloch&#8220; ist altbekannt und befindet sich am Fu\u00dfe der Wei\u00dfenbacher-Mauern in der N\u00e4he von Liezen. Die geradlinig in den Berg f\u00fchrende H\u00f6hle weist momentan eine vermessene Gesamtl\u00e4nge von 1.063 m bei einer Niveudifferenz von 197 m auf. &hellip; <a href=\"http:\/\/www.hoehle.at\/wordpress\/hohlentauchen\/hohlentauchprojekt-brulloch\/\">Weiterlesen <span class=\"meta-nav\">&rarr;<\/span><\/a><\/p>\n","protected":false},"author":2,"featured_media":0,"parent":72,"menu_order":0,"comment_status":"closed","ping_status":"closed","template":"","meta":{"footnotes":""},"_links":{"self":[{"href":"http:\/\/www.hoehle.at\/wordpress\/wp-json\/wp\/v2\/pages\/617"}],"collection":[{"href":"http:\/\/www.hoehle.at\/wordpress\/wp-json\/wp\/v2\/pages"}],"about":[{"href":"http:\/\/www.hoehle.at\/wordpress\/wp-json\/wp\/v2\/types\/page"}],"author":[{"embeddable":true,"href":"http:\/\/www.hoehle.at\/wordpress\/wp-json\/wp\/v2\/users\/2"}],"replies":[{"embeddable":true,"href":"http:\/\/www.hoehle.at\/wordpress\/wp-json\/wp\/v2\/comments?post=617"}],"version-history":[{"count":6,"href":"http:\/\/www.hoehle.at\/wordpress\/wp-json\/wp\/v2\/pages\/617\/revisions"}],"predecessor-version":[{"id":619,"href":"http:\/\/www.hoehle.at\/wordpress\/wp-json\/wp\/v2\/pages\/617\/revisions\/619"}],"up":[{"embeddable":true,"href":"http:\/\/www.hoehle.at\/wordpress\/wp-json\/wp\/v2\/pages\/72"}],"wp:attachment":[{"href":"http:\/\/www.hoehle.at\/wordpress\/wp-json\/wp\/v2\/media?parent=617"}],"curies":[{"name":"wp","href":"https:\/\/api.w.org\/{rel}","templated":true}]}}