{"id":63,"date":"2013-09-09T21:51:52","date_gmt":"2013-09-09T20:51:52","guid":{"rendered":"http:\/\/www.hoehle.at\/wordpress\/?page_id=63"},"modified":"2025-10-19T09:10:52","modified_gmt":"2025-10-19T08:10:52","slug":"projekt-tauplitzalm-tiefenbach","status":"publish","type":"page","link":"http:\/\/www.hoehle.at\/wordpress\/forschung\/projekt-tauplitzalm-tiefenbach\/","title":{"rendered":"Projekt Tauplitzalm (Tiefenbach)"},"content":{"rendered":"<p style=\"text-align: left;\"><a href=\"http:\/\/www.hoehle.at\/wordpress\/wp-content\/uploads\/2013\/09\/RS_K_5P1846.jpg\"><img loading=\"lazy\" decoding=\"async\" class=\"aligncenter size-full wp-image-815\" src=\"http:\/\/www.hoehle.at\/wordpress\/wp-content\/uploads\/2013\/09\/RS_K_5P1846.jpg\" alt=\"RS_K_5P1846\" width=\"1000\" height=\"662\" srcset=\"http:\/\/www.hoehle.at\/wordpress\/wp-content\/uploads\/2013\/09\/RS_K_5P1846.jpg 1000w, http:\/\/www.hoehle.at\/wordpress\/wp-content\/uploads\/2013\/09\/RS_K_5P1846-300x198.jpg 300w, http:\/\/www.hoehle.at\/wordpress\/wp-content\/uploads\/2013\/09\/RS_K_5P1846-453x300.jpg 453w\" sizes=\"(max-width: 1000px) 100vw, 1000px\" \/><\/a><\/p>\n<p style=\"text-align: justify;\">Unweit der kleinen Ortschaft Tauplitz liegt die gro\u00dfe Karstquelle Sagt\u00fcmpel, welche Sch\u00fcttungsspitzen von bis zu 10 m\u00b3\/s aufweist. Etwa 200 m westlich entspringt bei starkem Hochwasser der Tiefenbach, der dann zus\u00e4tzlich ann\u00e4hernd die selbe Wassermenge liefern kann. Beide Quellen bilden eine hydrologische Einheit und repr\u00e4sentieren die Entw\u00e4sserung des Plateaus der Tauplitzalm.<\/p>\n<div id=\"attachment_712\" style=\"width: 1210px\" class=\"wp-caption aligncenter\"><a href=\"http:\/\/www.hoehle.at\/wordpress\/wp-content\/uploads\/2013\/09\/VHO_P1050611.jpg\"><img loading=\"lazy\" decoding=\"async\" aria-describedby=\"caption-attachment-712\" class=\"size-full wp-image-712\" src=\"http:\/\/www.hoehle.at\/wordpress\/wp-content\/uploads\/2013\/09\/VHO_P1050611.jpg\" alt=\"Der meist trockene Tiefenbach beim Hochwasser im Juni 2013.\" width=\"1200\" height=\"801\" srcset=\"http:\/\/www.hoehle.at\/wordpress\/wp-content\/uploads\/2013\/09\/VHO_P1050611.jpg 1200w, http:\/\/www.hoehle.at\/wordpress\/wp-content\/uploads\/2013\/09\/VHO_P1050611-300x200.jpg 300w, http:\/\/www.hoehle.at\/wordpress\/wp-content\/uploads\/2013\/09\/VHO_P1050611-1024x683.jpg 1024w, http:\/\/www.hoehle.at\/wordpress\/wp-content\/uploads\/2013\/09\/VHO_P1050611-449x300.jpg 449w\" sizes=\"(max-width: 1200px) 100vw, 1200px\" \/><\/a><p id=\"caption-attachment-712\" class=\"wp-caption-text\">Der meist trockene Tiefenbach beim Hochwasser im Juni 2013.<\/p><\/div>\n<p style=\"text-align: justify;\">Diese Quellen sind die Resurgenz eines bisher unbekannten H\u00f6hlensystems, welches unterhalb des Tauplitzalm-Plateaus liegen muss.<br \/>\nWeitere Indizien f\u00fcr das Vorhandensein einer gro\u00dfen H\u00f6hle sind zahlreiche schneefreie Stellen und &#8222;Blasl\u00f6cher&#8220; am gesamten Plateau. Tracerversuche ergaben Durchgangszeiten von einer rund 3,6 km entfernten Schwinde zum Sagt\u00fcmpel in nur wenigen Stunden. Auch dies deutet auf gro\u00dflumige vadose Wasserwege hin.<\/p>\n<p style=\"text-align: justify;\">Ziel des Projektes ist es, einen Zugang zum Sammler (Kollekor) des Tauplitz-Tiefenbach-Systems zu finden.<\/p>\n<p><a href=\"http:\/\/www.hoehle.at\/wordpress\/wp-content\/uploads\/2013\/09\/Dalmatiner.jpg\"><img loading=\"lazy\" decoding=\"async\" class=\"aligncenter size-full wp-image-470\" src=\"http:\/\/www.hoehle.at\/wordpress\/wp-content\/uploads\/2013\/09\/Dalmatiner.jpg\" alt=\"OLYMPUS DIGITAL CAMERA\" width=\"800\" height=\"600\" srcset=\"http:\/\/www.hoehle.at\/wordpress\/wp-content\/uploads\/2013\/09\/Dalmatiner.jpg 800w, http:\/\/www.hoehle.at\/wordpress\/wp-content\/uploads\/2013\/09\/Dalmatiner-300x225.jpg 300w, http:\/\/www.hoehle.at\/wordpress\/wp-content\/uploads\/2013\/09\/Dalmatiner-400x300.jpg 400w\" sizes=\"(max-width: 800px) 100vw, 800px\" \/><\/a><\/p>\n<p><a href=\"http:\/\/www.hoehle.at\/wordpress\/wp-content\/uploads\/2013\/09\/VHO_K_5P0031.jpg\"><img loading=\"lazy\" decoding=\"async\" class=\"aligncenter size-full wp-image-961\" src=\"http:\/\/www.hoehle.at\/wordpress\/wp-content\/uploads\/2013\/09\/VHO_K_5P0031.jpg\" alt=\"VHO_K_5P0031\" width=\"1000\" height=\"662\" srcset=\"http:\/\/www.hoehle.at\/wordpress\/wp-content\/uploads\/2013\/09\/VHO_K_5P0031.jpg 1000w, http:\/\/www.hoehle.at\/wordpress\/wp-content\/uploads\/2013\/09\/VHO_K_5P0031-300x198.jpg 300w, http:\/\/www.hoehle.at\/wordpress\/wp-content\/uploads\/2013\/09\/VHO_K_5P0031-453x300.jpg 453w\" sizes=\"(max-width: 1000px) 100vw, 1000px\" \/><\/a><\/p>\n<p><a href=\"http:\/\/www.hoehle.at\/wordpress\/wp-content\/uploads\/2013\/09\/VHO_P7204240.jpg\"><img loading=\"lazy\" decoding=\"async\" class=\"aligncenter size-full wp-image-1033\" src=\"http:\/\/www.hoehle.at\/wordpress\/wp-content\/uploads\/2013\/09\/VHO_P7204240.jpg\" alt=\"VHO_P7204240\" width=\"1000\" height=\"750\" srcset=\"http:\/\/www.hoehle.at\/wordpress\/wp-content\/uploads\/2013\/09\/VHO_P7204240.jpg 1000w, http:\/\/www.hoehle.at\/wordpress\/wp-content\/uploads\/2013\/09\/VHO_P7204240-300x225.jpg 300w, http:\/\/www.hoehle.at\/wordpress\/wp-content\/uploads\/2013\/09\/VHO_P7204240-400x300.jpg 400w\" sizes=\"(max-width: 1000px) 100vw, 1000px\" \/><\/a><\/p>\n<p>&#8212;&#8212;&#8212;&#8212;&#8212;&#8212;&#8212;&#8212;&#8212;&#8212;&#8212;&#8212;&#8212;&#8212;&#8212;&#8212;&#8212;&#8212;&#8212;&#8212;&#8212;&#8212;&#8212;&#8212;&#8212;&#8212;&#8212;&#8212;&#8212;&#8212;&#8212;&#8212;&#8212;&#8212;&#8212;&#8212;&#8212;&#8212;&#8211;<a href=\"http:\/\/www.hoehle.at\/wordpress\/wp-content\/uploads\/2025\/10\/Schnitt_10_2025-scaled.jpg\"><img loading=\"lazy\" decoding=\"async\" class=\"alignleft size-full wp-image-2753\" src=\"http:\/\/www.hoehle.at\/wordpress\/wp-content\/uploads\/2025\/10\/Schnitt_10_2025-scaled.jpg\" alt=\"\" width=\"2560\" height=\"1689\" srcset=\"http:\/\/www.hoehle.at\/wordpress\/wp-content\/uploads\/2025\/10\/Schnitt_10_2025-scaled.jpg 2560w, http:\/\/www.hoehle.at\/wordpress\/wp-content\/uploads\/2025\/10\/Schnitt_10_2025-300x198.jpg 300w, http:\/\/www.hoehle.at\/wordpress\/wp-content\/uploads\/2025\/10\/Schnitt_10_2025-1024x676.jpg 1024w, http:\/\/www.hoehle.at\/wordpress\/wp-content\/uploads\/2025\/10\/Schnitt_10_2025-768x507.jpg 768w, http:\/\/www.hoehle.at\/wordpress\/wp-content\/uploads\/2025\/10\/Schnitt_10_2025-1536x1014.jpg 1536w, http:\/\/www.hoehle.at\/wordpress\/wp-content\/uploads\/2025\/10\/Schnitt_10_2025-2048x1352.jpg 2048w, http:\/\/www.hoehle.at\/wordpress\/wp-content\/uploads\/2025\/10\/Schnitt_10_2025-455x300.jpg 455w\" sizes=\"(max-width: 2560px) 100vw, 2560px\" \/><\/a><\/p>\n<p><strong><a href=\"http:\/\/www.hoehle.at\/wordpress\/forschung\/projekt-tauplitzalm-tiefenbach\/hemmernbodenhohle-162223\/\">Hemernbodenh\u00f6hle<\/a><\/strong><\/p>\n<p><strong><a href=\"http:\/\/www.hoehle.at\/wordpress\/forschung\/projekt-tauplitzalm-tiefenbach\/schnittlamoos-ponor\/\">Schnittlamoos-Ponor<\/a><\/strong><\/p>\n<p><a href=\"http:\/\/www.hoehle.at\/wordpress\/forschung\/projekt-tauplitzalm-tiefenbach\/bullenhohle\/\"><strong>Bullenh\u00f6hle<\/strong><\/a><\/p>\n<p><strong><a href=\"http:\/\/www.hoehle.at\/wordpress\/forschung\/projekt-tauplitzalm-tiefenbach\/sagtuempel-162260\/\">Sagt\u00fcmpel<\/a><\/strong><\/p>\n<p><strong><a href=\"http:\/\/www.hoehle.at\/wordpress\/forschung\/projekt-tauplitzalm-tiefenbach\/hochklammhoehle-162262\/\">Hochklammh\u00f6hle<\/a><\/strong><\/p>\n<p><strong><a href=\"http:\/\/www.hoehle.at\/wordpress\/forschung\/projekt-tauplitzalm-tiefenbach\/xt-hoehle\/\">XT-H\u00f6hle<\/a><\/strong><\/p>\n<p>Aktuelle Informationen \u00fcber die laufenden Forschungen findet man im\u00a0<a href=\"http:\/\/www.vho-caving-news.blogspot.com\/\">Forschungsblog<\/a>.<\/p>\n","protected":false},"excerpt":{"rendered":"<p>Unweit der kleinen Ortschaft Tauplitz liegt die gro\u00dfe Karstquelle Sagt\u00fcmpel, welche Sch\u00fcttungsspitzen von bis zu 10 m\u00b3\/s aufweist. Etwa 200 m westlich entspringt bei starkem Hochwasser der Tiefenbach, der dann zus\u00e4tzlich ann\u00e4hernd die selbe Wassermenge liefern kann. Beide Quellen bilden &hellip; <a href=\"http:\/\/www.hoehle.at\/wordpress\/forschung\/projekt-tauplitzalm-tiefenbach\/\">Weiterlesen <span class=\"meta-nav\">&rarr;<\/span><\/a><\/p>\n","protected":false},"author":2,"featured_media":0,"parent":32,"menu_order":0,"comment_status":"closed","ping_status":"closed","template":"","meta":{"footnotes":""},"_links":{"self":[{"href":"http:\/\/www.hoehle.at\/wordpress\/wp-json\/wp\/v2\/pages\/63"}],"collection":[{"href":"http:\/\/www.hoehle.at\/wordpress\/wp-json\/wp\/v2\/pages"}],"about":[{"href":"http:\/\/www.hoehle.at\/wordpress\/wp-json\/wp\/v2\/types\/page"}],"author":[{"embeddable":true,"href":"http:\/\/www.hoehle.at\/wordpress\/wp-json\/wp\/v2\/users\/2"}],"replies":[{"embeddable":true,"href":"http:\/\/www.hoehle.at\/wordpress\/wp-json\/wp\/v2\/comments?post=63"}],"version-history":[{"count":65,"href":"http:\/\/www.hoehle.at\/wordpress\/wp-json\/wp\/v2\/pages\/63\/revisions"}],"predecessor-version":[{"id":2755,"href":"http:\/\/www.hoehle.at\/wordpress\/wp-json\/wp\/v2\/pages\/63\/revisions\/2755"}],"up":[{"embeddable":true,"href":"http:\/\/www.hoehle.at\/wordpress\/wp-json\/wp\/v2\/pages\/32"}],"wp:attachment":[{"href":"http:\/\/www.hoehle.at\/wordpress\/wp-json\/wp\/v2\/media?parent=63"}],"curies":[{"name":"wp","href":"https:\/\/api.w.org\/{rel}","templated":true}]}}