{"id":648,"date":"2014-02-01T10:43:35","date_gmt":"2014-02-01T09:43:35","guid":{"rendered":"http:\/\/www.hoehle.at\/wordpress\/?page_id=648"},"modified":"2019-01-31T21:08:02","modified_gmt":"2019-01-31T20:08:02","slug":"hemmernbodenhohle-162223","status":"publish","type":"page","link":"http:\/\/www.hoehle.at\/wordpress\/forschung\/projekt-tauplitzalm-tiefenbach\/hemmernbodenhohle-162223\/","title":{"rendered":"Hemernbodenh\u00f6hle (1622\/23)"},"content":{"rendered":"<p style=\"text-align: justify;\">Die Hemernbodenh\u00f6hle befindet sich unweit der Schiabfahrt nach Tauplitz auf dem Tauplitzalm-Plateau.<\/p>\n<p style=\"text-align: justify;\">Die H\u00f6hle wurde 1977 erforscht und auf eine L\u00e4nge von 132 m vermessen.<\/p>\n<p><a href=\"http:\/\/www.hoehle.at\/wordpress\/wp-content\/uploads\/2014\/02\/RS_P1060662.jpg\"><img loading=\"lazy\" decoding=\"async\" class=\"aligncenter size-full wp-image-651\" src=\"http:\/\/www.hoehle.at\/wordpress\/wp-content\/uploads\/2014\/02\/RS_P1060662.jpg\" alt=\"RS_P1060662\" width=\"1200\" height=\"801\" srcset=\"http:\/\/www.hoehle.at\/wordpress\/wp-content\/uploads\/2014\/02\/RS_P1060662.jpg 1200w, http:\/\/www.hoehle.at\/wordpress\/wp-content\/uploads\/2014\/02\/RS_P1060662-300x200.jpg 300w, http:\/\/www.hoehle.at\/wordpress\/wp-content\/uploads\/2014\/02\/RS_P1060662-1024x683.jpg 1024w, http:\/\/www.hoehle.at\/wordpress\/wp-content\/uploads\/2014\/02\/RS_P1060662-449x300.jpg 449w\" sizes=\"(max-width: 1200px) 100vw, 1200px\" \/><\/a><\/p>\n<p style=\"text-align: justify;\">Im Winter 2011 konnte in der H\u00f6hle eine starke Wetterf\u00fchrung festgestellt werden, worauf die Forschungen in diesem Objekt wieder aufgenommen wurden.<\/p>\n<p style=\"text-align: justify;\">S\u00e4mtliche bekannten H\u00f6hlenteile wurden neu vermessen, wobei auch einiges an Neuland entdeckt werden konnte. Leider gestalten sich weitere Forschungen sehr schwierig, wodurch die Bearbeitung dieser H\u00f6hle im J\u00e4nner 2014 mit einer Gesamtl\u00e4nge von 205 m vorerst abgeschlossen wurde. An zwei Stellen k\u00f6nnte aber durch\u00a0aufwendiges Ausr\u00e4umen von Engstellen weitergekommen werden.<\/p>\n<p style=\"text-align: justify;\">Im J\u00e4nner 2018 wurde bei einer informativen Befahrung festgestellt, dass aufgrund von abgeschmolzenem Eis, ein neuer Schachtabstieg zug\u00e4nglich wurde.<\/p>\n<p style=\"text-align: justify;\"><a href=\"http:\/\/www.hoehle.at\/wordpress\/wp-content\/uploads\/2014\/02\/FBIMG_1762.jpg\"><img loading=\"lazy\" decoding=\"async\" class=\"aligncenter size-full wp-image-1409\" src=\"http:\/\/www.hoehle.at\/wordpress\/wp-content\/uploads\/2014\/02\/FBIMG_1762.jpg\" alt=\"FBIMG_1762\" width=\"1200\" height=\"800\" srcset=\"http:\/\/www.hoehle.at\/wordpress\/wp-content\/uploads\/2014\/02\/FBIMG_1762.jpg 1200w, http:\/\/www.hoehle.at\/wordpress\/wp-content\/uploads\/2014\/02\/FBIMG_1762-300x200.jpg 300w, http:\/\/www.hoehle.at\/wordpress\/wp-content\/uploads\/2014\/02\/FBIMG_1762-1024x682.jpg 1024w, http:\/\/www.hoehle.at\/wordpress\/wp-content\/uploads\/2014\/02\/FBIMG_1762-450x300.jpg 450w\" sizes=\"(max-width: 1200px) 100vw, 1200px\" \/><\/a><\/p>\n<p style=\"text-align: justify;\">Bei bisher 16 Touren im Jahre 2018 gelang es 545 m des stark bewetterten Teiles zu erforschen und zu vermessen. Die Hemmernbodenh\u00f6hle wird dadurch zur dritten Gro\u00dfh\u00f6hle am Tauplitzalm-Plateau. Die neuen H\u00f6hlenteile sind teilweise mit Eis, aber auch mit massiven Sinterbildungen dekoriert. \u00dcber ein Schachtsystem mit ger\u00e4umigen Abstiegen konnte bis zu einem sehr engen M\u00e4ander vorgedrungen werden. Hier fanden schwierige Erweiterungsarbeiten statt. Dahinter kann \u00fcber einen 10 m-Schacht erneut ein M\u00e4ander erreicht werden. Endpunkt stellt zur Zeit eine Engstelle in 144 m Tiefe dar.<\/p>\n<p style=\"text-align: justify;\"><a href=\"http:\/\/www.hoehle.at\/wordpress\/wp-content\/uploads\/2014\/02\/FBIMG_1781.jpg\"><img loading=\"lazy\" decoding=\"async\" class=\"aligncenter size-full wp-image-1430\" src=\"http:\/\/www.hoehle.at\/wordpress\/wp-content\/uploads\/2014\/02\/FBIMG_1781.jpg\" alt=\"FBIMG_1781\" width=\"800\" height=\"1200\" srcset=\"http:\/\/www.hoehle.at\/wordpress\/wp-content\/uploads\/2014\/02\/FBIMG_1781.jpg 800w, http:\/\/www.hoehle.at\/wordpress\/wp-content\/uploads\/2014\/02\/FBIMG_1781-200x300.jpg 200w, http:\/\/www.hoehle.at\/wordpress\/wp-content\/uploads\/2014\/02\/FBIMG_1781-682x1024.jpg 682w\" sizes=\"(max-width: 800px) 100vw, 800px\" \/><\/a><\/p>\n<p><strong>Forschungsstand (31.01.2019):<\/strong><\/p>\n<p><strong>Vermessene Gesamtl\u00e4nge:\u00a0 \u00a0 \u00a0 \u00a0 \u00a0 \u00a0 \u00a0 \u00a0 \u00a0 749 m + 40 m erkundet<\/strong><\/p>\n<p><strong>Niveaudifferenz: \u00a0 \u00a0 \u00a0 \u00a0 \u00a0 \u00a0 \u00a0 \u00a0 \u00a0 \u00a0 \u00a0 \u00a0 \u00a0 \u00a0 \u00a0 \u00a0 \u00a0+-147 m (+3 m, -144 m)<\/strong><\/p>\n<p><strong>Horizontalerstreckung:\u00a0 \u00a0 \u00a0 \u00a0 \u00a0 \u00a0 \u00a0 \u00a0 \u00a0 \u00a0 \u00a0 \u00a0 \u00a0 91 m<\/strong><\/p>\n<p><a href=\"http:\/\/www.hoehle.at\/wordpress\/forschung\/projekt-tauplitzalm-tiefenbach\/\">zur\u00fcck zu Projekt Tauplitzalm-Tiefenbach<\/a><\/p>\n","protected":false},"excerpt":{"rendered":"<p>Die Hemernbodenh\u00f6hle befindet sich unweit der Schiabfahrt nach Tauplitz auf dem Tauplitzalm-Plateau. Die H\u00f6hle wurde 1977 erforscht und auf eine L\u00e4nge von 132 m vermessen. Im Winter 2011 konnte in der H\u00f6hle eine starke Wetterf\u00fchrung festgestellt werden, worauf die Forschungen &hellip; <a href=\"http:\/\/www.hoehle.at\/wordpress\/forschung\/projekt-tauplitzalm-tiefenbach\/hemmernbodenhohle-162223\/\">Weiterlesen <span class=\"meta-nav\">&rarr;<\/span><\/a><\/p>\n","protected":false},"author":2,"featured_media":0,"parent":63,"menu_order":1,"comment_status":"closed","ping_status":"closed","template":"","meta":{"footnotes":""},"_links":{"self":[{"href":"http:\/\/www.hoehle.at\/wordpress\/wp-json\/wp\/v2\/pages\/648"}],"collection":[{"href":"http:\/\/www.hoehle.at\/wordpress\/wp-json\/wp\/v2\/pages"}],"about":[{"href":"http:\/\/www.hoehle.at\/wordpress\/wp-json\/wp\/v2\/types\/page"}],"author":[{"embeddable":true,"href":"http:\/\/www.hoehle.at\/wordpress\/wp-json\/wp\/v2\/users\/2"}],"replies":[{"embeddable":true,"href":"http:\/\/www.hoehle.at\/wordpress\/wp-json\/wp\/v2\/comments?post=648"}],"version-history":[{"count":28,"href":"http:\/\/www.hoehle.at\/wordpress\/wp-json\/wp\/v2\/pages\/648\/revisions"}],"predecessor-version":[{"id":1525,"href":"http:\/\/www.hoehle.at\/wordpress\/wp-json\/wp\/v2\/pages\/648\/revisions\/1525"}],"up":[{"embeddable":true,"href":"http:\/\/www.hoehle.at\/wordpress\/wp-json\/wp\/v2\/pages\/63"}],"wp:attachment":[{"href":"http:\/\/www.hoehle.at\/wordpress\/wp-json\/wp\/v2\/media?parent=648"}],"curies":[{"name":"wp","href":"https:\/\/api.w.org\/{rel}","templated":true}]}}