{"id":72,"date":"2013-09-09T21:56:36","date_gmt":"2013-09-09T20:56:36","guid":{"rendered":"http:\/\/www.hoehle.at\/wordpress\/?page_id=72"},"modified":"2020-11-02T13:48:24","modified_gmt":"2020-11-02T12:48:24","slug":"hohlentauchen","status":"publish","type":"page","link":"http:\/\/www.hoehle.at\/wordpress\/hohlentauchen\/","title":{"rendered":"H\u00f6hlentauchen"},"content":{"rendered":"<p><a href=\"http:\/\/www.hoehle.at\/wordpress\/wp-content\/uploads\/2013\/09\/Boka.jpg\"><img loading=\"lazy\" decoding=\"async\" class=\"aligncenter size-full wp-image-1791\" src=\"http:\/\/www.hoehle.at\/wordpress\/wp-content\/uploads\/2013\/09\/Boka.jpg\" alt=\"Slap Boka\" width=\"1024\" height=\"661\" srcset=\"http:\/\/www.hoehle.at\/wordpress\/wp-content\/uploads\/2013\/09\/Boka.jpg 1024w, http:\/\/www.hoehle.at\/wordpress\/wp-content\/uploads\/2013\/09\/Boka-300x193.jpg 300w, http:\/\/www.hoehle.at\/wordpress\/wp-content\/uploads\/2013\/09\/Boka-464x300.jpg 464w\" sizes=\"(max-width: 1024px) 100vw, 1024px\" \/><\/a><\/p>\n<p>Der Verein verf\u00fcgt \u00fcber eine aktive H\u00f6hlentauchergruppe, welche 1993 gegr\u00fcndet wurde. Seit diesem Zeitpunkt konnten in \u00d6sterreich, sowie im benachbarten Ausland etliche Unterwasserh\u00f6hlen betaucht, erforscht und vermessen werden.<\/p>\n<div>\n<p><strong>Aktuelle Projekte:<\/strong><\/p>\n<p><a href=\"http:\/\/www.hoehle.at\/wordpress\/hohlentauchen\/projekt-altaussee-aquifer\/\"><strong>Projekt Altaussee-Aquifer; Forschungen am Zufluss des Altausseersees (Stmk.)<\/strong><\/a><\/p>\n<p><strong><a href=\"http:\/\/www.hoehle.at\/wordpress\/forschung\/elmhoehle\/liager\/\">Projekt Karstwasser Grundlseer Berge; Liager (Stmk.)<\/a><\/strong><\/p>\n<p><strong><a href=\"http:\/\/www.hoehle.at\/wordpress\/hohlentauchen\/hohlentauchprojekt-brulloch\/\">H\u00f6hlentauchprojekt Br\u00fcllloch (Stmk)<\/a><\/strong><\/p>\n<p><a href=\"http:\/\/www.hoehle.at\/wordpress\/hohlentauchen\/keltenbrunnen\/\"><strong>Keltenbrunnen (Stmk)<\/strong><\/a><\/p>\n<p><a href=\"http:\/\/www.hoehle.at\/wordpress\/hohlentauchen\/truebenbachquelle\/\"><strong>Tr\u00fcbenbachquelle (N\u00d6)<\/strong><\/a><\/p>\n<p><strong>Kreidelucke (O\u00d6)<\/strong><\/p>\n<p><a href=\"http:\/\/www.hoehle.at\/wordpress\/hohlentauchen\/majerovo-vrelo-hr\/\"><strong>Majerovo- Vrelo (Kroatien)<\/strong><\/a><\/p>\n<p><strong><a href=\"http:\/\/www.hoehle.at\/wordpress\/hohlentauchen\/vermessungsprojekt-pozo-azul\/\">Vermessungsprojekt Pozo Azul (Spanien)<\/a><\/strong><\/p>\n<p>&nbsp;<\/p>\n<p><strong>Ruhende Projekte:<\/strong><\/p>\n<p><strong><a href=\"http:\/\/www.hoehle.at\/wordpress\/hohlentauchen\/wassermannsloch-schwarze-lacke-projekt-aquarius\/\">Projekt Aquarius; Forschungen im Wassermannsloch bei Eisenerz (Stmk.)<\/a><\/strong><\/p>\n<p><strong><a href=\"http:\/\/www.hoehle.at\/wordpress\/hohlentauchen\/bachschlag\/\">Karstquelle Bachschl\u00e4g (Stmk.)<\/a><\/strong><\/p>\n<p><a href=\"http:\/\/www.hoehle.at\/wordpress\/hohlentauchen\/sandsiphon-nagelsteghoehe\/\"><strong>Tauchgang im Sandsiphon der Nagelstegh\u00f6hle (Stmk.)<\/strong><\/a><\/p>\n<p><strong>Erforschung des Endsiphons der Dreirinnenh\u00f6hle (Stmk.)<\/strong><\/p>\n<p><strong>Palfauer Wasserloch (Stmk.)<\/strong><\/p>\n<p><a href=\"http:\/\/www.hoehle.at\/wordpress\/hohlentauchen\/piesling-ursprung\/\"><strong>Erforschung des Endsiphons im Pie\u00dfling-Ursprung (O\u00d6)<\/strong><\/a><\/p>\n<p><strong>Erforschung des Endsiphons der Rettenbachh\u00f6hle (O\u00d6)<\/strong><\/p>\n<p><strong>Forschungen in der Oase der Hirlatzh\u00f6hle (O\u00d6)<\/strong><\/p>\n<p><a href=\"http:\/\/www.hoehle.at\/wordpress\/hohlentauchen\/obere-schiesserbachhoehle\/\"><strong>Obere Schiesserbachh\u00f6hle (O\u00d6)<\/strong><\/a><\/p>\n<p><strong><a href=\"http:\/\/www.hoehle.at\/wordpress\/hohlentauchen\/radaubach-ursprung\/\">Radaubach-Ursprung (O\u00d6)<\/a><\/strong><\/p>\n<p><strong>Miesenbach-Ursprung (O\u00d6)<\/strong><\/p>\n<p><strong>Offensee-Lochbachloch (O\u00d6)<\/strong><\/p>\n<p><strong><a href=\"http:\/\/www.hoehle.at\/wordpress\/hohlentauchen\/schwarzenbach-loch\/\">Schwarzenbachloch (O\u00d6)<\/a><\/strong><\/p>\n<p><a href=\"http:\/\/www.hoehle.at\/wordpress\/hohlentauchen\/tauernhoehle-verbindungstauchgang-huetterschacht-wasserloch\/\"><strong>Tauernh\u00f6hle; Verbindungstauchgang H\u00fctterschacht-Wasserloch (O\u00d6)<\/strong><\/a><\/p>\n<p><a href=\"http:\/\/vho-caving-news.blogspot.com\/search\/label\/Kogelgrabenh%C3%B6hle\" target=\"_blank\"><strong>Erster Tauchgang in der Kogelgrabenh\u00f6hle (O\u00d6)<\/strong><\/a><\/p>\n<p><strong><a href=\"http:\/\/www.hoehle.at\/wordpress\/hohlentauchen\/reithbach-ursprung\/\">Reithbach-Ursprung (N\u00d6)<\/a><\/strong><\/p>\n<p><a href=\"http:\/\/www.hoehle.at\/wordpress\/hohlentauchen\/postsiphonvermessung-im-nassen-loch-noe\/\"><strong>Postsiphonvermessung im Nassen Loch (N\u00d6)<\/strong><\/a><\/p>\n<p><strong>Dachserfallh\u00f6hle (Sbg.)<\/strong><\/p>\n<p>&nbsp;<\/p>\n<p>Aktuelle Informationen \u00fcber die laufenden Forschungen findet man im <a href=\"http:\/\/vho-caving-news.blogspot.com\/\">Forschungsblog.<\/a><\/p>\n<\/div>\n","protected":false},"excerpt":{"rendered":"<p>Der Verein verf\u00fcgt \u00fcber eine aktive H\u00f6hlentauchergruppe, welche 1993 gegr\u00fcndet wurde. Seit diesem Zeitpunkt konnten in \u00d6sterreich, sowie im benachbarten Ausland etliche Unterwasserh\u00f6hlen betaucht, erforscht und vermessen werden. Aktuelle Projekte: Projekt Altaussee-Aquifer; Forschungen am Zufluss des Altausseersees (Stmk.) Projekt Karstwasser &hellip; <a href=\"http:\/\/www.hoehle.at\/wordpress\/hohlentauchen\/\">Weiterlesen <span class=\"meta-nav\">&rarr;<\/span><\/a><\/p>\n","protected":false},"author":2,"featured_media":0,"parent":0,"menu_order":5,"comment_status":"closed","ping_status":"closed","template":"","meta":{"footnotes":""},"_links":{"self":[{"href":"http:\/\/www.hoehle.at\/wordpress\/wp-json\/wp\/v2\/pages\/72"}],"collection":[{"href":"http:\/\/www.hoehle.at\/wordpress\/wp-json\/wp\/v2\/pages"}],"about":[{"href":"http:\/\/www.hoehle.at\/wordpress\/wp-json\/wp\/v2\/types\/page"}],"author":[{"embeddable":true,"href":"http:\/\/www.hoehle.at\/wordpress\/wp-json\/wp\/v2\/users\/2"}],"replies":[{"embeddable":true,"href":"http:\/\/www.hoehle.at\/wordpress\/wp-json\/wp\/v2\/comments?post=72"}],"version-history":[{"count":30,"href":"http:\/\/www.hoehle.at\/wordpress\/wp-json\/wp\/v2\/pages\/72\/revisions"}],"predecessor-version":[{"id":1969,"href":"http:\/\/www.hoehle.at\/wordpress\/wp-json\/wp\/v2\/pages\/72\/revisions\/1969"}],"wp:attachment":[{"href":"http:\/\/www.hoehle.at\/wordpress\/wp-json\/wp\/v2\/media?parent=72"}],"curies":[{"name":"wp","href":"https:\/\/api.w.org\/{rel}","templated":true}]}}