{"id":731,"date":"2014-03-18T12:43:38","date_gmt":"2014-03-18T11:43:38","guid":{"rendered":"http:\/\/www.hoehle.at\/wordpress\/?page_id=731"},"modified":"2024-08-27T08:07:42","modified_gmt":"2024-08-27T07:07:42","slug":"wildbaderhohle","status":"publish","type":"page","link":"http:\/\/www.hoehle.at\/wordpress\/forschung\/planker-mira\/wildbaderhohle\/","title":{"rendered":"Wildbaderh\u00f6hle"},"content":{"rendered":"<p style=\"text-align: justify;\">Die Wildbaderh\u00f6hle (1625\/150), wurde von einheimischen und franz\u00f6sichen H\u00f6hlenforschern in den 1980er-Jahren auf eine L\u00e4nge von 1737 m und eine Tiefe von \u00a0874 m erforscht. Die H\u00f6hle weist noch gro\u00dfes Potenzial f\u00fcr Neuforschungen auf.<\/p>\n<p style=\"text-align: justify;\"><a href=\"http:\/\/www.hoehle.at\/wordpress\/wp-content\/uploads\/2014\/03\/VHO_P1060040.jpg\"><img loading=\"lazy\" decoding=\"async\" class=\"aligncenter size-full wp-image-756\" src=\"http:\/\/www.hoehle.at\/wordpress\/wp-content\/uploads\/2014\/03\/VHO_P1060040.jpg\" alt=\"VHO_P1060040\" width=\"1200\" height=\"801\" srcset=\"http:\/\/www.hoehle.at\/wordpress\/wp-content\/uploads\/2014\/03\/VHO_P1060040.jpg 1200w, http:\/\/www.hoehle.at\/wordpress\/wp-content\/uploads\/2014\/03\/VHO_P1060040-300x200.jpg 300w, http:\/\/www.hoehle.at\/wordpress\/wp-content\/uploads\/2014\/03\/VHO_P1060040-1024x683.jpg 1024w, http:\/\/www.hoehle.at\/wordpress\/wp-content\/uploads\/2014\/03\/VHO_P1060040-449x300.jpg 449w\" sizes=\"(max-width: 1200px) 100vw, 1200px\" \/><\/a><\/p>\n<p style=\"text-align: justify;\">Die H\u00f6hle weist eine deutliche stockwerkartige Gliederung auf. Es sind mehrere Horizontaletagen ausgebildet (-30 m, -50, -130 m, &#8211; 270 m, -360 m, -850 m) die teilweise beachtliche Raumdimensionen erreichen. Die Labyrinthe zwischen -30 m und -130 m wurden gro\u00dfteils aufgearbeitet und neu vermessen (~ 700 m). Die bei -130 m ansetzende Etage ist deutlich an das Fallen der Schichten gebunden und konnte auf eine L\u00e4nge von \u00fcber 1500 m in zwei Richtungen vermessen werden. Von dieser Etage f\u00fchren zahlreiche m\u00e4chtige Schachtsysteme mit bis zu 195 m tiefen Direktsch\u00e4chten weiter in die Tiefe. Zahlreiche, auch horizontale Fortsetzungen blieben hier noch unbearbeitet. Besonderes Interesse galt einem Abschnitt, welcher von den franz\u00f6sischen H\u00f6hlenforschern nicht g\u00e4nzlich untersucht wurde. Um dieses Horizontalsystem zu erreichen, muss \u00fcber zahlreiche Schachtstufen bis in eine Tiefe von 360 m abgestiegen werden. Besonders beeindruckend ist der vollkommen senkrechte, 151 m tiefe Germanenschacht mit einem Durchmesser von \u00fcber 10 m.<\/p>\n<p style=\"text-align: left;\"><a href=\"http:\/\/www.hoehle.at\/wordpress\/wp-content\/uploads\/2014\/03\/VHO_IMG_4529.jpg\"><img loading=\"lazy\" decoding=\"async\" class=\"aligncenter size-full wp-image-758\" src=\"http:\/\/www.hoehle.at\/wordpress\/wp-content\/uploads\/2014\/03\/VHO_IMG_4529.jpg\" alt=\"VHO_IMG_4529\" width=\"1200\" height=\"800\" srcset=\"http:\/\/www.hoehle.at\/wordpress\/wp-content\/uploads\/2014\/03\/VHO_IMG_4529.jpg 1200w, http:\/\/www.hoehle.at\/wordpress\/wp-content\/uploads\/2014\/03\/VHO_IMG_4529-300x200.jpg 300w, http:\/\/www.hoehle.at\/wordpress\/wp-content\/uploads\/2014\/03\/VHO_IMG_4529-1024x682.jpg 1024w, http:\/\/www.hoehle.at\/wordpress\/wp-content\/uploads\/2014\/03\/VHO_IMG_4529-450x300.jpg 450w\" sizes=\"(max-width: 1200px) 100vw, 1200px\" \/><\/a><\/p>\n<div>\n<p style=\"text-align: justify;\">Der besagte Horizontalteil f\u00fchrt sowohl in Richtung Westen, als auch nach Osten, wo in einer Entfernung von rund 2 km das \u00fcber 23,5 km lange D\u00d6F-Sonnenleiter-H\u00f6hlensystem auf der Tauplitz Hochalm liegt.<\/p>\n<p style=\"text-align: justify;\">Die G\u00e4nge sind teilweise als Canyon ausgebildet und erreichen oftmals eine H\u00f6he von 40 m. In Richtung Osten war es bereits bei einer er ersten Touren m\u00f6glich \u00fcber einen schwierigen, extrem br\u00fcchigen Kletteraufstieg die Fortsetzung der Passage zu entdecken. Der sch\u00f6n mit Tropfsteinen und Sinterbildungen dekorierte Gang f\u00fchrt von hier sehr gro\u00dfr\u00e4umig weiter in den Berg. Starker Luftzug deutet auf ausgedehnte Fortsetzungen hin. Nach einer Strecke von weiteren 200 m erreichte das Vermessungsteam einen beeindruckenden, rund 50 m hohen Dom. Dieser neu entdeckte H\u00f6hlenraum wurde zum Andenken an unseren im Vorjahr verstorbenen H\u00f6hlenkameraden und Freund\u00a0 Erwin-H\u00fcttner-Dom benannt.<\/p>\n<div>\n<p style=\"text-align: justify;\">\u00dcber teils schwierige Passagen war es in diesem Bereich m\u00f6glich weit nach Osten vorzudrigen. Diese Teile befinden sich bereits \u00f6stlich der Wei\u00dfgrube.<\/p>\n<p style=\"text-align: justify;\">Mit der Entdeckung der &#8222;Telegraph road&#8220; gelang auch der Vorsto\u00df weit in Richtung Westen. Hier konnte beim Forscherlager 2019 die Verbindung zum 255 m tiefen Echocanyon hergestellt werden. Gro\u00dfe, extrem stark bewetterte Passagen f\u00fchren von hier weiter in Richtung S\u00fcden und Westen.<\/p>\n<div style=\"text-align: justify;\"><a href=\"http:\/\/www.hoehle.at\/wordpress\/wp-content\/uploads\/2014\/03\/FB05Schacht.jpg\"><img loading=\"lazy\" decoding=\"async\" class=\"aligncenter size-full wp-image-1687\" src=\"http:\/\/www.hoehle.at\/wordpress\/wp-content\/uploads\/2014\/03\/FB05Schacht.jpg\" alt=\"FB05Schacht\" width=\"800\" height=\"1200\" srcset=\"http:\/\/www.hoehle.at\/wordpress\/wp-content\/uploads\/2014\/03\/FB05Schacht.jpg 800w, http:\/\/www.hoehle.at\/wordpress\/wp-content\/uploads\/2014\/03\/FB05Schacht-200x300.jpg 200w, http:\/\/www.hoehle.at\/wordpress\/wp-content\/uploads\/2014\/03\/FB05Schacht-682x1024.jpg 682w\" sizes=\"(max-width: 800px) 100vw, 800px\" \/><\/a><\/div>\n<p style=\"text-align: justify;\">Bei einer Dokumentations- und Forschungstour ins Tiefensystem konnten im Herbst 2019 die von den franz\u00f6sischen H\u00f6hlenforschern erkundeten riesigen Gangpassagen fertig vermessen werden. Im Zuge der Vermessungsarbeiten gelang durch Ausr\u00e4umen eines Versturzes bei -870 m der Zugang zu einem weiter in die Tiefe ziehenden Gang- und Schachtsystem zu entdecken. Dort musste bei -916 m an einem mindestens 33 m tiefen Schacht wegen Seilmangels umgekehrt werden.<\/p>\n<p style=\"text-align: justify;\">Bei einer weiteren 91-st\u00fcndigen Tour im Februar 2021 gelang es bis zu einem Siphon in 1082 m Tiefe vorzudringen.<\/p>\n<div style=\"text-align: justify;\"><\/div>\n<div style=\"text-align: justify;\"><a href=\"http:\/\/vho-caving-news.blogspot.com\/2019\/11\/ruf-der-tiefe-sehr-erfolgreiche.html\" target=\"_blank\" rel=\"noopener\">Tiefenfortsetzung der Wildbaderh\u00f6hle entdeckt<\/a><\/div>\n<div>\n<p style=\"text-align: left;\"><a href=\"http:\/\/www.hoehle.at\/wordpress\/wp-content\/uploads\/2014\/03\/VHO_IMG_4543.jpg\"><img loading=\"lazy\" decoding=\"async\" class=\"aligncenter size-full wp-image-754\" src=\"http:\/\/www.hoehle.at\/wordpress\/wp-content\/uploads\/2014\/03\/VHO_IMG_4543.jpg\" alt=\"VHO_IMG_4543\" width=\"1200\" height=\"800\" srcset=\"http:\/\/www.hoehle.at\/wordpress\/wp-content\/uploads\/2014\/03\/VHO_IMG_4543.jpg 1200w, http:\/\/www.hoehle.at\/wordpress\/wp-content\/uploads\/2014\/03\/VHO_IMG_4543-300x200.jpg 300w, http:\/\/www.hoehle.at\/wordpress\/wp-content\/uploads\/2014\/03\/VHO_IMG_4543-1024x682.jpg 1024w, http:\/\/www.hoehle.at\/wordpress\/wp-content\/uploads\/2014\/03\/VHO_IMG_4543-450x300.jpg 450w\" sizes=\"(max-width: 1200px) 100vw, 1200px\" \/><\/a><\/p>\n<h1><a href=\"http:\/\/www.hoehle.at\/wordpress\/wp-content\/uploads\/2014\/03\/Wildbaderh\u00f6hle-Aufriss_2021.jpg\"><img decoding=\"async\" class=\"aligncenter size-full wp-image-2079\" src=\"http:\/\/www.hoehle.at\/wordpress\/wp-content\/uploads\/2014\/03\/Wildbaderh\u00f6hle-Aufriss_2021.jpg\" alt=\"Wildbaderh\u00f6hle-Aufriss_2021\" \/><\/a><\/h1>\n<h1><\/h1>\n<h1><strong>Forschungsstand (08\/2024)<\/strong><\/h1>\n<h1>Gesamtgangl\u00e4nge:\u00a0 \u00a0 \u00a0 \u00a0 \u00a0 \u00a0 \u00a0 \u00a0 \u00a0 \u00a0 \u00a0 \u00a0 \u00a0 \u00a0 12.717 m<\/h1>\n<p><strong>Gesamt Vermessungsl\u00e4nge:\u00a0 \u00a0 \u00a0 \u00a0 \u00a0 \u00a0 13.154 m<\/strong><\/p>\n<h1><strong>Niveaudifferenz:\u00a0 \u00a0 \u00a0 \u00a0 \u00a0 \u00a0 \u00a0 \u00a0 \u00a0 \u00a0 \u00a0 \u00a0 \u00a0 \u00a0 \u00a0 \u00a0 \u00a0 -1101 m<\/strong><\/h1>\n<h1><strong>Horizontalerstreckung:\u00a0 \u00a0 \u00a0 \u00a0 \u00a0 \u00a0 \u00a0 \u00a0 \u00a0 \u00a0 \u00a0 \u00a01.212 m<\/strong><\/h1>\n<div id=\"attachment_2065\" style=\"width: 4394px\" class=\"wp-caption aligncenter\"><a href=\"http:\/\/www.hoehle.at\/wordpress\/wp-content\/uploads\/2014\/03\/Wildbader\u00fcbersicht_H\u00d6HLE_31_07.jpg\"><img loading=\"lazy\" decoding=\"async\" aria-describedby=\"caption-attachment-2065\" class=\"size-full wp-image-2065\" src=\"http:\/\/www.hoehle.at\/wordpress\/wp-content\/uploads\/2014\/03\/Wildbader\u00fcbersicht_H\u00d6HLE_31_07.jpg\" alt=\"\u00dcbersichtsgrundriss der Wildbaderh\u00f6hle. Die in roter Farbe dargestellten H\u00f6hlenteile wurden im Zuge der neuen Forschungen entdeckt. Die in schwarz dargestellten Teile waren bereits vorher bekannt, aber teilweise noch nicht vermessen.\" width=\"4384\" height=\"2730\" srcset=\"http:\/\/www.hoehle.at\/wordpress\/wp-content\/uploads\/2014\/03\/Wildbader\u00fcbersicht_H\u00d6HLE_31_07.jpg 4384w, http:\/\/www.hoehle.at\/wordpress\/wp-content\/uploads\/2014\/03\/Wildbader\u00fcbersicht_H\u00d6HLE_31_07-300x186.jpg 300w, http:\/\/www.hoehle.at\/wordpress\/wp-content\/uploads\/2014\/03\/Wildbader\u00fcbersicht_H\u00d6HLE_31_07-1024x637.jpg 1024w, http:\/\/www.hoehle.at\/wordpress\/wp-content\/uploads\/2014\/03\/Wildbader\u00fcbersicht_H\u00d6HLE_31_07-481x300.jpg 481w\" sizes=\"(max-width: 4384px) 100vw, 4384px\" \/><\/a><p id=\"caption-attachment-2065\" class=\"wp-caption-text\">\u00dcbersichtsgrundriss der Wildbaderh\u00f6hle. Die in roter Farbe dargestellten H\u00f6hlenteile wurden im Zuge der neuen Forschungen entdeckt. Die in schwarz dargestellten Teile waren bereits vorher bekannt, aber teilweise noch nicht vermessen.<\/p><\/div>\n<div><strong><a href=\"http:\/\/www.hoehle.at\/wordpress\/wp-content\/uploads\/2014\/03\/Aufriss-Tiefensystem_10_2019.pdf\">Aufriss-Tiefensystem_PDF<\/a><\/strong><\/div>\n<div><\/div>\n<div><a href=\"http:\/\/www.hoehle.at\/wordpress\/forschung\/planker-mira\/\">zur\u00fcck zu Projekt Plankermira<\/a><\/div>\n<\/div>\n<\/div>\n<\/div>\n","protected":false},"excerpt":{"rendered":"<p>Die Wildbaderh\u00f6hle (1625\/150), wurde von einheimischen und franz\u00f6sichen H\u00f6hlenforschern in den 1980er-Jahren auf eine L\u00e4nge von 1737 m und eine Tiefe von \u00a0874 m erforscht. Die H\u00f6hle weist noch gro\u00dfes Potenzial f\u00fcr Neuforschungen auf. Die H\u00f6hle weist eine deutliche stockwerkartige &hellip; <a href=\"http:\/\/www.hoehle.at\/wordpress\/forschung\/planker-mira\/wildbaderhohle\/\">Weiterlesen <span class=\"meta-nav\">&rarr;<\/span><\/a><\/p>\n","protected":false},"author":2,"featured_media":0,"parent":510,"menu_order":0,"comment_status":"closed","ping_status":"closed","template":"","meta":{"footnotes":""},"_links":{"self":[{"href":"http:\/\/www.hoehle.at\/wordpress\/wp-json\/wp\/v2\/pages\/731"}],"collection":[{"href":"http:\/\/www.hoehle.at\/wordpress\/wp-json\/wp\/v2\/pages"}],"about":[{"href":"http:\/\/www.hoehle.at\/wordpress\/wp-json\/wp\/v2\/types\/page"}],"author":[{"embeddable":true,"href":"http:\/\/www.hoehle.at\/wordpress\/wp-json\/wp\/v2\/users\/2"}],"replies":[{"embeddable":true,"href":"http:\/\/www.hoehle.at\/wordpress\/wp-json\/wp\/v2\/comments?post=731"}],"version-history":[{"count":58,"href":"http:\/\/www.hoehle.at\/wordpress\/wp-json\/wp\/v2\/pages\/731\/revisions"}],"predecessor-version":[{"id":2567,"href":"http:\/\/www.hoehle.at\/wordpress\/wp-json\/wp\/v2\/pages\/731\/revisions\/2567"}],"up":[{"embeddable":true,"href":"http:\/\/www.hoehle.at\/wordpress\/wp-json\/wp\/v2\/pages\/510"}],"wp:attachment":[{"href":"http:\/\/www.hoehle.at\/wordpress\/wp-json\/wp\/v2\/media?parent=731"}],"curies":[{"name":"wp","href":"https:\/\/api.w.org\/{rel}","templated":true}]}}