{"id":75,"date":"2013-09-09T22:03:55","date_gmt":"2013-09-09T21:03:55","guid":{"rendered":"http:\/\/www.hoehle.at\/wordpress\/?page_id=75"},"modified":"2013-09-10T11:10:51","modified_gmt":"2013-09-10T10:10:51","slug":"wassermannsloch-schwarze-lacke-projekt-aquarius","status":"publish","type":"page","link":"http:\/\/www.hoehle.at\/wordpress\/hohlentauchen\/wassermannsloch-schwarze-lacke-projekt-aquarius\/","title":{"rendered":"Wassermannsloch (Schwarze Lacke) &#8222;Projekt Aquarius&#8220;"},"content":{"rendered":"<p><img decoding=\"async\" alt=\"\" src=\"http:\/\/www.hoehle.at\/homepage\/Z-pictures\/H%C3%B6hlentauchen.JPG\" hspace=\"0\" \/><\/p>\n<p><strong>Kat.Nr.: 1716\/6<img decoding=\"async\" alt=\"\" src=\"http:\/\/www.hoehle.at\/homepage\/Z-pictures\/aquar4.jpg\" align=\"right\" hspace=\"0\" \/><\/strong><\/p>\n<p>Seeh\u00f6he: ca. 600 m\u00fcNN<\/p>\n<p>Sch\u00fcttung: ca. 20 l\/s -ca 20.000 l\/s<\/p>\n<p>Mittlere Sch\u00fcttung: 480 l\/s<\/p>\n<p>Wassertemperatur: 6,4 &#8211; 6,9\u00b0C<\/p>\n<p>Direkt hinter dem Einstieg beginnt der 1. Siphon der H\u00f6hle. Die Tauchstrecke ist 180 m lang und 27 m tief. Dahinter liegt ein ausgedehntes, gro\u00dfteils lufterf\u00fclltes Gangsystem.<\/p>\n<p><strong><strong>Aktueller Forschungsstand:<\/strong><\/strong><\/p>\n<p>Vermessene Gesamtl\u00e4nge = 1084 m<br \/>\nL\u00e4nge der Postsiphonvermessung = 887 m<br \/>\nNiveaudifferenz = +- 112 m<br \/>\nMaximale Horizontalerstreckung = 285 m<\/p>\n<p><img decoding=\"async\" style=\"color: #333333; font-style: normal; line-height: 24px; margin-top: 0.4em;\" alt=\"\" src=\"http:\/\/www.hoehle.at\/homepage\/Z-pictures\/aquarW1.jpg\" align=\"right\" hspace=\"0\" \/><strong style=\"color: #333333; font-style: normal; line-height: 24px;\"><\/strong><\/p>\n<p>&nbsp;<\/p>\n<p>&nbsp;<\/p>\n<p>&nbsp;<\/p>\n<p>&nbsp;<\/p>\n<p>&nbsp;<\/p>\n<p>&nbsp;<\/p>\n<p>&nbsp;<\/p>\n<p><strong><strong>Achtung:<\/strong><\/strong><strong>Das\u00a0<\/strong><strong>Wassermannloch liegt auf Privatbesitz!<\/strong><\/p>\n<p><strong> Tauchg\u00e4nge sind nur mit der Genehmigung des Grundeigent\u00fcmers erlaubt.<br \/>\nAnfragen: Forstverwaltung Kaiserschild, Jassingau<\/strong><\/p>\n<p>AQUARIUS-PROJEKTZIELE<\/p>\n<p>Seit 1994 bearbeitet das Taucherteam des VHO das Wassermannloch (E. GEYER, F. SCHMIDT, R. SEEBACHER, T. TUPI). \u00a0Mit Ende 2000 wurden nach einer Forschungspause die Arbeiten mit einem erweitertem Team wieder aufgenommen.<br \/>\n<img decoding=\"async\" alt=\"\" src=\"http:\/\/www.hoehle.at\/homepage\/Z-pictures\/aquar9.jpg\" align=\"right\" hspace=\"0\" \/><br \/>\nGanzheitliche spel\u00e4ologische Aufarbeitung u. Dokumentation des Wassermannloches und dessen Umgebung.<\/p>\n<p>1. Vermessung aller bisher unvermessenen H\u00f6hlenteile.<br \/>\n2. Forschungen im Trockenteil, bzw. Betauchen des III. Siphones.<br \/>\n3. Fotodokumentation der gesamten H\u00f6hle.<br \/>\n4. Nahme von Gesteins-, Sediment- und Wasserproben, sowie ggf. zoologische Aufsammlungen. Temperaturmessungen und Beobachtung des H\u00f6hlenklimas.<br \/>\n5. Bergung von fossilem Knochenmaterial. Pal\u00e4ontologische Untersuchung der Fundst\u00fccke.<br \/>\n6. Beobachtung der Hydrographie des Quellsystemes. (Spiegelschwankungen der Siphone, ev. auftretende Gerinne untersuchen.)<br \/>\n7. Erstellung eines m\u00f6glichst genauen H\u00f6hlenplanes, sowie die Publikation s\u00e4mtlicher Forschungsergebnisse in Form eines Expeditionsberichtes.<br \/>\nAlle Arbeiten sollten in m\u00f6glichst enger Zusammenarbeit mit Hydrologen, Geologen, Mineralogen und Pal\u00e4ontologen, sowie mit der karst und h\u00f6hlenkundlichen Abteilung des Naturhistorischen Museums in Wien, bzw mit dem JOANNEUM RESEARCH Institut f\u00fcr Hydrogeologie und Geothermie in Graz erfolgen.<\/p>\n<p><a href=\"http:\/\/www.hoehle.at\/wordpress\/wp-content\/uploads\/2013\/09\/90-95_Seebacher.pdf\">Zwischenbericht_der Forschungen<\/a><\/p>\n<p><img decoding=\"async\" alt=\"\" src=\"http:\/\/www.hoehle.at\/homepage\/Z-pictures\/aquar10.jpg\" align=\"left\" hspace=\"0\" \/><\/p>\n<p><a href=\"http:\/\/www.hoehle.at\/homepage\/Z-files\/90-95_Seebacher.pdf\">\u00a0<\/a><\/p>\n","protected":false},"excerpt":{"rendered":"<p>Kat.Nr.: 1716\/6 Seeh\u00f6he: ca. 600 m\u00fcNN Sch\u00fcttung: ca. 20 l\/s -ca 20.000 l\/s Mittlere Sch\u00fcttung: 480 l\/s Wassertemperatur: 6,4 &#8211; 6,9\u00b0C Direkt hinter dem Einstieg beginnt der 1. Siphon der H\u00f6hle. Die Tauchstrecke ist 180 m lang und 27 m &hellip; <a href=\"http:\/\/www.hoehle.at\/wordpress\/hohlentauchen\/wassermannsloch-schwarze-lacke-projekt-aquarius\/\">Weiterlesen <span class=\"meta-nav\">&rarr;<\/span><\/a><\/p>\n","protected":false},"author":2,"featured_media":0,"parent":72,"menu_order":0,"comment_status":"closed","ping_status":"closed","template":"","meta":{"footnotes":""},"_links":{"self":[{"href":"http:\/\/www.hoehle.at\/wordpress\/wp-json\/wp\/v2\/pages\/75"}],"collection":[{"href":"http:\/\/www.hoehle.at\/wordpress\/wp-json\/wp\/v2\/pages"}],"about":[{"href":"http:\/\/www.hoehle.at\/wordpress\/wp-json\/wp\/v2\/types\/page"}],"author":[{"embeddable":true,"href":"http:\/\/www.hoehle.at\/wordpress\/wp-json\/wp\/v2\/users\/2"}],"replies":[{"embeddable":true,"href":"http:\/\/www.hoehle.at\/wordpress\/wp-json\/wp\/v2\/comments?post=75"}],"version-history":[{"count":4,"href":"http:\/\/www.hoehle.at\/wordpress\/wp-json\/wp\/v2\/pages\/75\/revisions"}],"predecessor-version":[{"id":117,"href":"http:\/\/www.hoehle.at\/wordpress\/wp-json\/wp\/v2\/pages\/75\/revisions\/117"}],"up":[{"embeddable":true,"href":"http:\/\/www.hoehle.at\/wordpress\/wp-json\/wp\/v2\/pages\/72"}],"wp:attachment":[{"href":"http:\/\/www.hoehle.at\/wordpress\/wp-json\/wp\/v2\/media?parent=75"}],"curies":[{"name":"wp","href":"https:\/\/api.w.org\/{rel}","templated":true}]}}