{"id":79,"date":"2013-09-09T22:05:58","date_gmt":"2013-09-09T21:05:58","guid":{"rendered":"http:\/\/www.hoehle.at\/wordpress\/?page_id=79"},"modified":"2014-12-12T19:29:18","modified_gmt":"2014-12-12T18:29:18","slug":"projekt-altaussee-aquifer","status":"publish","type":"page","link":"http:\/\/www.hoehle.at\/wordpress\/hohlentauchen\/projekt-altaussee-aquifer\/","title":{"rendered":"Projekt Altaussee-Aquifer"},"content":{"rendered":"<p>(Liager H\u00f6hle und Kugelm\u00fchle)<\/p>\n<p>Kat.Nr.: 1623<\/p>\n<p><img decoding=\"async\" src=\"http:\/\/www.hoehle.at\/homepage\/Z-pictures\/P1040828_banner.JPG\" alt=\"\" align=\"left\" hspace=\"0\" vspace=\"0\" \/><\/p>\n<p>Die Resurgenzen eines gro\u00dfen Teiles des westlichen Toten Gebirges liegen versteckt im Altausseer See, tief unter dem Seespiegel. Es handelt sich dabei um mehrere unbefahrbare Quellaustritte mit beachtlicher Sch\u00fcttung.<br \/>\nBei starkem Hochwasser werden aber auch zwei Wasserh\u00f6hlen n\u00f6rdlich der Seewiese aktiv, die altbekannte Liager H\u00f6hle und die erst 1993 entdeckte Kugelm\u00fchle. Dann wird das Wasser bis zu 90 m hoch r\u00fcckgestaut und mit Get\u00f6se aus dem Berg gepresst.<br \/>\nAus mehreren &#8222;Speil\u00f6chern&#8220; k\u00f6nnen dann enorme Wassermassen austreten, was rasch einen beachtlichen Anstieg des Seespiegels des Altausseer Sees bewirkt.<br \/>\nIm Zuge dieses Projektes soll versucht werden, einen Zugang zu diesem m\u00e4chtigen, unterirdischen Wasserlauf zu finden.<\/p>\n<p><strong><a href=\"http:\/\/www.hoehle.at\/wordpress\/hohlentauchen\/projekt-altaussee-aquifer\/kugelmuhle\/\">Kugelm\u00fchle<\/a><\/strong><\/p>\n<p><strong><a href=\"http:\/\/www.hoehle.at\/wordpress\/hohlentauchen\/projekt-altaussee-aquifer\/liager-hohle\/\">Liager-H\u00f6hle<\/a><\/strong><\/p>\n<p><a href=\"http:\/\/www.hoehle.at\/wordpress\/hohlentauchen\/projekt-altaussee-aquifer\/\">zur\u00fcck zu Projekt Altaussee-Aquifer<\/a><\/p>\n<p>Aktuelle Informationen \u00fcber die laufenden Forschungen findet man im <a href=\"http:\/\/vho-caving-news.blogspot.com\/\">Forschungsblog.<\/a><\/p>\n<p>&nbsp;<\/p>\n","protected":false},"excerpt":{"rendered":"<p>(Liager H\u00f6hle und Kugelm\u00fchle) Kat.Nr.: 1623 Die Resurgenzen eines gro\u00dfen Teiles des westlichen Toten Gebirges liegen versteckt im Altausseer See, tief unter dem Seespiegel. Es handelt sich dabei um mehrere unbefahrbare Quellaustritte mit beachtlicher Sch\u00fcttung. Bei starkem Hochwasser werden aber &hellip; <a href=\"http:\/\/www.hoehle.at\/wordpress\/hohlentauchen\/projekt-altaussee-aquifer\/\">Weiterlesen <span class=\"meta-nav\">&rarr;<\/span><\/a><\/p>\n","protected":false},"author":2,"featured_media":0,"parent":72,"menu_order":0,"comment_status":"closed","ping_status":"closed","template":"","meta":{"footnotes":""},"_links":{"self":[{"href":"http:\/\/www.hoehle.at\/wordpress\/wp-json\/wp\/v2\/pages\/79"}],"collection":[{"href":"http:\/\/www.hoehle.at\/wordpress\/wp-json\/wp\/v2\/pages"}],"about":[{"href":"http:\/\/www.hoehle.at\/wordpress\/wp-json\/wp\/v2\/types\/page"}],"author":[{"embeddable":true,"href":"http:\/\/www.hoehle.at\/wordpress\/wp-json\/wp\/v2\/users\/2"}],"replies":[{"embeddable":true,"href":"http:\/\/www.hoehle.at\/wordpress\/wp-json\/wp\/v2\/comments?post=79"}],"version-history":[{"count":6,"href":"http:\/\/www.hoehle.at\/wordpress\/wp-json\/wp\/v2\/pages\/79\/revisions"}],"predecessor-version":[{"id":1007,"href":"http:\/\/www.hoehle.at\/wordpress\/wp-json\/wp\/v2\/pages\/79\/revisions\/1007"}],"up":[{"embeddable":true,"href":"http:\/\/www.hoehle.at\/wordpress\/wp-json\/wp\/v2\/pages\/72"}],"wp:attachment":[{"href":"http:\/\/www.hoehle.at\/wordpress\/wp-json\/wp\/v2\/media?parent=79"}],"curies":[{"name":"wp","href":"https:\/\/api.w.org\/{rel}","templated":true}]}}