{"id":81,"date":"2013-09-09T22:08:23","date_gmt":"2013-09-09T21:08:23","guid":{"rendered":"http:\/\/www.hoehle.at\/wordpress\/?page_id=81"},"modified":"2013-09-10T10:50:39","modified_gmt":"2013-09-10T09:50:39","slug":"liager-hohle","status":"publish","type":"page","link":"http:\/\/www.hoehle.at\/wordpress\/hohlentauchen\/projekt-altaussee-aquifer\/liager-hohle\/","title":{"rendered":"Liager-H\u00f6hle"},"content":{"rendered":"<div>\n<div>\n<p>Liager (Projekt Altaussee-Aquifer)<\/p>\n<p>Kat.Nr.: 1623\/1<\/p>\n<p><b>Seeh\u00f6he: 784 m <\/b><\/p>\n<p><b>Sch\u00fcttung: 0 l\/s -ca 15.000 l\/s <\/b><\/p>\n<p><b>Wassertemperatur: \u00a0ca. 6\u00b0C<\/b><\/p>\n<p>GL: 306 m<\/p>\n<p>GH: +- 71 m (+20 m Tauchgang) 91 m<\/p>\n<p><img decoding=\"async\" alt=\"\" src=\"http:\/\/www.hoehle.at\/homepage\/Z-pictures\/Liager.jpg\" align=\"left\" hspace=\"0\" vspace=\"0\" \/>Die Liager H\u00f6hle ist altbekannt. Bereits Erzherzog Johann erw\u00e4hnte die H\u00f6hle in seinem Tagebuch.<br \/>\nErste Forschugen und Vermessungen fanden in den 1930-er Jahren statt. Im Sommer 1960 unternahmen die H\u00f6hlentauch-Pionierte Jochen Hasenmayer und Hans Matz erste Tauchg\u00e4nge in diser H\u00f6lhe.<br \/>\nMehrere Tauchg\u00e4nge von Achim Bayer und Michael Meyberg im Jahre 1988 im Endsse bringen keine befahrbare Fortsetzung zu Tage.<br \/>\nIm Herbst 2012 wurden die Teile hinter den Siphonen von Heidrun Andr\u00e9 und Robert Seebacher vollst\u00e4ndig vermessen. Die Erkletterung eines 20 m hohen Schlotes hinter dem gro\u00dfen See erbrachte leider keine gr\u00f6\u00dferen Fortsetzungen.<br \/>\nAktuelle Informationen \u00fcber die laufenden Forschungen findet man im <a href=\"http:\/\/vho-caving-news.blogspot.com\/\">Forschungsblog.<\/a><\/p>\n<\/div>\n<\/div>\n","protected":false},"excerpt":{"rendered":"<p>Liager (Projekt Altaussee-Aquifer) Kat.Nr.: 1623\/1 Seeh\u00f6he: 784 m Sch\u00fcttung: 0 l\/s -ca 15.000 l\/s Wassertemperatur: \u00a0ca. 6\u00b0C GL: 306 m GH: +- 71 m (+20 m Tauchgang) 91 m Die Liager H\u00f6hle ist altbekannt. Bereits Erzherzog Johann erw\u00e4hnte die H\u00f6hle &hellip; <a href=\"http:\/\/www.hoehle.at\/wordpress\/hohlentauchen\/projekt-altaussee-aquifer\/liager-hohle\/\">Weiterlesen <span class=\"meta-nav\">&rarr;<\/span><\/a><\/p>\n","protected":false},"author":2,"featured_media":0,"parent":79,"menu_order":0,"comment_status":"closed","ping_status":"closed","template":"","meta":{"footnotes":""},"_links":{"self":[{"href":"http:\/\/www.hoehle.at\/wordpress\/wp-json\/wp\/v2\/pages\/81"}],"collection":[{"href":"http:\/\/www.hoehle.at\/wordpress\/wp-json\/wp\/v2\/pages"}],"about":[{"href":"http:\/\/www.hoehle.at\/wordpress\/wp-json\/wp\/v2\/types\/page"}],"author":[{"embeddable":true,"href":"http:\/\/www.hoehle.at\/wordpress\/wp-json\/wp\/v2\/users\/2"}],"replies":[{"embeddable":true,"href":"http:\/\/www.hoehle.at\/wordpress\/wp-json\/wp\/v2\/comments?post=81"}],"version-history":[{"count":4,"href":"http:\/\/www.hoehle.at\/wordpress\/wp-json\/wp\/v2\/pages\/81\/revisions"}],"predecessor-version":[{"id":114,"href":"http:\/\/www.hoehle.at\/wordpress\/wp-json\/wp\/v2\/pages\/81\/revisions\/114"}],"up":[{"embeddable":true,"href":"http:\/\/www.hoehle.at\/wordpress\/wp-json\/wp\/v2\/pages\/79"}],"wp:attachment":[{"href":"http:\/\/www.hoehle.at\/wordpress\/wp-json\/wp\/v2\/media?parent=81"}],"curies":[{"name":"wp","href":"https:\/\/api.w.org\/{rel}","templated":true}]}}