{"id":828,"date":"2014-04-11T21:40:19","date_gmt":"2014-04-11T20:40:19","guid":{"rendered":"http:\/\/www.hoehle.at\/wordpress\/?page_id=828"},"modified":"2018-09-22T20:39:13","modified_gmt":"2018-09-22T19:39:13","slug":"schnittlamoos-ponor","status":"publish","type":"page","link":"http:\/\/www.hoehle.at\/wordpress\/forschung\/projekt-tauplitzalm-tiefenbach\/schnittlamoos-ponor\/","title":{"rendered":"Schnittlamoos-Ponor (1622\/55)"},"content":{"rendered":"<p style=\"text-align: justify;\">Der Schnittlamoos-Ponor befindet sich im Polje n\u00f6rdlich des Hollhauses auf einer Seeh\u00f6he von 1589 m. Der Abfluss des Krallersees und s\u00e4mtliches Obefl\u00e4chenwasser des Karsttales verschwinden in diesem Schluckloch. Bei Triftversuchen in den 1950er-Jahren wurde eine direkte Verbindung zur mehr als 3,7 km entfernten <a href=\"http:\/\/www.hoehle.at\/wordpress\/forschung\/projekt-tauplitzalm-tiefenbach\/sagtuempel-162260\/\">Sagt\u00fcmpelquelle<\/a> nachgewiesen. Seit 2010 werden in unregelm\u00e4\u00dfigen Abst\u00e4nden R\u00e4umarbeiten an einer bewetterten Stelle oberhalb der Schwinde durchgef\u00fchrt.<\/p>\n<p><img loading=\"lazy\" decoding=\"async\" class=\"aligncenter size-full wp-image-829\" src=\"http:\/\/www.hoehle.at\/wordpress\/wp-content\/uploads\/2014\/04\/comp_P1010632.jpg\" alt=\"comp_P1010632\" width=\"1000\" height=\"562\" srcset=\"http:\/\/www.hoehle.at\/wordpress\/wp-content\/uploads\/2014\/04\/comp_P1010632.jpg 1000w, http:\/\/www.hoehle.at\/wordpress\/wp-content\/uploads\/2014\/04\/comp_P1010632-300x168.jpg 300w, http:\/\/www.hoehle.at\/wordpress\/wp-content\/uploads\/2014\/04\/comp_P1010632-500x281.jpg 500w\" sizes=\"(max-width: 1000px) 100vw, 1000px\" \/><\/p>\n<p><strong>Forschungsstand (09\/2018):<\/strong><\/p>\n<p><strong>Gesamtl\u00e4nge:\u00a0 \u00a0 \u00a0 \u00a0 \u00a0 5 m<\/strong><\/p>\n<p><strong>Niveaudifferenz:\u00a0 \u00a0 &#8211; 4 m<\/strong><\/p>\n<p><a style=\"color: #1b8be0;\" href=\"http:\/\/www.hoehle.at\/wordpress\/forschung\/projekt-tauplitzalm-tiefenbach\/\">zur\u00fcck zu Projekt Tauplitzalm-Tiefenbach<\/a><\/p>\n","protected":false},"excerpt":{"rendered":"<p>Der Schnittlamoos-Ponor befindet sich im Polje n\u00f6rdlich des Hollhauses auf einer Seeh\u00f6he von 1589 m. Der Abfluss des Krallersees und s\u00e4mtliches Obefl\u00e4chenwasser des Karsttales verschwinden in diesem Schluckloch. Bei Triftversuchen in den 1950er-Jahren wurde eine direkte Verbindung zur mehr als &hellip; <a href=\"http:\/\/www.hoehle.at\/wordpress\/forschung\/projekt-tauplitzalm-tiefenbach\/schnittlamoos-ponor\/\">Weiterlesen <span class=\"meta-nav\">&rarr;<\/span><\/a><\/p>\n","protected":false},"author":2,"featured_media":0,"parent":63,"menu_order":2,"comment_status":"closed","ping_status":"closed","template":"","meta":{"footnotes":""},"_links":{"self":[{"href":"http:\/\/www.hoehle.at\/wordpress\/wp-json\/wp\/v2\/pages\/828"}],"collection":[{"href":"http:\/\/www.hoehle.at\/wordpress\/wp-json\/wp\/v2\/pages"}],"about":[{"href":"http:\/\/www.hoehle.at\/wordpress\/wp-json\/wp\/v2\/types\/page"}],"author":[{"embeddable":true,"href":"http:\/\/www.hoehle.at\/wordpress\/wp-json\/wp\/v2\/users\/2"}],"replies":[{"embeddable":true,"href":"http:\/\/www.hoehle.at\/wordpress\/wp-json\/wp\/v2\/comments?post=828"}],"version-history":[{"count":13,"href":"http:\/\/www.hoehle.at\/wordpress\/wp-json\/wp\/v2\/pages\/828\/revisions"}],"predecessor-version":[{"id":1482,"href":"http:\/\/www.hoehle.at\/wordpress\/wp-json\/wp\/v2\/pages\/828\/revisions\/1482"}],"up":[{"embeddable":true,"href":"http:\/\/www.hoehle.at\/wordpress\/wp-json\/wp\/v2\/pages\/63"}],"wp:attachment":[{"href":"http:\/\/www.hoehle.at\/wordpress\/wp-json\/wp\/v2\/media?parent=828"}],"curies":[{"name":"wp","href":"https:\/\/api.w.org\/{rel}","templated":true}]}}