{"id":84,"date":"2013-09-09T22:09:22","date_gmt":"2013-09-09T21:09:22","guid":{"rendered":"http:\/\/www.hoehle.at\/wordpress\/?page_id=84"},"modified":"2020-01-27T20:25:38","modified_gmt":"2020-01-27T19:25:38","slug":"kugelmuhle","status":"publish","type":"page","link":"http:\/\/www.hoehle.at\/wordpress\/hohlentauchen\/projekt-altaussee-aquifer\/kugelmuhle\/","title":{"rendered":"Kugelm\u00fchle"},"content":{"rendered":"<p><img decoding=\"async\" src=\"http:\/\/www.hoehle.at\/homepage\/Z-pictures\/P1040755-800.JPG\" alt=\"\" align=\"left\" hspace=\"0\" vspace=\"0\" \/><\/p>\n<p>(Projekt Altaussee-Aquifer)<\/p>\n<p>Kat.Nr.: 1623\/221<\/p>\n<p><b>Seeh\u00f6he: 805 m <\/b><\/p>\n<p><b>Sch\u00fcttung: 0 l\/s -ca 10.000 l\/s <\/b><\/p>\n<p><b>Wassertemperatur: \u00a0ca. 6\u00b0C<\/b><\/p>\n<p>GL: 228 m (35 m unter Wasser)<\/p>\n<p>GH: +- 109,2 m (+ 2,6 m\/ -106,6 m)<\/p>\n<p>Die Kugelm\u00fchle wurde im Jahre 1993 entdeckt. Die erste Erforschung erfolgte 1995, wo bis zu einem Siphon vorgedrungen werden konnte. Bei einer Tour im Jahre 1998 musste festgestellt werden, dass die H\u00f6hle in 17 m Tiefe nun durch einen Versturz vollkommen blockiert ist.<img decoding=\"async\" src=\"http:\/\/www.hoehle.at\/homepage\/Z-pictures\/PA224503_800.JPG\" alt=\"\" align=\"right\" hspace=\"0\" vspace=\"0\" \/><\/p>\n<p>&nbsp;<\/p>\n<p>Erst im Herbst 2010 gelang es dieses Hindernis wieder zu entfernen. Bei der anschlie\u00dfenden Befahrung gelang es \u00a0 bis zum Siphon vorzudringen, welcher sich bei Niedrigstwasserstand auf H\u00f6he des Altausseer Sees befindet.<br \/>\nMehrere Tauchg\u00e4nge im Winter 2012\/2013 durch Peter Jeutter und Robert Seebacher erbrachten eine L\u00e4nge \u00a0 des Stratos-Siphons von bisher 35 m bei einer maximalen Wassertiefe von 14 m.<br \/>\nDort stoppte leider eine sehr enge, senkrecht nach unten f\u00fchrenden Spalte die bisherigen Vorst\u00f6\u00dfe. Die Erforschung der Unterwasserstrecke ist sehr schwierig, da starke Eintr\u00fcbung die Sicht in k\u00fcrzester Zeit auf Null sinken l\u00e4sst. Aufgrund der fehlenden Str\u00f6mung ist nach einem Tauchgang l\u00e4ngere Zeit keine Verbesserung der Sichtbedingungen gegeben.<\/p>\n<p><a href=\"http:\/\/www.hoehle.at\/wordpress\/wp-content\/uploads\/2013\/09\/RS_P1050409.jpg\"><img loading=\"lazy\" decoding=\"async\" class=\"aligncenter size-full wp-image-1009\" src=\"http:\/\/www.hoehle.at\/wordpress\/wp-content\/uploads\/2013\/09\/RS_P1050409.jpg\" alt=\"RS_P1050409\" width=\"1000\" height=\"667\" srcset=\"http:\/\/www.hoehle.at\/wordpress\/wp-content\/uploads\/2013\/09\/RS_P1050409.jpg 1000w, http:\/\/www.hoehle.at\/wordpress\/wp-content\/uploads\/2013\/09\/RS_P1050409-300x200.jpg 300w, http:\/\/www.hoehle.at\/wordpress\/wp-content\/uploads\/2013\/09\/RS_P1050409-449x300.jpg 449w\" sizes=\"(max-width: 1000px) 100vw, 1000px\" \/><\/a><\/p>\n<p><strong><a href=\"http:\/\/www.hoehle.at\/wordpress\/wp-content\/uploads\/2013\/09\/Kugelm\u00fchle03_2013.pdf\">Kugelm\u00fchle_Plan<\/a><br \/>\n<\/strong><\/p>\n<p><a style=\"color: #1b8be0;\" href=\"http:\/\/www.hoehle.at\/wordpress\/hohlentauchen\/projekt-altaussee-aquifer\/\">zur\u00fcck zu Projekt Altaussee-Aquifer<\/a><\/p>\n","protected":false},"excerpt":{"rendered":"<p>(Projekt Altaussee-Aquifer) Kat.Nr.: 1623\/221 Seeh\u00f6he: 805 m Sch\u00fcttung: 0 l\/s -ca 10.000 l\/s Wassertemperatur: \u00a0ca. 6\u00b0C GL: 228 m (35 m unter Wasser) GH: +- 109,2 m (+ 2,6 m\/ -106,6 m) Die Kugelm\u00fchle wurde im Jahre 1993 entdeckt. Die &hellip; <a href=\"http:\/\/www.hoehle.at\/wordpress\/hohlentauchen\/projekt-altaussee-aquifer\/kugelmuhle\/\">Weiterlesen <span class=\"meta-nav\">&rarr;<\/span><\/a><\/p>\n","protected":false},"author":2,"featured_media":0,"parent":79,"menu_order":0,"comment_status":"closed","ping_status":"closed","template":"","meta":{"footnotes":""},"_links":{"self":[{"href":"http:\/\/www.hoehle.at\/wordpress\/wp-json\/wp\/v2\/pages\/84"}],"collection":[{"href":"http:\/\/www.hoehle.at\/wordpress\/wp-json\/wp\/v2\/pages"}],"about":[{"href":"http:\/\/www.hoehle.at\/wordpress\/wp-json\/wp\/v2\/types\/page"}],"author":[{"embeddable":true,"href":"http:\/\/www.hoehle.at\/wordpress\/wp-json\/wp\/v2\/users\/2"}],"replies":[{"embeddable":true,"href":"http:\/\/www.hoehle.at\/wordpress\/wp-json\/wp\/v2\/comments?post=84"}],"version-history":[{"count":8,"href":"http:\/\/www.hoehle.at\/wordpress\/wp-json\/wp\/v2\/pages\/84\/revisions"}],"predecessor-version":[{"id":1805,"href":"http:\/\/www.hoehle.at\/wordpress\/wp-json\/wp\/v2\/pages\/84\/revisions\/1805"}],"up":[{"embeddable":true,"href":"http:\/\/www.hoehle.at\/wordpress\/wp-json\/wp\/v2\/pages\/79"}],"wp:attachment":[{"href":"http:\/\/www.hoehle.at\/wordpress\/wp-json\/wp\/v2\/media?parent=84"}],"curies":[{"name":"wp","href":"https:\/\/api.w.org\/{rel}","templated":true}]}}