{"id":891,"date":"2014-09-05T17:21:15","date_gmt":"2014-09-05T16:21:15","guid":{"rendered":"http:\/\/www.hoehle.at\/wordpress\/?page_id=891"},"modified":"2018-06-10T10:14:37","modified_gmt":"2018-06-10T09:14:37","slug":"hochklammhoehle-162262","status":"publish","type":"page","link":"http:\/\/www.hoehle.at\/wordpress\/forschung\/projekt-tauplitzalm-tiefenbach\/hochklammhoehle-162262\/","title":{"rendered":"Hochklammh\u00f6hle (1622\/62)"},"content":{"rendered":"<p style=\"text-align: justify;\">Der sehr unscheinbare Eingang der Hochklammh\u00f6hle liegt im Bereich des Plateaurandes auf einer Seeh\u00f6he von 1609 m.<\/p>\n<div id=\"attachment_892\" style=\"width: 1210px\" class=\"wp-caption aligncenter\"><a href=\"http:\/\/www.hoehle.at\/wordpress\/wp-content\/uploads\/2014\/09\/VHO_K_5P4192.jpg\"><img loading=\"lazy\" decoding=\"async\" aria-describedby=\"caption-attachment-892\" class=\"wp-image-892 size-full\" src=\"http:\/\/www.hoehle.at\/wordpress\/wp-content\/uploads\/2014\/09\/VHO_K_5P4192.jpg\" alt=\"VHO_K_5P4192\" width=\"1200\" height=\"795\" srcset=\"http:\/\/www.hoehle.at\/wordpress\/wp-content\/uploads\/2014\/09\/VHO_K_5P4192.jpg 1200w, http:\/\/www.hoehle.at\/wordpress\/wp-content\/uploads\/2014\/09\/VHO_K_5P4192-300x198.jpg 300w, http:\/\/www.hoehle.at\/wordpress\/wp-content\/uploads\/2014\/09\/VHO_K_5P4192-1024x678.jpg 1024w, http:\/\/www.hoehle.at\/wordpress\/wp-content\/uploads\/2014\/09\/VHO_K_5P4192-452x300.jpg 452w\" sizes=\"(max-width: 1200px) 100vw, 1200px\" \/><\/a><p id=\"caption-attachment-892\" class=\"wp-caption-text\">Der Eingang liegt sehr versteckt am Plateaurand der Tauplitzalm.<\/p><\/div>\n<p style=\"text-align: justify;\">Eine erste Erforschung fand am 04.09.2014 statt. Dabei gelang es auf Anhieb 146 m bis in eine Tiefe von 46 m zu vermessen. Es bestehen mehrere Fortsetzungen.<\/p>\n<div id=\"attachment_893\" style=\"width: 1210px\" class=\"wp-caption alignnone\"><a href=\"http:\/\/www.hoehle.at\/wordpress\/wp-content\/uploads\/2014\/09\/VHO_K_5P4201a.jpg\"><img loading=\"lazy\" decoding=\"async\" aria-describedby=\"caption-attachment-893\" class=\"wp-image-893 size-full\" src=\"http:\/\/www.hoehle.at\/wordpress\/wp-content\/uploads\/2014\/09\/VHO_K_5P4201a.jpg\" alt=\"VHO_K_5P4201a\" width=\"1200\" height=\"795\" srcset=\"http:\/\/www.hoehle.at\/wordpress\/wp-content\/uploads\/2014\/09\/VHO_K_5P4201a.jpg 1200w, http:\/\/www.hoehle.at\/wordpress\/wp-content\/uploads\/2014\/09\/VHO_K_5P4201a-300x198.jpg 300w, http:\/\/www.hoehle.at\/wordpress\/wp-content\/uploads\/2014\/09\/VHO_K_5P4201a-1024x678.jpg 1024w, http:\/\/www.hoehle.at\/wordpress\/wp-content\/uploads\/2014\/09\/VHO_K_5P4201a-452x300.jpg 452w\" sizes=\"(max-width: 1200px) 100vw, 1200px\" \/><\/a><p id=\"caption-attachment-893\" class=\"wp-caption-text\">Am Grund des 21 m tiefen Einstiegsschachtes beginnt ein ziemlich gro\u00dfr\u00e4umiger Gang.<\/p><\/div>\n<p style=\"text-align: justify;\">Ein stark steinschlaggef\u00e4hrdeter, engr\u00e4umiger, 21 m tiefer Einstiegsschacht m\u00fcndet in einen ger\u00e4umigen Gang. Dieser f\u00fchrt in 2 Richtungen, wobei er Dimensionen von bis zu 10 m Breite und 8 m H\u00f6he annimmt.<\/p>\n<div id=\"attachment_910\" style=\"width: 1010px\" class=\"wp-caption aligncenter\"><a href=\"http:\/\/www.hoehle.at\/wordpress\/wp-content\/uploads\/2014\/09\/VHO_K_5P4213a.jpg\"><img loading=\"lazy\" decoding=\"async\" aria-describedby=\"caption-attachment-910\" class=\"size-full wp-image-910\" src=\"http:\/\/www.hoehle.at\/wordpress\/wp-content\/uploads\/2014\/09\/VHO_K_5P4213a.jpg\" alt=\"In 50 m Tiefe ist ein enger Versturzdurchstieg zu \u00fcberwinden.\" width=\"1000\" height=\"662\" srcset=\"http:\/\/www.hoehle.at\/wordpress\/wp-content\/uploads\/2014\/09\/VHO_K_5P4213a.jpg 1000w, http:\/\/www.hoehle.at\/wordpress\/wp-content\/uploads\/2014\/09\/VHO_K_5P4213a-300x198.jpg 300w, http:\/\/www.hoehle.at\/wordpress\/wp-content\/uploads\/2014\/09\/VHO_K_5P4213a-453x300.jpg 453w\" sizes=\"(max-width: 1000px) 100vw, 1000px\" \/><\/a><p id=\"caption-attachment-910\" class=\"wp-caption-text\">In 50 m Tiefe ist ein enger Versturzdurchstieg zu \u00fcberwinden.<\/p><\/div>\n<p style=\"text-align: justify;\"><strong style=\"font-weight: bold; font-style: inherit; color: inherit;\">Forschungsgeschichte<br style=\"font-weight: inherit; font-style: inherit; color: inherit;\" \/><\/strong><br style=\"font-weight: inherit; font-style: inherit; color: inherit;\" \/><strong style=\"font-weight: bold; font-style: inherit; color: inherit;\">Juni 2014:\u00a0<\/strong>Der Eingang der H\u00f6hle wird im Zuge einer Aufforstungsaktion von einem Tauplitzer Landwirt zuf\u00e4llig entdeckt.<\/p>\n<p style=\"text-align: justify;\"><strong style=\"font-weight: bold; font-style: inherit; color: inherit;\">September 2014:<\/strong>\u00a0Bei einer ersten Forschungstour k\u00f6nnen auf Anhieb 146 m Neuland vermessen werden. Die Niveaudifferenz liegt bereits bei -46 m.<\/p>\n<p style=\"text-align: justify;\">Bei einer weiteren Tour gelang es nach \u00dcberwindung eines Versturzes einen gro\u00dfen weiterf\u00fchrenden Gang zu entdecken. Dieser f\u00fchrt bis in eine Tiefe von 80 m und steigt von dort wieder steil nach oben an. Es konnten weitere 161 m vermessen werden, wodurch sich die Gesamtl\u00e4nge auf 308 m erh\u00f6hte.<\/p>\n<p style=\"text-align: justify;\">Eine dritte Tour bringt die H\u00f6hle auf eine L\u00e4nge von 426 m. Leider endet der gro\u00dfe Hauptgang an einem 5 m breiten Lehmsiphon. Es sind aber noch einige unbearbeitete Fortsetzungen vorhanden.<\/p>\n<p style=\"text-align: justify;\"><strong style=\"font-weight: bold; font-style: inherit; color: inherit;\">April 2015:<\/strong>\u00a0Hinter der Lehmberghalle wird beim bisher tiefsten Punkt der H\u00f6hle ein ca. 30 m langer Gang erklettert. Die Gesamtl\u00e4nge steigt auf 458 m.<\/p>\n<p style=\"text-align: justify;\"><strong style=\"font-weight: bold; font-style: inherit; color: inherit;\">Mai 2016:<\/strong>\u00a0Im End-Lehmsiphon konnte durch eine aufw\u00e4ndige Grabung ca. 2 m weit vorgedrungen werden. Der Lehm ist sehr fest, was die Grabung sehr erschwert.<\/p>\n<p style=\"text-align: justify;\">In einer weiteren Tour kann im Guggendom zu einem Gang aufgeklettert werden. Der anfangs horizontale Kluftgang bricht bald in einen \u00fcber 10 m tiefen Schacht ab. Leider ist der Schachtboden verst\u00fcrzt. Die Gesamtl\u00e4nge steigt auf 492 m.<\/p>\n<p style=\"text-align: justify;\"><strong style=\"font-weight: bold; font-style: inherit; color: inherit;\">Dezember\u00a02016:<\/strong>\u00a0Die Erweiterung einer Engstelle bringt den Zugang zu einer neuen Kammer. Die Vermessung ergibt 24 m, wodurch die Gesamtl\u00e4nge auf 517 m steigt &#8211; die Hochklammh\u00f6hle ist somit die 2. Gro\u00dfh\u00f6hle am Tauplitzalmplateau.<\/p>\n<p style=\"text-align: justify;\">Am Ende der Tour gelingt es \u00fcberraschend eine Fortsetzung zu entdecken. Ein teilweise enger Canyon m\u00fcndet in einen \u00fcber 100 m langen, ger\u00e4umigen Gang. Mehrere Fortsetzungen vorhanden.<\/p>\n<p style=\"text-align: justify;\"><strong style=\"font-weight: bold; font-style: inherit; color: inherit;\">Februar 2017:<\/strong>\u00a0Die Vermessung des neuen Ganges erbringt 152 m, wodurch die Gesamtl\u00e4nge auf 668 m klettert.<\/p>\n<div id=\"attachment_911\" style=\"width: 1010px\" class=\"wp-caption aligncenter\"><a href=\"http:\/\/www.hoehle.at\/wordpress\/wp-content\/uploads\/2014\/09\/VHO_K_5P4219.jpg\"><img loading=\"lazy\" decoding=\"async\" aria-describedby=\"caption-attachment-911\" class=\"size-full wp-image-911\" src=\"http:\/\/www.hoehle.at\/wordpress\/wp-content\/uploads\/2014\/09\/VHO_K_5P4219.jpg\" alt=\"Die bisher gr\u00f6\u00dfte Halle der H\u00f6hle in rund 75 m Tiefe.\" width=\"1000\" height=\"662\" srcset=\"http:\/\/www.hoehle.at\/wordpress\/wp-content\/uploads\/2014\/09\/VHO_K_5P4219.jpg 1000w, http:\/\/www.hoehle.at\/wordpress\/wp-content\/uploads\/2014\/09\/VHO_K_5P4219-300x198.jpg 300w, http:\/\/www.hoehle.at\/wordpress\/wp-content\/uploads\/2014\/09\/VHO_K_5P4219-453x300.jpg 453w\" sizes=\"(max-width: 1000px) 100vw, 1000px\" \/><\/a><p id=\"caption-attachment-911\" class=\"wp-caption-text\">Die bisher gr\u00f6\u00dfte Halle der H\u00f6hle in rund 75 m Tiefe.<\/p><\/div>\n<p><strong style=\"font-weight: bold; font-style: inherit; color: inherit;\">Forschungsstand (12.02.2017):<\/strong><\/p>\n<p><strong style=\"font-weight: bold; font-style: inherit; color: inherit;\">Vermessene Gesamtl\u00e4nge: \u00a0 \u00a0 \u00a0 \u00a0 \u00a0 \u00a0 \u00a0 \u00a0 \u00a0 \u00a0668 m<\/strong><\/p>\n<p><strong style=\"font-weight: bold; font-style: inherit; color: inherit;\">Niveaudifferenz: \u00a0 \u00a0 \u00a0 \u00a0 \u00a0 \u00a0 \u00a0 \u00a0 \u00a0 \u00a0 \u00a0 \u00a0 \u00a0 \u00a0 \u00a0 \u00a0 \u00a0 \u00a0 \u00a0-79 m<\/strong><\/p>\n<p><strong style=\"font-weight: bold; font-style: inherit; color: inherit;\">Horizontalerstreckung: \u00a0 \u00a0 \u00a0 \u00a0 \u00a0 \u00a0 \u00a0 \u00a0 \u00a0 \u00a0 \u00a0 \u00a0 \u00a0139 m<\/strong><\/p>\n<p><a style=\"color: #1b8be0;\" href=\"http:\/\/www.hoehle.at\/wordpress\/forschung\/projekt-tauplitzalm-tiefenbach\/\">zur\u00fcck zu Projekt Tauplitzalm-Tiefenbach<\/a><\/p>\n","protected":false},"excerpt":{"rendered":"<p>Der sehr unscheinbare Eingang der Hochklammh\u00f6hle liegt im Bereich des Plateaurandes auf einer Seeh\u00f6he von 1609 m. Eine erste Erforschung fand am 04.09.2014 statt. Dabei gelang es auf Anhieb 146 m bis in eine Tiefe von 46 m zu vermessen. &hellip; <a href=\"http:\/\/www.hoehle.at\/wordpress\/forschung\/projekt-tauplitzalm-tiefenbach\/hochklammhoehle-162262\/\">Weiterlesen <span class=\"meta-nav\">&rarr;<\/span><\/a><\/p>\n","protected":false},"author":2,"featured_media":0,"parent":63,"menu_order":4,"comment_status":"closed","ping_status":"closed","template":"","meta":{"footnotes":""},"_links":{"self":[{"href":"http:\/\/www.hoehle.at\/wordpress\/wp-json\/wp\/v2\/pages\/891"}],"collection":[{"href":"http:\/\/www.hoehle.at\/wordpress\/wp-json\/wp\/v2\/pages"}],"about":[{"href":"http:\/\/www.hoehle.at\/wordpress\/wp-json\/wp\/v2\/types\/page"}],"author":[{"embeddable":true,"href":"http:\/\/www.hoehle.at\/wordpress\/wp-json\/wp\/v2\/users\/2"}],"replies":[{"embeddable":true,"href":"http:\/\/www.hoehle.at\/wordpress\/wp-json\/wp\/v2\/comments?post=891"}],"version-history":[{"count":15,"href":"http:\/\/www.hoehle.at\/wordpress\/wp-json\/wp\/v2\/pages\/891\/revisions"}],"predecessor-version":[{"id":1454,"href":"http:\/\/www.hoehle.at\/wordpress\/wp-json\/wp\/v2\/pages\/891\/revisions\/1454"}],"up":[{"embeddable":true,"href":"http:\/\/www.hoehle.at\/wordpress\/wp-json\/wp\/v2\/pages\/63"}],"wp:attachment":[{"href":"http:\/\/www.hoehle.at\/wordpress\/wp-json\/wp\/v2\/media?parent=891"}],"curies":[{"name":"wp","href":"https:\/\/api.w.org\/{rel}","templated":true}]}}