{"id":94,"date":"2013-09-09T22:13:33","date_gmt":"2013-09-09T21:13:33","guid":{"rendered":"http:\/\/www.hoehle.at\/wordpress\/?page_id=94"},"modified":"2020-01-26T23:12:15","modified_gmt":"2020-01-26T22:12:15","slug":"bachschlag","status":"publish","type":"page","link":"http:\/\/www.hoehle.at\/wordpress\/hohlentauchen\/bachschlag\/","title":{"rendered":"Bachschl\u00e4g"},"content":{"rendered":"<p><a href=\"http:\/\/www.hoehle.at\/wordpress\/wp-content\/uploads\/2013\/09\/PR1625P9183055.jpg\"><img loading=\"lazy\" decoding=\"async\" class=\"aligncenter size-full wp-image-986\" src=\"http:\/\/www.hoehle.at\/wordpress\/wp-content\/uploads\/2013\/09\/PR1625P9183055.jpg\" alt=\"OLYMPUS DIGITAL CAMERA\" width=\"933\" height=\"700\" srcset=\"http:\/\/www.hoehle.at\/wordpress\/wp-content\/uploads\/2013\/09\/PR1625P9183055.jpg 933w, http:\/\/www.hoehle.at\/wordpress\/wp-content\/uploads\/2013\/09\/PR1625P9183055-300x225.jpg 300w, http:\/\/www.hoehle.at\/wordpress\/wp-content\/uploads\/2013\/09\/PR1625P9183055-399x300.jpg 399w\" sizes=\"(max-width: 933px) 100vw, 933px\" \/><\/a><\/p>\n<p><strong><strong>Kat.Nr.: 1623\/7<\/strong><\/strong><\/p>\n<p>Die Quellh\u00f6hle Bachschl\u00e4g liegt am Fu\u00dfe des Losers und ist ganzj\u00e4hrig aktiv. Bei einer Forschungsfahrt im September 2009 konnten von Ernest Geyer und Robert Seebacher 2 Siphone \u00fcberwunden werden. Die H\u00f6hle wurde dabei auf eine L\u00e4nge von 35 m vermessen.<\/p>\n<p><strong><a href=\"http:\/\/vho-caving-news.blogspot.co.at\/search\/label\/Bachschl%C3%A4g\">Erforschung der Karstquelle Bachschl\u00e4g am Loser.<\/a><\/strong><\/p>\n<p><strong><a href=\"http:\/\/www.hoehle.at\/wordpress\/wp-content\/uploads\/2013\/09\/Bachschl\u00e4g09-2009.pdf\">Bachschl\u00e4g_Plan<\/a><br \/>\n<\/strong><\/p>\n<p><a href=\"http:\/\/www.hoehle.at\/wordpress\/wp-content\/uploads\/2013\/09\/PR1625P9180398.jpg\"><img loading=\"lazy\" decoding=\"async\" class=\"aligncenter size-full wp-image-988\" src=\"http:\/\/www.hoehle.at\/wordpress\/wp-content\/uploads\/2013\/09\/PR1625P9180398.jpg\" alt=\"OLYMPUS DIGITAL CAMERA\" width=\"933\" height=\"700\" srcset=\"http:\/\/www.hoehle.at\/wordpress\/wp-content\/uploads\/2013\/09\/PR1625P9180398.jpg 933w, http:\/\/www.hoehle.at\/wordpress\/wp-content\/uploads\/2013\/09\/PR1625P9180398-300x225.jpg 300w, http:\/\/www.hoehle.at\/wordpress\/wp-content\/uploads\/2013\/09\/PR1625P9180398-399x300.jpg 399w\" sizes=\"(max-width: 933px) 100vw, 933px\" \/><\/a><br \/>\nAktuelle Informationen \u00fcber die laufenden Forschungen findet man im <a href=\"http:\/\/vho-caving-news.blogspot.com\/\">Forschungsblog.<\/a><\/p>\n<p>&nbsp;<\/p>\n","protected":false},"excerpt":{"rendered":"<p>Kat.Nr.: 1623\/7 Die Quellh\u00f6hle Bachschl\u00e4g liegt am Fu\u00dfe des Losers und ist ganzj\u00e4hrig aktiv. Bei einer Forschungsfahrt im September 2009 konnten von Ernest Geyer und Robert Seebacher 2 Siphone \u00fcberwunden werden. Die H\u00f6hle wurde dabei auf eine L\u00e4nge von 35 &hellip; <a href=\"http:\/\/www.hoehle.at\/wordpress\/hohlentauchen\/bachschlag\/\">Weiterlesen <span class=\"meta-nav\">&rarr;<\/span><\/a><\/p>\n","protected":false},"author":2,"featured_media":0,"parent":72,"menu_order":0,"comment_status":"closed","ping_status":"closed","template":"","meta":{"footnotes":""},"_links":{"self":[{"href":"http:\/\/www.hoehle.at\/wordpress\/wp-json\/wp\/v2\/pages\/94"}],"collection":[{"href":"http:\/\/www.hoehle.at\/wordpress\/wp-json\/wp\/v2\/pages"}],"about":[{"href":"http:\/\/www.hoehle.at\/wordpress\/wp-json\/wp\/v2\/types\/page"}],"author":[{"embeddable":true,"href":"http:\/\/www.hoehle.at\/wordpress\/wp-json\/wp\/v2\/users\/2"}],"replies":[{"embeddable":true,"href":"http:\/\/www.hoehle.at\/wordpress\/wp-json\/wp\/v2\/comments?post=94"}],"version-history":[{"count":4,"href":"http:\/\/www.hoehle.at\/wordpress\/wp-json\/wp\/v2\/pages\/94\/revisions"}],"predecessor-version":[{"id":1802,"href":"http:\/\/www.hoehle.at\/wordpress\/wp-json\/wp\/v2\/pages\/94\/revisions\/1802"}],"up":[{"embeddable":true,"href":"http:\/\/www.hoehle.at\/wordpress\/wp-json\/wp\/v2\/pages\/72"}],"wp:attachment":[{"href":"http:\/\/www.hoehle.at\/wordpress\/wp-json\/wp\/v2\/media?parent=94"}],"curies":[{"name":"wp","href":"https:\/\/api.w.org\/{rel}","templated":true}]}}